{"id":543,"date":"2020-11-18T13:47:41","date_gmt":"2020-11-18T12:47:41","guid":{"rendered":"http:\/\/claudiabirkholz.de\/?page_id=543"},"modified":"2020-12-22T17:17:27","modified_gmt":"2020-12-22T16:17:27","slug":"impressum","status":"publish","type":"page","link":"https:\/\/portfolio.yd-media.de\/birkholz\/impressum\/","title":{"rendered":"Impressum"},"content":{"rendered":"<section class=\"wpb-content-wrapper\"><p>[vc_row full_width=&#8220;stretch_row&#8220; full_height=&#8220;yes&#8220; columns_placement=&#8220;top&#8220; css=&#8220;.vc_custom_1608631457516{background-color: #ffffff !important;}&#8220;][vc_column]<div class=\"ult-spacer spacer-69d50da8e4127\" data-id=\"69d50da8e4127\" data-height=\"50\" data-height-mobile=\"50\" data-height-tab=\"50\" data-height-tab-portrait=\"\" data-height-mobile-landscape=\"\" style=\"clear:both;display:block;\"><\/div>[vc_column_text]<\/p>\n<h1>Impressum<\/h1>\n<p>Angaben gem\u00e4\u00df \u00a7 5 TMG:<br \/>\nClaudia Janet Birkholz<br \/>\nBleicherstra\u00dfe 26<br \/>\n28203 Bremen<br \/>\nKontakt: management@claudia-birkholz.de<\/p>\n<p>Keine Abmahnung ohne vorherigen Kontakt!<\/p>\n<p>Verantwortlich f\u00fcr den Inhalt lt. Paragraph 55 Abs. 2 RStV:<br \/>\nClaudia Birkholz, Kontakt und Anschrift s. o.<br \/>\nSteuernummer: 45 073 892 811[\/vc_column_text][vc_column_text]<\/p>\n<h2>Urheberrecht<\/h2>\n<p>Die durch die Seitenbetreiber erstellten Inhalte und Werke auf diesen Seiten unterliegen dem deutschen Urheberrecht. Die Vervielf\u00e4ltigung, Bearbeitung, Verbreitung und jede Art der Verwertung au\u00dferhalb der Grenzen des Urheberrechtes bed\u00fcrfen der schriftlichen Zustimmung des jeweiligen Autors bzw. Erstellers. Downloads und Kopien dieser Seite sind nur f\u00fcr den privaten, nicht kommerziellen Gebrauch gestattet. Soweit die Inhalte auf dieser Seite nicht vom Betreiber erstellt wurden, werden die Urheberrechte Dritter beachtet. Insbesondere werden Inhalte Dritter als solche gekennzeichnet. Sollten Sie trotzdem auf eine Urheberrechtsverletzung aufmerksam werden, bitten wir um einen entsprechenden Hinweis.<br \/>\nBei Bekanntwerden von Rechtsverletzungen werden wir derartige Inhalte umgehend entfernen.[\/vc_column_text]<div class=\"ult-spacer spacer-69d50da8e4144\" data-id=\"69d50da8e4144\" data-height=\"50\" data-height-mobile=\"50\" data-height-tab=\"50\" data-height-tab-portrait=\"\" data-height-mobile-landscape=\"\" style=\"clear:both;display:block;\"><\/div>[\/vc_column][\/vc_row]<\/p>\n<\/section>","protected":false},"excerpt":{"rendered":"<p>[vc_row full_width=&#8220;stretch_row&#8220; full_height=&#8220;yes&#8220; columns_placement=&#8220;top&#8220; css=&#8220;.vc_custom_1608631457516{background-color: #ffffff !important;}&#8220;][vc_column][vc_column_text] Impressum Angaben gem\u00e4\u00df \u00a7 5 TMG: Claudia Janet Birkholz Bleicherstra\u00dfe 26 28203 Bremen Kontakt: management@claudia-birkholz.de Keine Abmahnung ohne vorherigen Kontakt! Verantwortlich f\u00fcr den Inhalt lt. Paragraph 55 Abs. 2 RStV: Claudia Birkholz, Kontakt und Anschrift s. o. Steuernummer: 45 073 892 811[\/vc_column_text][vc_column_text] Urheberrecht Die durch die Seitenbetreiber erstellten&hellip;<\/p>\n","protected":false},"author":1,"featured_media":2898,"parent":0,"menu_order":0,"comment_status":"closed","ping_status":"open","template":"","meta":[],"yoast_head":"<!-- This site is optimized with the Yoast SEO plugin v15.9.2 - https:\/\/yoast.com\/wordpress\/plugins\/seo\/ -->\n<title>Impressum - Claudia Janet Birkholz<\/title>\n<meta name=\"description\" content=\"Das Impressum f\u00fcr die offizielle Webseite von Claudia Janet Birkholz.\" \/>\n<meta name=\"robots\" content=\"noindex, follow, max-snippet:-1, max-image-preview:large, max-video-preview:-1\" \/>\n<meta property=\"og:locale\" content=\"de_DE\" \/>\n<meta property=\"og:type\" content=\"article\" \/>\n<meta property=\"og:title\" content=\"Impressum - Claudia Janet Birkholz\" \/>\n<meta property=\"og:description\" content=\"Das Impressum f\u00fcr die offizielle Webseite von Claudia Janet Birkholz.\" \/>\n<meta property=\"og:url\" content=\"https:\/\/portfolio.yd-media.de\/birkholz\/impressum\/\" \/>\n<meta property=\"og:site_name\" content=\"Claudia Janet Birkholz\" \/>\n<meta property=\"article:publisher\" content=\"https:\/\/www.facebook.com\/CJBirkholz\" \/>\n<meta property=\"article:modified_time\" content=\"2020-12-22T16:17:27+00:00\" \/>\n<meta property=\"og:image\" content=\"https:\/\/portfolio.yd-media.de\/birkholz\/wp-content\/uploads\/2020\/12\/cjb-social-img.jpg\" \/>\n\t<meta property=\"og:image:width\" content=\"1200\" \/>\n\t<meta property=\"og:image:height\" content=\"630\" \/>\n<meta name=\"twitter:card\" content=\"summary_large_image\" \/>\n<meta name=\"twitter:label1\" content=\"Gesch\u00e4tzte Lesezeit\">\n\t<meta name=\"twitter:data1\" content=\"1\u00a0Minute\">\n<script type=\"application\/ld+json\" class=\"yoast-schema-graph\">{\"@context\":\"https:\/\/schema.org\",\"@graph\":[{\"@type\":\"WebSite\",\"@id\":\"https:\/\/portfolio.yd-media.de\/birkholz\/#website\",\"url\":\"https:\/\/portfolio.yd-media.de\/birkholz\/\",\"name\":\"Claudia Janet Birkholz\",\"description\":\"Claudia Janet Birkholz ist Pianistin und Dozentin f\\u00fcr Klavier und zeitgen\\u00f6ssische Musik an der Hochschule f\\u00fcr K\\u00fcnste Bremen (HfK).\",\"potentialAction\":[{\"@type\":\"SearchAction\",\"target\":\"https:\/\/portfolio.yd-media.de\/birkholz\/?s={search_term_string}\",\"query-input\":\"required name=search_term_string\"}],\"inLanguage\":\"de\"},{\"@type\":\"ImageObject\",\"@id\":\"https:\/\/portfolio.yd-media.de\/birkholz\/impressum\/#primaryimage\",\"inLanguage\":\"de\",\"url\":\"https:\/\/portfolio.yd-media.de\/birkholz\/wp-content\/uploads\/2020\/12\/cjb-social-img.jpg\",\"width\":1200,\"height\":630},{\"@type\":\"WebPage\",\"@id\":\"https:\/\/portfolio.yd-media.de\/birkholz\/impressum\/#webpage\",\"url\":\"https:\/\/portfolio.yd-media.de\/birkholz\/impressum\/\",\"name\":\"Impressum - Claudia Janet Birkholz\",\"isPartOf\":{\"@id\":\"https:\/\/portfolio.yd-media.de\/birkholz\/#website\"},\"primaryImageOfPage\":{\"@id\":\"https:\/\/portfolio.yd-media.de\/birkholz\/impressum\/#primaryimage\"},\"datePublished\":\"2020-11-18T12:47:41+00:00\",\"dateModified\":\"2020-12-22T16:17:27+00:00\",\"description\":\"Das Impressum f\\u00fcr die offizielle Webseite von Claudia Janet Birkholz.\",\"breadcrumb\":{\"@id\":\"https:\/\/portfolio.yd-media.de\/birkholz\/impressum\/#breadcrumb\"},\"inLanguage\":\"de\",\"potentialAction\":[{\"@type\":\"ReadAction\",\"target\":[\"https:\/\/portfolio.yd-media.de\/birkholz\/impressum\/\"]}]},{\"@type\":\"BreadcrumbList\",\"@id\":\"https:\/\/portfolio.yd-media.de\/birkholz\/impressum\/#breadcrumb\",\"itemListElement\":[{\"@type\":\"ListItem\",\"position\":1,\"item\":{\"@type\":\"WebPage\",\"@id\":\"https:\/\/portfolio.yd-media.de\/birkholz\/\",\"url\":\"https:\/\/portfolio.yd-media.de\/birkholz\/\",\"name\":\"Startseite\"}},{\"@type\":\"ListItem\",\"position\":2,\"item\":{\"@type\":\"WebPage\",\"@id\":\"https:\/\/portfolio.yd-media.de\/birkholz\/impressum\/\",\"url\":\"https:\/\/portfolio.yd-media.de\/birkholz\/impressum\/\",\"name\":\"Impressum\"}}]}]}<\/script>\n<!-- \/ Yoast SEO plugin. -->","_links":{"self":[{"href":"https:\/\/portfolio.yd-media.de\/birkholz\/wp-json\/wp\/v2\/pages\/543"}],"collection":[{"href":"https:\/\/portfolio.yd-media.de\/birkholz\/wp-json\/wp\/v2\/pages"}],"about":[{"href":"https:\/\/portfolio.yd-media.de\/birkholz\/wp-json\/wp\/v2\/types\/page"}],"author":[{"embeddable":true,"href":"https:\/\/portfolio.yd-media.de\/birkholz\/wp-json\/wp\/v2\/users\/1"}],"replies":[{"embeddable":true,"href":"https:\/\/portfolio.yd-media.de\/birkholz\/wp-json\/wp\/v2\/comments?post=543"}],"version-history":[{"count":10,"href":"https:\/\/portfolio.yd-media.de\/birkholz\/wp-json\/wp\/v2\/pages\/543\/revisions"}],"predecessor-version":[{"id":2809,"href":"https:\/\/portfolio.yd-media.de\/birkholz\/wp-json\/wp\/v2\/pages\/543\/revisions\/2809"}],"wp:featuredmedia":[{"embeddable":true,"href":"https:\/\/portfolio.yd-media.de\/birkholz\/wp-json\/wp\/v2\/media\/2898"}],"wp:attachment":[{"href":"https:\/\/portfolio.yd-media.de\/birkholz\/wp-json\/wp\/v2\/media?parent=543"}],"curies":[{"name":"wp","href":"https:\/\/api.w.org\/{rel}","templated":true}]}}