{"id":35,"date":"2020-10-29T14:00:13","date_gmt":"2020-10-29T13:00:13","guid":{"rendered":"http:\/\/claudiabirkholz.de\/?page_id=35"},"modified":"2023-03-15T17:14:54","modified_gmt":"2023-03-15T16:14:54","slug":"startseite","status":"publish","type":"page","link":"https:\/\/portfolio.yd-media.de\/birkholz\/","title":{"rendered":"Startseite"},"content":{"rendered":"<section class=\"wpb-content-wrapper\"><p>[vc_row full_width=&#8220;stretch_row_content&#8220; el_class=&#8220;start-div&#8220; css=&#8220;.vc_custom_1603969818573{padding-right: 0px !important;padding-left: 0px !important;}&#8220;][vc_column css=&#8220;.vc_custom_1603969824773{padding-right: 0px !important;padding-left: 0px !important;}&#8220;][vc_raw_html]JTNDZGl2JTIwY2xhc3MlM0QlMjJiaXJrLWhlYWRlciUyMiUzRSUzQyUyRmRpdiUzRSUwQQ==[\/vc_raw_html][\/vc_column][\/vc_row][vc_row][vc_column][vc_row_inner][vc_column_inner]<div class=\"ult-spacer spacer-69d8debc1cbdc\" data-id=\"69d8debc1cbdc\" data-height=\"50\" data-height-mobile=\"10\" data-height-tab=\"\" data-height-tab-portrait=\"\" data-height-mobile-landscape=\"10\" style=\"clear:both;display:block;\"><\/div>[vc_column_text]<\/p>\n<h1>Musikerin mit Passion.<br \/>\nKonzertpianistin von Welt.<\/h1>\n<p>[\/vc_column_text][vc_column_text]Musik! Mal ausdrucksvoll und klangvirtuos, mal zart und fein koloriert: Claudia Janet Birkholz hat ihr gesamtes k\u00fcnstlerisches Schaffen der Klangkunst verschrieben. Die unendliche Tiefe ihrer musikalischen Welt, ihre absolute technische Kontrolle \u00fcber das Instrument und die \u00fcberraschende Originalit\u00e4t ihrer Interpretationen begeistert ihr Publikum. Der Zauber der international gefragten Konzertpianistin wirkt daraus, Musik auf unterschiedliche Art zu erz\u00e4hlen, Kl\u00e4nge zum Sprechen zu bringen \u2013 Ohren und Herzen zu \u00f6ffnen f\u00fcr eine v\u00f6llig neue Musikerfahrung. Daf\u00fcr l\u00e4dt sie bedeutsame G\u00e4ste zu Gespr\u00e4chskonzerten ein, initiiert kulturelle Events, entwickelt neue interdisziplin\u00e4re Ans\u00e4tze. Und pr\u00e4gt als Dozentin der Hochschule f\u00fcr K\u00fcnste Bremen seit 25 Jahren den musikalischen Nachwuchs sowie ganze K\u00fcnstlergenerationen. Claudia Janet Birkholz ist eine Ausnahmeerscheinung ihres Fachs: Sie verschiebt die Grenzen der Klangkunst nicht nur, sondern l\u00f6st sie g\u00e4nzlich auf. Und kreiert ein Musikerlebnis, das seinesgleichen sucht.<br \/>\n[\/vc_column_text]<div class=\"ult-spacer spacer-69d8debc1cbfe\" data-id=\"69d8debc1cbfe\" data-height=\"10\" data-height-mobile=\"10\" data-height-tab=\"10\" data-height-tab-portrait=\"\" data-height-mobile-landscape=\"\" style=\"clear:both;display:block;\"><\/div>[vc_separator]<div class=\"ult-spacer spacer-69d8debc1cc14\" data-id=\"69d8debc1cc14\" data-height=\"10\" data-height-mobile=\"10\" data-height-tab=\"10\" data-height-tab-portrait=\"\" data-height-mobile-landscape=\"\" style=\"clear:both;display:block;\"><\/div>[\/vc_column_inner][\/vc_row_inner][\/vc_column][\/vc_row][vc_row][vc_column][vc_row_inner][vc_column_inner el_class=&#8220;third-div&#8220; width=&#8220;1\/3&#8243;][vc_column_text]<\/p>\n<h3>Virtuose<br \/>\nSolo-Konzerte<\/h3>\n<p>[\/vc_column_text][vc_column_text css=&#8220;.vc_custom_1604398090029{margin-bottom: 0px !important;border-bottom-width: 0px !important;padding-bottom: 0px !important;}&#8220;]Claudia Janet Birkholz ist bekannt f\u00fcr ihr virtuoses Spiel auf dem Piano. Jeder Ton nimmt das Publikum mit auf eine Reise in eine neue Dimension der Klangkunst, fordert H\u00f6rgewohnheiten heraus und erweitert das Musikverst\u00e4ndnis. Mit ihren Solo- und Ensemble-Performances ist sie bereits in renommierten Konzerts\u00e4len der gr\u00f6\u00dften Musikmetropolen aufgetreten. Sie \u00fcberrascht, sie zieht das Publikum in ihren Bann, sie fasziniert auf ganzer Ebene \u2013 ob mit originellen Interpretationen oder neuen Spieltechniken der zeitgen\u00f6ssischen Klangkunst.[\/vc_column_text]<div class=\"ult-spacer spacer-69d8debc1cc25\" data-id=\"69d8debc1cc25\" data-height=\"20\" data-height-mobile=\"20\" data-height-tab=\"20\" data-height-tab-portrait=\"\" data-height-mobile-landscape=\"\" style=\"clear:both;display:block;\"><\/div>[vc_column_text]<a class=\"cb-link\" style=\"display: none;\" href=\"http:\/\/claudiabirkholz.de\/repertoire\/\">Zum Repertoire<\/a>[\/vc_column_text][\/vc_column_inner][vc_column_inner el_class=&#8220;third-div&#8220; width=&#8220;1\/3&#8243;][vc_column_text]<\/p>\n<h3>Erkenntnisreiche<br \/>\nGespr\u00e4chskonzerte<\/h3>\n<p>[\/vc_column_text][vc_column_text css=&#8220;.vc_custom_1604397869635{margin-bottom: 0px !important;border-bottom-width: 0px !important;padding-bottom: 0px !important;}&#8220;]<\/p>\n<p class=\"p1\"><span class=\"s1\">Was hat Musik mit Neurowissenschaft oder Mathematik zu tun? Wie beeinflusst k\u00fcnstliche Intelligenz die Musikkomposition? Mit moderierten Gespr\u00e4chskonzerten hat Claudia Janet Birkholz ein einzigartiges Format etabliert, das den Austausch zwischen dem Publikum und G\u00e4sten aus der Wissenschaft, Kunst sowie der Wirtschaft erm\u00f6glicht \u2013 und so einen v\u00f6llig neuen Zugang zur Neuen Musik erschlie\u00dft. Kulturelle Ereignisse, die neue Erkenntnisse hervorbringen. Und daf\u00fcr sorgen, das Ungeh\u00f6rtes geh\u00f6rt und verstanden wird.<\/span><\/p>\n<p>[\/vc_column_text]<div class=\"ult-spacer spacer-69d8debc1cc34\" data-id=\"69d8debc1cc34\" data-height=\"20\" data-height-mobile=\"20\" data-height-tab=\"20\" data-height-tab-portrait=\"\" data-height-mobile-landscape=\"\" style=\"clear:both;display:block;\"><\/div>[vc_column_text]<a class=\"cb-link\" style=\"display: none;\" href=\"#\">Zu den Projekten<\/a>[\/vc_column_text][\/vc_column_inner][vc_column_inner el_class=&#8220;third-div&#8220; width=&#8220;1\/3&#8243;][vc_column_text]<\/p>\n<h3>Inspirierende<br \/>\nWorkshops<\/h3>\n<p>[\/vc_column_text][vc_column_text css=&#8220;.vc_custom_1604397878004{margin-bottom: 0px !important;border-bottom-width: 0px !important;padding-bottom: 0px !important;}&#8220;]Neue Impulse f\u00fcr das eigene Spiel \u2013 oder erste Begegnungen mit der Welt der Kl\u00e4nge: Claudia Janet Birkholz bietet Workshops, die Musik auf einer intensiven emotionalen Ebene erfahrbar machen. Ob K\u00fcnstlerInnen, StudentInnen oder Menschen, die kein Instrument beherrschen: Die TeilnehmerInnen n\u00e4hern sich der Musik auf eine unkonventionelle Art, hinterfragen Denkmuster und erweitern ihren musikalischen Horizont. Eine Herausforderung. Ein Experiment. Eine wichtige Erfahrung f\u00fcr das eigene k\u00fcnstlerische Wirken.[\/vc_column_text]<div class=\"ult-spacer spacer-69d8debc1cc47\" data-id=\"69d8debc1cc47\" data-height=\"20\" data-height-mobile=\"20\" data-height-tab=\"20\" data-height-tab-portrait=\"\" data-height-mobile-landscape=\"\" style=\"clear:both;display:block;\"><\/div>[vc_column_text]<a class=\"cb-link\" style=\"display: none;\" href=\"#\">Zu den Workshops<\/a>[\/vc_column_text][\/vc_column_inner][\/vc_row_inner][\/vc_column][\/vc_row][vc_row][vc_column]<div class=\"ult-spacer spacer-69d8debc1cc58\" data-id=\"69d8debc1cc58\" data-height=\"60\" data-height-mobile=\"0\" data-height-tab=\"\" data-height-tab-portrait=\"\" data-height-mobile-landscape=\"0\" style=\"clear:both;display:block;\"><\/div>[\/vc_column][\/vc_row][vc_row full_width=&#8220;stretch_row&#8220; content_placement=&#8220;middle&#8220; el_class=&#8220;aktuelles-div aktuelles-div-resp-2&#8243;][vc_column][vc_row_inner content_placement=&#8220;middle&#8220; el_class=&#8220;event-div&#8220;][vc_column_inner width=&#8220;1\/3&#8243;][\/vc_column_inner][vc_column_inner el_class=&#8220;aktuelles-text-1&#8243; width=&#8220;2\/3&#8243;]<div class=\"ult-spacer spacer-69d8debc1cc68\" data-id=\"69d8debc1cc68\" data-height=\"20\" data-height-mobile=\"50\" data-height-tab=\"\" data-height-tab-portrait=\"\" data-height-mobile-landscape=\"50\" style=\"clear:both;display:block;\"><\/div>[vc_column_text]<\/p>\n<h2 class=\"cb-white\">Aktuelle Konzerte und Termine:<br \/>\n<span class=\"cb-spin\" style=\"opacity: .8;\">Claudia Janet Birkholz h\u00f6ren und erleben!<\/span><\/h2>\n<p>[\/vc_column_text][vc_column_text]Ihre Konzerte und Veranstaltungen sind ein kulturelles Highlight: Hier sehen Sie auf einen Blick, wo Claudia Janet Birkholz in der n\u00e4chsten Zeit zu h\u00f6ren ist.[\/vc_column_text][vc_column_text]<a class=\"cb-link-invert\" href=\"#\">Zur Termin\u00fcbersicht<\/a>[\/vc_column_text]<div class=\"ult-spacer spacer-69d8debc1cc77\" data-id=\"69d8debc1cc77\" data-height=\"0\" data-height-mobile=\"300\" data-height-tab=\"\" data-height-tab-portrait=\"\" data-height-mobile-landscape=\"300\" style=\"clear:both;display:block;\"><\/div>[\/vc_column_inner][\/vc_row_inner][\/vc_column][\/vc_row][vc_row][vc_column]<div class=\"ult-spacer spacer-69d8debc1cc84\" data-id=\"69d8debc1cc84\" data-height=\"60\" data-height-mobile=\"60\" data-height-tab=\"60\" data-height-tab-portrait=\"\" data-height-mobile-landscape=\"\" style=\"clear:both;display:block;\"><\/div>[\/vc_column][\/vc_row][vc_row content_placement=&#8220;middle&#8220; el_class=&#8220;vita-div&#8220;][vc_column][vc_row_inner content_placement=&#8220;middle&#8220;][vc_column_inner width=&#8220;1\/2&#8243;][vc_raw_html]JTNDZGl2JTNFJTBBJTNDaDElM0VWaXRhJTNDZGl2JTIwY2xhc3MlM0QlMjJjYi1oLWxpbmUlMjIlM0UlM0MlMkZkaXYlM0UlM0MlMkZoMSUzRSUwQSUzQyUyRmRpdiUzRQ==[\/vc_raw_html][vc_column_text]Sie tritt als Solistin und im Ensemble bei renommierten internationalen Festivals auf. Konzipiert Programme, mit denen sie sich musikalisch in neue Richtungen bewegt. Sie inszeniert Performances, die lange im Ged\u00e4chtnis bleiben. Claudia Janet Birkholz, geboren in Bremen, liebt und lebt zeitgen\u00f6ssische Musik mit all ihren Facetten. Und geh\u00f6rt als gefragte Interpretin f\u00fcr Klaviermusik mit ihrem k\u00fcnstlerischen Wirken zur Weltspitze im Bereich der zeitgen\u00f6ssischen Klangkunst.[\/vc_column_text][vc_column_text]<a class=\"cb-link\" href=\"http:\/\/claudiabirkholz.de\/vita\/\">Mehr Erfahren<\/a>[\/vc_column_text]<div class=\"ult-spacer spacer-69d8debc1cc92\" data-id=\"69d8debc1cc92\" data-height=\"0\" data-height-mobile=\"200\" data-height-tab=\"\" data-height-tab-portrait=\"\" data-height-mobile-landscape=\"200\" style=\"clear:both;display:block;\"><\/div>[\/vc_column_inner][vc_column_inner width=&#8220;1\/2&#8243;][\/vc_column_inner][\/vc_row_inner][\/vc_column][\/vc_row][vc_row content_placement=&#8220;middle&#8220; el_class=&#8220;anfrage-div&#8220;][vc_column][vc_row_inner][vc_column_inner]<div class=\"ult-spacer spacer-69d8debc1cc9f\" data-id=\"69d8debc1cc9f\" data-height=\"50\" data-height-mobile=\"50\" data-height-tab=\"50\" data-height-tab-portrait=\"\" data-height-mobile-landscape=\"\" style=\"clear:both;display:block;\"><\/div>[\/vc_column_inner][\/vc_row_inner][vc_row_inner content_placement=&#8220;middle&#8220;][vc_column_inner width=&#8220;2\/3&#8243;][vc_column_text css=&#8220;.vc_custom_1604321531011{margin-bottom: 0px !important;border-bottom-width: 0px !important;padding-bottom: 0px !important;}&#8220;]<\/p>\n<h3>Lernen Sie Claudia Janet Birkholz kennen<\/h3>\n<p>[\/vc_column_text]<div class=\"ult-spacer spacer-69d8debc1ccb0\" data-id=\"69d8debc1ccb0\" data-height=\"20\" data-height-mobile=\"20\" data-height-tab=\"20\" data-height-tab-portrait=\"\" data-height-mobile-landscape=\"\" style=\"clear:both;display:block;\"><\/div>[vc_column_text]Auftritte, Konzertgespr\u00e4che, Workshops oder wissenschaftlich-kultureller Austausch: Claudia Janet Birkholz bietet Programme und Formate f\u00fcr unterschiedlichste Anl\u00e4sse und Anforderungen und ist auch offen f\u00fcr neue Impulse. Kontaktieren Sie uns gerne f\u00fcr ein unverbindliches Gespr\u00e4ch zu Ihrem Anliegen \u2013 und erleben Sie gemeinsam mit uns besondere Momente der Klangkunst in einer neuen Dimension.[\/vc_column_text][vc_raw_html]JTNDYSUyMGhyZWYlM0QlMjJodHRwcyUzQSUyRiUyRnBvcnRmb2xpby55ZC1tZWRpYS5kZSUyRmJpcmtob2x6JTJGYW5mcmFnZW4lMjIlMjBjbGFzcyUzRCUyMmNiLWJ0biUyMiUzRUpldHp0JTIwYW5mcmFnZW4lM0NpJTIwY2xhc3MlM0QlMjJmYXMlMjBmYS1sb25nLWFycm93LWFsdC1yaWdodCUyMGNiLWJ0bi1pLXIlMjIlM0UlM0MlMkZpJTNFJTNDJTJGYSUzRQ==[\/vc_raw_html][\/vc_column_inner][vc_column_inner width=&#8220;1\/3&#8243;][\/vc_column_inner][\/vc_row_inner][\/vc_column][\/vc_row][vc_row][vc_column]<div class=\"ult-spacer spacer-69d8debc1ccbd\" data-id=\"69d8debc1ccbd\" data-height=\"60\" data-height-mobile=\"0\" data-height-tab=\"\" data-height-tab-portrait=\"\" data-height-mobile-landscape=\"0\" style=\"clear:both;display:block;\"><\/div>[\/vc_column][\/vc_row]<\/p>\n<\/section>","protected":false},"excerpt":{"rendered":"<p>[vc_row full_width=&#8220;stretch_row_content&#8220; el_class=&#8220;start-div&#8220; css=&#8220;.vc_custom_1603969818573{padding-right: 0px !important;padding-left: 0px !important;}&#8220;][vc_column css=&#8220;.vc_custom_1603969824773{padding-right: 0px !important;padding-left: 0px !important;}&#8220;][vc_raw_html]JTNDZGl2JTIwY2xhc3MlM0QlMjJiaXJrLWhlYWRlciUyMiUzRSUzQyUyRmRpdiUzRSUwQQ==[\/vc_raw_html][\/vc_column][\/vc_row][vc_row][vc_column][vc_row_inner][vc_column_inner][vc_column_text] Musikerin mit Passion. Konzertpianistin von Welt. [\/vc_column_text][vc_column_text]Musik! Mal ausdrucksvoll und klangvirtuos, mal zart und fein koloriert: Claudia Janet Birkholz hat ihr gesamtes k\u00fcnstlerisches Schaffen der Klangkunst verschrieben. Die unendliche Tiefe ihrer musikalischen Welt, ihre absolute technische Kontrolle \u00fcber das Instrument und die&hellip;<\/p>\n","protected":false},"author":1,"featured_media":2898,"parent":0,"menu_order":0,"comment_status":"closed","ping_status":"closed","template":"","meta":[],"yoast_head":"<!-- This site is optimized with the Yoast SEO plugin v15.9.2 - https:\/\/yoast.com\/wordpress\/plugins\/seo\/ -->\n<title>Claudia Janet Birkholz - Die offizielle Webseite<\/title>\n<meta name=\"description\" content=\"Claudia Janet Birkholz ist Pianistin und Dozentin f\u00fcr Klavier und zeitgen\u00f6ssische Musik an der Hochschule f\u00fcr K\u00fcnste Bremen (HfK).\" \/>\n<meta name=\"robots\" content=\"noindex, follow, max-snippet:-1, max-image-preview:large, max-video-preview:-1\" \/>\n<meta property=\"og:locale\" content=\"de_DE\" \/>\n<meta property=\"og:type\" content=\"article\" \/>\n<meta property=\"og:title\" content=\"Claudia Janet Birkholz - Die offizielle Webseite\" \/>\n<meta property=\"og:description\" content=\"Claudia Janet Birkholz ist Pianistin und Dozentin f\u00fcr Klavier und zeitgen\u00f6ssische Musik an der Hochschule f\u00fcr K\u00fcnste Bremen (HfK).\" \/>\n<meta property=\"og:url\" content=\"https:\/\/portfolio.yd-media.de\/birkholz\/\" \/>\n<meta property=\"og:site_name\" content=\"Claudia Janet Birkholz\" \/>\n<meta property=\"article:publisher\" content=\"https:\/\/www.facebook.com\/CJBirkholz\" \/>\n<meta property=\"article:modified_time\" content=\"2023-03-15T16:14:54+00:00\" \/>\n<meta property=\"og:image\" content=\"https:\/\/portfolio.yd-media.de\/birkholz\/wp-content\/uploads\/2020\/12\/cjb-social-img.jpg\" \/>\n\t<meta property=\"og:image:width\" content=\"1200\" \/>\n\t<meta property=\"og:image:height\" content=\"630\" \/>\n<meta name=\"twitter:card\" content=\"summary_large_image\" \/>\n<meta name=\"twitter:image\" content=\"https:\/\/portfolio.yd-media.de\/birkholz\/wp-content\/uploads\/2020\/12\/cjb-socialjpg.jpg\" \/>\n<meta name=\"twitter:label1\" content=\"Gesch\u00e4tzte Lesezeit\">\n\t<meta name=\"twitter:data1\" content=\"3\u00a0Minuten\">\n<script type=\"application\/ld+json\" class=\"yoast-schema-graph\">{\"@context\":\"https:\/\/schema.org\",\"@graph\":[{\"@type\":\"WebSite\",\"@id\":\"https:\/\/portfolio.yd-media.de\/birkholz\/#website\",\"url\":\"https:\/\/portfolio.yd-media.de\/birkholz\/\",\"name\":\"Claudia Janet Birkholz\",\"description\":\"Claudia Janet Birkholz ist Pianistin und Dozentin f\\u00fcr Klavier und zeitgen\\u00f6ssische Musik an der Hochschule f\\u00fcr K\\u00fcnste Bremen (HfK).\",\"potentialAction\":[{\"@type\":\"SearchAction\",\"target\":\"https:\/\/portfolio.yd-media.de\/birkholz\/?s={search_term_string}\",\"query-input\":\"required name=search_term_string\"}],\"inLanguage\":\"de\"},{\"@type\":\"ImageObject\",\"@id\":\"https:\/\/portfolio.yd-media.de\/birkholz\/#primaryimage\",\"inLanguage\":\"de\",\"url\":\"https:\/\/portfolio.yd-media.de\/birkholz\/wp-content\/uploads\/2020\/12\/cjb-social-img.jpg\",\"width\":1200,\"height\":630},{\"@type\":\"WebPage\",\"@id\":\"https:\/\/portfolio.yd-media.de\/birkholz\/#webpage\",\"url\":\"https:\/\/portfolio.yd-media.de\/birkholz\/\",\"name\":\"Claudia Janet Birkholz - Die offizielle Webseite\",\"isPartOf\":{\"@id\":\"https:\/\/portfolio.yd-media.de\/birkholz\/#website\"},\"primaryImageOfPage\":{\"@id\":\"https:\/\/portfolio.yd-media.de\/birkholz\/#primaryimage\"},\"datePublished\":\"2020-10-29T13:00:13+00:00\",\"dateModified\":\"2023-03-15T16:14:54+00:00\",\"description\":\"Claudia Janet Birkholz ist Pianistin und Dozentin f\\u00fcr Klavier und zeitgen\\u00f6ssische Musik an der Hochschule f\\u00fcr K\\u00fcnste Bremen (HfK).\",\"breadcrumb\":{\"@id\":\"https:\/\/portfolio.yd-media.de\/birkholz\/#breadcrumb\"},\"inLanguage\":\"de\",\"potentialAction\":[{\"@type\":\"ReadAction\",\"target\":[\"https:\/\/portfolio.yd-media.de\/birkholz\/\"]}]},{\"@type\":\"BreadcrumbList\",\"@id\":\"https:\/\/portfolio.yd-media.de\/birkholz\/#breadcrumb\",\"itemListElement\":[{\"@type\":\"ListItem\",\"position\":1,\"item\":{\"@type\":\"WebPage\",\"@id\":\"https:\/\/portfolio.yd-media.de\/birkholz\/\",\"url\":\"https:\/\/portfolio.yd-media.de\/birkholz\/\",\"name\":\"Startseite\"}},{\"@type\":\"ListItem\",\"position\":2,\"item\":{\"@type\":\"WebPage\",\"@id\":\"https:\/\/portfolio.yd-media.de\/birkholz\/\",\"url\":\"https:\/\/portfolio.yd-media.de\/birkholz\/\",\"name\":\"Startseite\"}}]}]}<\/script>\n<!-- \/ Yoast SEO plugin. -->","_links":{"self":[{"href":"https:\/\/portfolio.yd-media.de\/birkholz\/wp-json\/wp\/v2\/pages\/35"}],"collection":[{"href":"https:\/\/portfolio.yd-media.de\/birkholz\/wp-json\/wp\/v2\/pages"}],"about":[{"href":"https:\/\/portfolio.yd-media.de\/birkholz\/wp-json\/wp\/v2\/types\/page"}],"author":[{"embeddable":true,"href":"https:\/\/portfolio.yd-media.de\/birkholz\/wp-json\/wp\/v2\/users\/1"}],"replies":[{"embeddable":true,"href":"https:\/\/portfolio.yd-media.de\/birkholz\/wp-json\/wp\/v2\/comments?post=35"}],"version-history":[{"count":39,"href":"https:\/\/portfolio.yd-media.de\/birkholz\/wp-json\/wp\/v2\/pages\/35\/revisions"}],"predecessor-version":[{"id":3204,"href":"https:\/\/portfolio.yd-media.de\/birkholz\/wp-json\/wp\/v2\/pages\/35\/revisions\/3204"}],"wp:featuredmedia":[{"embeddable":true,"href":"https:\/\/portfolio.yd-media.de\/birkholz\/wp-json\/wp\/v2\/media\/2898"}],"wp:attachment":[{"href":"https:\/\/portfolio.yd-media.de\/birkholz\/wp-json\/wp\/v2\/media?parent=35"}],"curies":[{"name":"wp","href":"https:\/\/api.w.org\/{rel}","templated":true}]}}