{"id":1257,"date":"2020-12-15T16:32:26","date_gmt":"2020-12-15T15:32:26","guid":{"rendered":"http:\/\/claudiabirkholz.de\/requisicoes\/"},"modified":"2020-12-18T10:56:37","modified_gmt":"2020-12-18T09:56:37","slug":"requisicoes","status":"publish","type":"page","link":"https:\/\/portfolio.yd-media.de\/birkholz\/pt-pt\/requisicoes\/","title":{"rendered":"Requisi\u00e7\u00f5es"},"content":{"rendered":"<section class=\"wpb-content-wrapper\"><p>[vc_row][vc_column]<div class=\"ult-spacer spacer-69fb011b55014\" data-id=\"69fb011b55014\" data-height=\"50\" data-height-mobile=\"50\" data-height-tab=\"50\" data-height-tab-portrait=\"\" data-height-mobile-landscape=\"\" style=\"clear:both;display:block;\"><\/div>[\/vc_column][\/vc_row][vc_row][vc_column][vc_raw_html]PGgxIGNsYXNzPSJjYi1oaC1saW5lIj48c3Bhbj48L3NwYW4+Rm9ybXVsw6FyaW8gZGUgY29udGFjdG88L2gxPg==[\/vc_raw_html][\/vc_column][\/vc_row][vc_row gap=&#8221;35&#8243; full_height=&#8221;yes&#8221; columns_placement=&#8221;top&#8221;][vc_column width=&#8221;1\/2&#8243;]<div role=\"form\" class=\"wpcf7\" id=\"wpcf7-f2313-o1\" lang=\"de-DE\" dir=\"ltr\">\n<div class=\"screen-reader-response\"><p role=\"status\" aria-live=\"polite\" aria-atomic=\"true\"><\/p> <ul><\/ul><\/div>\n<form action=\"\/birkholz\/pt-pt\/wp-json\/wp\/v2\/pages\/1257#wpcf7-f2313-o1\" method=\"post\" class=\"wpcf7-form init\" novalidate=\"novalidate\" data-status=\"init\">\n<div style=\"display: none;\">\n<input type=\"hidden\" name=\"_wpcf7\" value=\"2313\" \/>\n<input type=\"hidden\" name=\"_wpcf7_version\" value=\"5.3.2\" \/>\n<input type=\"hidden\" name=\"_wpcf7_locale\" value=\"de_DE\" \/>\n<input type=\"hidden\" name=\"_wpcf7_unit_tag\" value=\"wpcf7-f2313-o1\" \/>\n<input type=\"hidden\" name=\"_wpcf7_container_post\" value=\"0\" \/>\n<input type=\"hidden\" name=\"_wpcf7_posted_data_hash\" value=\"\" \/>\n<\/div>\n<div class=\"form-wrap\">\n<div class=\"form-l\">\n<label>Primeiro nome<br \/>\n<span class=\"wpcf7-form-control-wrap your-name\"><input type=\"text\" name=\"your-name\" value=\"\" size=\"40\" class=\"wpcf7-form-control wpcf7-text wpcf7-validates-as-required\" aria-required=\"true\" aria-invalid=\"false\" \/><\/span> <\/label>\n<\/div>\n<div class=\"form-r\">\n<label>Apelido<br \/>\n<span class=\"wpcf7-form-control-wrap Nachname\"><input type=\"text\" name=\"Nachname\" value=\"\" size=\"40\" class=\"wpcf7-form-control wpcf7-text wpcf7-validates-as-required\" aria-required=\"true\" aria-invalid=\"false\" \/><\/span> <\/label>\n<\/div>\n<\/div>\n<p><label>E-Mail<br \/>\n    <span class=\"wpcf7-form-control-wrap your-email\"><input type=\"email\" name=\"your-email\" value=\"\" size=\"40\" class=\"wpcf7-form-control wpcf7-text wpcf7-email wpcf7-validates-as-required wpcf7-validates-as-email\" aria-required=\"true\" aria-invalid=\"false\" \/><\/span> <\/label><\/p>\n<p><label>Assunto<br \/>\n    <span class=\"wpcf7-form-control-wrap your-subject\"><input type=\"text\" name=\"your-subject\" value=\"\" size=\"40\" class=\"wpcf7-form-control wpcf7-text\" aria-invalid=\"false\" \/><\/span> <\/label><\/p>\n<p><label>Mensagem<br \/>\n    <span class=\"wpcf7-form-control-wrap your-message\"><textarea name=\"your-message\" cols=\"40\" rows=\"10\" class=\"wpcf7-form-control wpcf7-textarea\" aria-invalid=\"false\"><\/textarea><\/span> <\/label><\/p>\n<div id=\"cf7sr-69fb011b55a52\" class=\"cf7sr-g-recaptcha\" data-sitekey=\"6LeqUt8ZAAAAAC_9riYVdiMEmOOKj8AHWjXGeLjn\"><\/div><span class=\"wpcf7-form-control-wrap cf7sr-recaptcha\" data-name=\"cf7sr-recaptcha\"><input type=\"hidden\" name=\"cf7sr-recaptcha\" value=\"\" class=\"wpcf7-form-control\"><\/span> <\/p>\n<p><input type=\"submit\" value=\"Enviar\" class=\"wpcf7-form-control wpcf7-submit\" \/><\/p>\n<div class=\"wpcf7-response-output\" aria-hidden=\"true\"><\/div><\/form><\/div>[\/vc_column][vc_column width=&#8221;1\/2&#8243;]<div class=\"ult-spacer spacer-69fb011b55a74\" data-id=\"69fb011b55a74\" data-height=\"20\" data-height-mobile=\"20\" data-height-tab=\"20\" data-height-tab-portrait=\"\" data-height-mobile-landscape=\"\" style=\"clear:both;display:block;\"><\/div>[vc_column_text]<\/p>\n<h2> Entrar em contato.<br \/>\nEstabelecer um encontro. <\/h2>\n<p>[\/vc_column_text][vc_column_text]Voc\u00ea planeja uma coopera\u00e7\u00e3o? Voc\u00ea tem um pedido de reserva ou uma pergunta relacionada \u00e0 imprensa? Ou gostaria de saber mais sobre Claudia Janet Birkholz e seu compromisso com a M\u00fasica Nova?[\/vc_column_text][vc_column_text]<\/p>\n<p class=\"p1\"><span class=\"s1\">Quaisquer que sejam os seus motivos para entrar em contato conosco, agradecemos seu interesse, levamos sua quest\u00e3o a s\u00e9rio e as encaminharemos imediatamente. Pois Claudia Janet Birkholz, para quem o tema Encontros representa um papel muito central, est\u00e1 sempre interessada em novas perspectivas e interc\u00e2mbios profissionais. <\/span><\/p>\n<p>[\/vc_column_text][vc_column_text]Teremos muito gosto em receber a sua requisi\u00e7\u00e3o![\/vc_column_text]<div class=\"ult-spacer spacer-69fb011b55a85\" data-id=\"69fb011b55a85\" data-height=\"50\" data-height-mobile=\"50\" data-height-tab=\"50\" data-height-tab-portrait=\"\" data-height-mobile-landscape=\"\" style=\"clear:both;display:block;\"><\/div>[\/vc_column][\/vc_row]<\/p>\n<\/section>","protected":false},"excerpt":{"rendered":"<p>[vc_row][vc_column][\/vc_column][\/vc_row][vc_row][vc_column][vc_raw_html]PGgxIGNsYXNzPSJjYi1oaC1saW5lIj48c3Bhbj48L3NwYW4+Rm9ybXVsw6FyaW8gZGUgY29udGFjdG88L2gxPg==[\/vc_raw_html][\/vc_column][\/vc_row][vc_row gap=&#8221;35&#8243; full_height=&#8221;yes&#8221; columns_placement=&#8221;top&#8221;][vc_column width=&#8221;1\/2&#8243;][\/vc_column][vc_column width=&#8221;1\/2&#8243;][vc_column_text] Entrar em contato. Estabelecer um encontro. [\/vc_column_text][vc_column_text]Voc\u00ea planeja uma coopera\u00e7\u00e3o? Voc\u00ea tem um pedido de reserva ou uma pergunta relacionada \u00e0 imprensa? Ou gostaria de saber mais sobre Claudia Janet Birkholz e seu compromisso com a M\u00fasica Nova?[\/vc_column_text][vc_column_text] Quaisquer que sejam os seus motivos para entrar em contato conosco,&hellip;<\/p>\n","protected":false},"author":1,"featured_media":2905,"parent":0,"menu_order":0,"comment_status":"closed","ping_status":"closed","template":"","meta":[],"yoast_head":"<!-- This site is optimized with the Yoast SEO plugin v15.9.2 - https:\/\/yoast.com\/wordpress\/plugins\/seo\/ -->\n<title>Requisi\u00e7\u00f5es - Claudia Janet Birkholz<\/title>\n<meta name=\"robots\" content=\"noindex, follow, max-snippet:-1, max-image-preview:large, max-video-preview:-1\" \/>\n<meta property=\"og:locale\" content=\"pt_PT\" \/>\n<meta property=\"og:type\" content=\"article\" \/>\n<meta property=\"og:title\" content=\"Requisi\u00e7\u00f5es - Claudia Janet Birkholz\" \/>\n<meta property=\"og:description\" content=\"[vc_row][vc_column][\/vc_column][\/vc_row][vc_row][vc_column][vc_raw_html]PGgxIGNsYXNzPSJjYi1oaC1saW5lIj48c3Bhbj48L3NwYW4+Rm9ybXVsw6FyaW8gZGUgY29udGFjdG88L2gxPg==[\/vc_raw_html][\/vc_column][\/vc_row][vc_row gap=&#8221;35&#8243; full_height=&#8221;yes&#8221; columns_placement=&#8221;top&#8221;][vc_column width=&#8221;1\/2&#8243;][\/vc_column][vc_column width=&#8221;1\/2&#8243;][vc_column_text] Entrar em contato. Estabelecer um encontro. [\/vc_column_text][vc_column_text]Voc\u00ea planeja uma coopera\u00e7\u00e3o? Voc\u00ea tem um pedido de reserva ou uma pergunta relacionada \u00e0 imprensa? Ou gostaria de saber mais sobre Claudia Janet Birkholz e seu compromisso com a M\u00fasica Nova?[\/vc_column_text][vc_column_text] Quaisquer que sejam os seus motivos para entrar em contato conosco,&hellip;\" \/>\n<meta property=\"og:url\" content=\"https:\/\/portfolio.yd-media.de\/birkholz\/pt-pt\/requisicoes\/\" \/>\n<meta property=\"og:site_name\" content=\"Claudia Janet Birkholz\" \/>\n<meta property=\"article:publisher\" content=\"https:\/\/www.facebook.com\/CJBirkholz\" \/>\n<meta property=\"article:modified_time\" content=\"2020-12-18T09:56:37+00:00\" \/>\n<meta property=\"og:image\" content=\"https:\/\/portfolio.yd-media.de\/birkholz\/wp-content\/uploads\/2020\/12\/cjb-social-img.jpg\" \/>\n\t<meta property=\"og:image:width\" content=\"1200\" \/>\n\t<meta property=\"og:image:height\" content=\"630\" \/>\n<meta name=\"twitter:card\" content=\"summary_large_image\" \/>\n<meta name=\"twitter:label1\" content=\"Tempo estimado de leitura\">\n\t<meta name=\"twitter:data1\" content=\"1 minuto\">\n<script type=\"application\/ld+json\" class=\"yoast-schema-graph\">{\"@context\":\"https:\/\/schema.org\",\"@graph\":[{\"@type\":\"WebSite\",\"@id\":\"https:\/\/portfolio.yd-media.de\/birkholz\/#website\",\"url\":\"https:\/\/portfolio.yd-media.de\/birkholz\/\",\"name\":\"Claudia Janet Birkholz\",\"description\":\"Claudia Janet Birkholz ist Pianistin und Dozentin f\\u00fcr Klavier und zeitgen\\u00f6ssische Musik an der Hochschule f\\u00fcr K\\u00fcnste Bremen (HfK).\",\"potentialAction\":[{\"@type\":\"SearchAction\",\"target\":\"https:\/\/portfolio.yd-media.de\/birkholz\/?s={search_term_string}\",\"query-input\":\"required name=search_term_string\"}],\"inLanguage\":\"pt-PT\"},{\"@type\":\"ImageObject\",\"@id\":\"https:\/\/portfolio.yd-media.de\/birkholz\/pt-pt\/requisicoes\/#primaryimage\",\"inLanguage\":\"pt-PT\",\"url\":\"https:\/\/portfolio.yd-media.de\/birkholz\/wp-content\/uploads\/2020\/12\/cjb-social-img.jpg\",\"width\":1200,\"height\":630},{\"@type\":\"WebPage\",\"@id\":\"https:\/\/portfolio.yd-media.de\/birkholz\/pt-pt\/requisicoes\/#webpage\",\"url\":\"https:\/\/portfolio.yd-media.de\/birkholz\/pt-pt\/requisicoes\/\",\"name\":\"Requisi\\u00e7\\u00f5es - Claudia Janet Birkholz\",\"isPartOf\":{\"@id\":\"https:\/\/portfolio.yd-media.de\/birkholz\/#website\"},\"primaryImageOfPage\":{\"@id\":\"https:\/\/portfolio.yd-media.de\/birkholz\/pt-pt\/requisicoes\/#primaryimage\"},\"datePublished\":\"2020-12-15T15:32:26+00:00\",\"dateModified\":\"2020-12-18T09:56:37+00:00\",\"breadcrumb\":{\"@id\":\"https:\/\/portfolio.yd-media.de\/birkholz\/pt-pt\/requisicoes\/#breadcrumb\"},\"inLanguage\":\"pt-PT\",\"potentialAction\":[{\"@type\":\"ReadAction\",\"target\":[\"https:\/\/portfolio.yd-media.de\/birkholz\/pt-pt\/requisicoes\/\"]}]},{\"@type\":\"BreadcrumbList\",\"@id\":\"https:\/\/portfolio.yd-media.de\/birkholz\/pt-pt\/requisicoes\/#breadcrumb\",\"itemListElement\":[{\"@type\":\"ListItem\",\"position\":1,\"item\":{\"@type\":\"WebPage\",\"@id\":\"https:\/\/portfolio.yd-media.de\/birkholz\/pt-pt\/\",\"url\":\"https:\/\/portfolio.yd-media.de\/birkholz\/pt-pt\/\",\"name\":\"Startseite\"}},{\"@type\":\"ListItem\",\"position\":2,\"item\":{\"@type\":\"WebPage\",\"@id\":\"https:\/\/portfolio.yd-media.de\/birkholz\/pt-pt\/requisicoes\/\",\"url\":\"https:\/\/portfolio.yd-media.de\/birkholz\/pt-pt\/requisicoes\/\",\"name\":\"Requisi\\u00e7\\u00f5es\"}}]}]}<\/script>\n<!-- \/ Yoast SEO plugin. -->","_links":{"self":[{"href":"https:\/\/portfolio.yd-media.de\/birkholz\/pt-pt\/wp-json\/wp\/v2\/pages\/1257"}],"collection":[{"href":"https:\/\/portfolio.yd-media.de\/birkholz\/pt-pt\/wp-json\/wp\/v2\/pages"}],"about":[{"href":"https:\/\/portfolio.yd-media.de\/birkholz\/pt-pt\/wp-json\/wp\/v2\/types\/page"}],"author":[{"embeddable":true,"href":"https:\/\/portfolio.yd-media.de\/birkholz\/pt-pt\/wp-json\/wp\/v2\/users\/1"}],"replies":[{"embeddable":true,"href":"https:\/\/portfolio.yd-media.de\/birkholz\/pt-pt\/wp-json\/wp\/v2\/comments?post=1257"}],"version-history":[{"count":5,"href":"https:\/\/portfolio.yd-media.de\/birkholz\/pt-pt\/wp-json\/wp\/v2\/pages\/1257\/revisions"}],"predecessor-version":[{"id":2336,"href":"https:\/\/portfolio.yd-media.de\/birkholz\/pt-pt\/wp-json\/wp\/v2\/pages\/1257\/revisions\/2336"}],"wp:featuredmedia":[{"embeddable":true,"href":"https:\/\/portfolio.yd-media.de\/birkholz\/pt-pt\/wp-json\/wp\/v2\/media\/2905"}],"wp:attachment":[{"href":"https:\/\/portfolio.yd-media.de\/birkholz\/pt-pt\/wp-json\/wp\/v2\/media?parent=1257"}],"curies":[{"name":"wp","href":"https:\/\/api.w.org\/{rel}","templated":true}]}}