{"id":1245,"date":"2020-12-15T16:19:33","date_gmt":"2020-12-15T15:19:33","guid":{"rendered":"http:\/\/claudiabirkholz.de\/media\/"},"modified":"2020-12-22T11:37:29","modified_gmt":"2020-12-22T10:37:29","slug":"media","status":"publish","type":"page","link":"https:\/\/portfolio.yd-media.de\/birkholz\/pt-pt\/media\/","title":{"rendered":"M\u00e9dia"},"content":{"rendered":"<section class=\"wpb-content-wrapper\"><p>[vc_row full_width=&#8221;stretch_row&#8221; content_placement=&#8221;middle&#8221; video_bg=&#8221;yes&#8221; video_bg_url=&#8221;&#8221; bg_type=&#8221;video&#8221; video_url=&#8221;http:\/\/claudiabirkholz.de\/wp-content\/uploads\/2020\/11\/Sonata_5mb.mp4&#8243; video_opts=&#8221;loop,muted&#8221; video_poster=&#8221;id^528|url^http:\/\/claudiabirkholz.de\/wp-content\/uploads\/2020\/11\/media-bg.png|caption^null|alt^null|title^media-bg|description^null&#8221; bg_override=&#8221;full&#8221; enable_overlay=&#8221;enable_overlay_value&#8221; overlay_color=&#8221;#0a0a0a&#8221; overlay_pattern=&#8221;01.png&#8221; overlay_pattern_opacity=&#8221;90&#8243;][vc_column][vc_row_inner][vc_column_inner][vc_raw_html]PHAgY2xhc3M9ImNiLWNydW1iIj48c3Bhbj48L3NwYW4+IE3DqWRpYTwvcD4=[\/vc_raw_html][vc_column_text]<\/p>\n<h1 class=\"cb-white\">Pressentimento digital.<\/span><\/h1>\n<h1 class=\"h1-2 cb-white\"><span style=\"opacity: 0.8;\">Experimente ao vivo. <\/h1>\n<p>[\/vc_column_text][vc_column_text]<\/p>\n<p class=\"cb-white\">A arte sonora contempor\u00e2nea pertence ao palco? Sim! Mas tamb\u00e9m \u00e9 uma experi\u00eancia audiovisual, como prova Claudia Janet Birkholz: Junto com a renomada cineasta Christine Jezior, com obras premiadas na It\u00e1lia, \u00cdndia, Gr\u00e3-Bretanha e Estados Unidos, ela produz videoclipes. Curtas-metragens premiados que capturam sons em imagens, tornam hist\u00f3rias emocionalmente tang\u00edveis em v\u00e1rios patamares e transmitem o clima de uma composi\u00e7\u00e3o diretamente para o p\u00fablico por meio de visualiza\u00e7\u00f5es elaboradamente encenadas. Cinematografia comovente, que \u00e0s vezes cria cen\u00e1rios que parecem se de outro mundo. E que, acima de tudo, consegue uma coisa: abordar o subconsciente diretamente com M\u00fasica Nova. Nesta p\u00e1gina voc\u00ea encontrar\u00e1 uma sele\u00e7\u00e3o dos curtas-metragens em que trabalhou Claudia Janet Birkholz.\n<\/p>\n<p>[\/vc_column_text]<div class=\"ult-spacer spacer-69df5eeca867f\" data-id=\"69df5eeca867f\" data-height=\"100\" data-height-mobile=\"50\" data-height-tab=\"\" data-height-tab-portrait=\"\" data-height-mobile-landscape=\"50\" style=\"clear:both;display:block;\"><\/div>[\/vc_column_inner][\/vc_row_inner][\/vc_column][\/vc_row][vc_row full_width=&#8221;stretch_row&#8221; bg_type=&#8221;grad&#8221; css=&#8221;.vc_custom_1605270612150{background-color: #0c0c0c !important;}&#8221; bg_grad=&#8221;background: url(data:image\/svg+xml;base64,PHN2ZyB4bWxucz0iaHR0cDovL3d3dy53My5vcmcvMjAwMC9zdmciPjxkZWZzPjxsaW5lYXJHcmFkaWVudCBpZD0iZ3JhZGllbnQiIHgxPSIwJSIgeTE9IjAlIiB4Mj0iMCUiIHkyPSIxMDAlIj48c3RvcCBvZmZzZXQ9IjAlIiBzdHlsZT0ic3RvcC1jb2xvcjojMDAwMDAwOyIgLz48c3RvcCBvZmZzZXQ9IjcyJSIgc3R5bGU9InN0b3AtY29sb3I6IzI5MjkyOTsiIC8+PC9saW5lYXJHcmFkaWVudD48L2RlZnM+PHJlY3QgZmlsbD0idXJsKCNncmFkaWVudCkiIGhlaWdodD0iMTAwJSIgd2lkdGg9IjEwMCUiIC8+PC9zdmc+);background: -webkit-gradient(linear, left top, left bottom, color-stop(0%, #000000), color-stop(72%, #292929));background: -moz-linear-gradient(left,#000000 0%,#292929 72%);background: -webkit-linear-gradient(left,#000000 0%,#292929 72%);background: -o-linear-gradient(left,#000000 0%,#292929 72%);background: -ms-linear-gradient(left,#000000 0%,#292929 72%);background: linear-gradient(left,#000000 0%,#292929 72%);&#8221;][vc_column]<div class=\"ult-spacer spacer-69df5eeca86bc\" data-id=\"69df5eeca86bc\" data-height=\"50\" data-height-mobile=\"40\" data-height-tab=\"\" data-height-tab-portrait=\"\" data-height-mobile-landscape=\"40\" style=\"clear:both;display:block;\"><\/div>[vc_row_inner content_placement=&#8221;middle&#8221; el_class=&#8221;event-div cb-small-width&#8221;][vc_column_inner][vc_column_text css_animation=&#8221;fadeIn&#8221;]<\/p>\n<h1 class=\"cb-white center\"> Obras de arte audiovisual <\/h1>\n<p>[\/vc_column_text]<div class=\"ult-spacer spacer-69df5eeca86e4\" data-id=\"69df5eeca86e4\" data-height=\"30\" data-height-mobile=\"20\" data-height-tab=\"\" data-height-tab-portrait=\"\" data-height-mobile-landscape=\"20\" style=\"clear:both;display:block;\"><\/div>[vc_column_text css_animation=&#8221;fadeIn&#8221;]<\/p>\n<p class=\"cb-white center-resp\">Claudia Janet Birkholz n\u00e3o \u00e9 apenas fascinada pela execu\u00e7\u00e3o musical. Nos \u00faltimos anos, ela tamb\u00e9m se empenhou cada vez mais no setor audiovisual: Ela grava obras contempor\u00e2neas \u2013 e, junto com a internacionalmente aclamada cineasta polonesa Christine Jezior, desenvolve conceitos de como as imagens sonoras podem ser traduzidas em filme. Esta abordagem interdisciplinar resultou em obras cinematogr\u00e1ficas que apoiam a experi\u00eancia auditiva atrav\u00e9s do patamar gr\u00e1fico adicional. E, ao mesmo tempo, proporciona ao videoclipe um novo significado: Se esta arte foi degenerada a um instrumento de marketing para m\u00fasica mainstream na cultura moderna, aqui ela assume uma fun\u00e7\u00e3o completamente diferente \u2013 ou seja, criar uma obra completa de alta qualidade a partir de som e imagens, que abre mundos inteiros de sons e possibilita um novo acesso \u00e0 arte sonora contempor\u00e2nea.\n<\/p>\n<p>[\/vc_column_text][\/vc_column_inner][\/vc_row_inner]<div class=\"ult-spacer spacer-69df5eeca8704\" data-id=\"69df5eeca8704\" data-height=\"50\" data-height-mobile=\"50\" data-height-tab=\"50\" data-height-tab-portrait=\"\" data-height-mobile-landscape=\"\" style=\"clear:both;display:block;\"><\/div>[\/vc_column][\/vc_row][vc_row full_width=&#8221;stretch_row&#8221; css=&#8221;.vc_custom_1605270570500{background-color: #292929 !important;}&#8221; el_class=&#8221;cb-dark-div&#8221;][vc_column][vc_row_inner el_class=&#8221;cb-small-width&#8221;][vc_column_inner]<div class=\"ult-spacer spacer-69df5eeca872c\" data-id=\"69df5eeca872c\" data-height=\"50\" data-height-mobile=\"40\" data-height-tab=\"\" data-height-tab-portrait=\"\" data-height-mobile-landscape=\"40\" style=\"clear:both;display:block;\"><\/div>[vc_raw_html el_class=&#8221;cb-small-width&#8221;]PGgxIGNsYXNzPSJjYi1oaC1saW5lIj48aSBjbGFzcz0iZmFyIGZhLXBsYXktY2lyY2xlIj48L2k+IEFDVElORzxkaXYgY2xhc3M9ImNiLWgtbGluZS0zIj48L2Rpdj48L2gxPg==[\/vc_raw_html]<div class=\"ult-spacer spacer-69df5eeca874b\" data-id=\"69df5eeca874b\" data-height=\"30\" data-height-mobile=\"30\" data-height-tab=\"30\" data-height-tab-portrait=\"\" data-height-mobile-landscape=\"\" style=\"clear:both;display:block;\"><\/div><div id=\"ultimate-video-139869df5eeca87c9\" class=\"ult-video  ult-adjust-bottom-margin ultimate-video-139869df5eeca87c9 ultv-8104 \"><div class=\"ultv-video ultv-aspect-ratio-16_9 ultv-subscribe-responsive-none\" data-videotype=\"uv_iframe\">\n\t\t\t\t\t\t<div class=\"ultv-video__outer-wrap\" data-autoplay=\"0\" data-device=\"false\"  data-iconbg=\"#3A3A3A\" data-overcolor=\"\" data-defaultbg=\"#1f1f1e\" data-defaultplay=\"defaulticon\"><div class=\"ultv-video__play\" data-src=\"https:\/\/www.youtube-nocookie.com\/embed\/r2L1W2jIKMk?rel=0&amp;start&amp;end&amp;controls=1&amp;mute=0&amp;modestbranding=0&amp;autoplay=1\">\n\t\t\t\t\t\t\t\t<img class=\"ultv-video__thumb\" src=\"https:\/\/i.ytimg.com\/vi\/r2L1W2jIKMk\/maxresdefault.jpg\"\/>\n\t\t\t\t\t\t\t\t<div class=\"ultv-video__play-icon  ultv-animation-none\" style=\"width:75px\"><svg height=\"100%\" version=\"1.1\" viewBox=\"0 0 68 48\" width=\"100%\"><path class=\"ultv-youtube-icon-bg\" d=\"m .66,37.62 c 0,0 .66,4.70 2.70,6.77 2.58,2.71 5.98,2.63 7.49,2.91 5.43,.52 23.10,.68 23.12,.68 .00,-1.3e-5 14.29,-0.02 23.81,-0.71 1.32,-0.15 4.22,-0.17 6.81,-2.89 2.03,-2.07 2.70,-6.77 2.70,-6.77 0,0 .67,-5.52 .67,-11.04 l 0,-5.17 c 0,-5.52 -0.67,-11.04 -0.67,-11.04 0,0 -0.66,-4.70 -2.70,-6.77 C 62.03,.86 59.13,.84 57.80,.69 48.28,0 34.00,0 34.00,0 33.97,0 19.69,0 10.18,.69 8.85,.84 5.95,.86 3.36,3.58 1.32,5.65 .66,10.35 .66,10.35 c 0,0 -0.55,4.50 -0.66,9.45 l 0,8.36 c .10,4.94 .66,9.45 .66,9.45 z\" fill=\"#1f1f1e\" ><\/path><path d=\"m 26.96,13.67 18.37,9.62 -18.37,9.55 -0.00,-19.17 z\" fill=\"#fff\"><\/path><path d=\"M 45.02,23.46 45.32,23.28 26.96,13.67 43.32,22.34 45.02,23.46 z\" fill=\"#ccc\"><\/path><\/svg><\/div> <\/div> <\/div><\/div><\/div>[\/vc_column_inner][\/vc_row_inner][vc_row_inner el_class=&#8221;cb-small-width cb-video-text&#8221;][vc_column_inner][vc_column_text]O curta-metragem \u201cActing&#8221; surgiu em 2018 e foca em um tema central do nosso tempo: auto-otimiza\u00e7\u00e3o. Cercado por retratos da perfei\u00e7\u00e3o, ilus\u00f5es superficiais do aparentemente necess\u00e1rio, uma vers\u00e3o melhor de si sempre aparece ao alcance, sempre nas proximidades \u2013 se voc\u00ea apenas se esfor\u00e7ar. Uma busca sem fim de uma vis\u00e3o da vida ideal que \u00e9 modelada ao m\u00e1ximo a partir do exterior e que n\u00e3o deixa espa\u00e7o para fraquezas, nenhum tempo para descanso, nenhuma satisfa\u00e7\u00e3o com o puro ser.<br \/>\n<br \/>\n[\/vc_column_text][vc_column_text]<\/p>\n<p class=\"p1\">Claudia Janet Birkholz, junto com Julina Nishimine, criou o roteiro, desenvolveu os figurinos e comp\u00f4s a m\u00fasica. O resultado \u00e9 uma sequ\u00eancia art\u00edstica de palavras, ru\u00eddos e sons que exigem disciplina e aperfei\u00e7oamento, seja no esporte ou na t\u00e9cnica de execu\u00e7\u00e3o musical. E no final, a olhada atrav\u00e9s de janelas alheias, que mostra: ainda n\u00e3o \u00e9 o suficiente.\n<\/p>\n<p>[\/vc_column_text][vc_column_text]<\/p>\n<p class=\"p1\">Um filme como um frenesi e uma imagem dr\u00e1stica do nosso tempo, que faz parte da Sele\u00e7\u00e3o Oficial de diversos festivais de cinema e j\u00e1 ganhou pr\u00eamios na Gr\u00e3-Bretanha, Venezuela, \u00cdndia, Turquia, Brasil e Alemanha, entre outros.\n<\/p>\n<p>[\/vc_column_text][vc_separator color=&#8221;custom&#8221; accent_color=&#8221;#333333&#8243;][vc_column_text css=&#8221;.vc_custom_1605269597295{margin-bottom: 10px !important;margin-left: 5px !important;}&#8221;]<\/p>\n<h4 class=\"cb-white\"> Equipe t\u00e9cnica <\/h4>\n<p>[\/vc_column_text][vc_raw_html]PHRhYmxlPg0KICA8dHI+DQogICAgPHRkPiBEaXJldG9yYSA8L3RkPg0KICAgIDx0ZD5DaHJpc3RpbmUgSmV6aW9yPC90ZD4NCiAgPC90cj4NCiAgPHRyPg0KICAgIDx0ZD4gUm90ZWlybyA8L3RkPg0KICAgIDx0ZD4gQ2xhdWRpYSBCaXJraG9seiBlIEp1bGluYSBOaXNoaW1pbmUgPC90ZD4NCiAgPC90cj4NCiAgPHRyPg0KICAgIDx0ZD4gUHJvZHV0b3JhIDwvdGQ+DQogICAgPHRkPiBDaHJpc3RpbmUgSmV6aW9yIDwvdGQ+DQogIDwvdHI+DQogIDx0cj4NCiAgICA8dGQ+IERpcmV0b3IgZGUgRm90b2dyYWZpYSA8L3RkPg0KICAgIDx0ZD4gQmFydG9zeiBCaWFsb2JyemVza2kgPC90ZD4NCiAgPC90cj4NCiAgPHRyPg0KICAgIDx0ZD4gRmlndXJpbmlzdGFzIDwvdGQ+DQogICAgPHRkPiBDbGF1ZGlhIEJpcmtob2x6IGUgSnVsaW5hIE5pc2hpbWluZSA8L3RkPg0KICA8L3RyPg0KICA8dHI+DQogICAgPHRkPiBTb20gPC90ZD4NCiAgICA8dGQ+IE1hdHRoaWFzIE5vcmRob3JuIDwvdGQ+DQogIDwvdHI+DQogIDx0cj4NCiAgICA8dGQ+IEVkaXRvciA8L3RkPg0KICAgIDx0ZD4gQmFydG9zeiBCaWFsb2JyemVza2k8L3RkPg0KICA8L3RyPg0KICA8dHI+DQogICAgPHRkPiBEZXNpZ24gZGUgc29tIDwvdGQ+DQogICAgPHRkPiBNYXR0aGlhcyBOb3JkaG9ybiA8L3RkPg0KICA8L3RyPg0KICA8dHI+DQogICAgPHRkPiBNw7pzaWNhIDwvdGQ+DQogICAgPHRkPiBDbGF1ZGlhIEphbmV0IEJpcmtob2x6IDwvdGQ+DQogIDwvdHI+DQo8L3RhYmxlPg==[\/vc_raw_html][vc_column_text css=&#8221;.vc_custom_1605269869063{margin-bottom: 10px !important;margin-left: 5px !important;}&#8221;]<\/p>\n<h4 class=\"cb-white\">Elenco<br \/>\n<\/h4>\n<p>[\/vc_column_text][vc_raw_html]PHRhYmxlPg0KICA8dHI+DQogICAgPHRkPiBNdWxoZXIgPC90ZD4NCiAgICA8dGQ+IENsYXVkaWEgSmFuZXQgQmlya2hvbHogPC90ZD4NCiAgPC90cj4NCiAgPHRyPg0KICAgIDx0ZD4gVHJlaW5hZG9yIGRlIGdpbsOhc3RpY2EgPC90ZD4NCiAgICA8dGQ+IEphY2VrIEthcHR1cmVrIDwvdGQ+DQogIDwvdHI+DQogIDx0cj4NCiAgICA8dGQ+IE1lbmluYSB2ZXJkZSA8L3RkPg0KICAgIDx0ZD4gTmljbyBTZWVtYW5uIDwvdGQ+DQogIDwvdHI+DQogIDx0cj4NCiAgICA8dGQ+IE1lbmluYSB2ZXJtZWxoYSA8L3RkPg0KICAgIDx0ZD4gSnVsaW5hIE5pc2hpbWluZSA8L3RkPg0KICA8L3RyPg0KICA8dHI+DQogICAgPHRkPiBNZW5pbmEgYXp1bCA8L3RkPg0KICAgIDx0ZD4gRW1pbGllIE5pc2hpbWluZSA8L3RkPg0KICA8L3RyPg0KPC90YWJsZT4=[\/vc_raw_html][\/vc_column_inner][\/vc_row_inner][\/vc_column][\/vc_row][vc_row full_width=&#8221;stretch_row&#8221; css=&#8221;.vc_custom_1605270570500{background-color: #292929 !important;}&#8221; el_class=&#8221;cb-dark-div&#8221;][vc_column][vc_row_inner el_class=&#8221;cb-small-width&#8221;][vc_column_inner]<div class=\"ult-spacer spacer-69df5eeca887f\" data-id=\"69df5eeca887f\" data-height=\"50\" data-height-mobile=\"50\" data-height-tab=\"50\" data-height-tab-portrait=\"\" data-height-mobile-landscape=\"\" style=\"clear:both;display:block;\"><\/div>[vc_raw_html el_class=&#8221;cb-small-width&#8221;]PGgxIGNsYXNzPSJjYi1oaC1saW5lIj48aSBjbGFzcz0iZmFyIGZhLXBsYXktY2lyY2xlIj48L2k+IFNPTkFUQTxkaXYgY2xhc3M9ImNiLWgtbGluZS0zIj48L2Rpdj48L2gxPg==[\/vc_raw_html]<div class=\"ult-spacer spacer-69df5eeca88b6\" data-id=\"69df5eeca88b6\" data-height=\"30\" data-height-mobile=\"30\" data-height-tab=\"30\" data-height-tab-portrait=\"\" data-height-mobile-landscape=\"\" style=\"clear:both;display:block;\"><\/div><div id=\"ultimate-video-387869df5eeca88e9\" class=\"ult-video  ult-adjust-bottom-margin ultimate-video-387869df5eeca88e9 ultv-2665 \"><div class=\"ultv-video ultv-aspect-ratio-16_9 ultv-subscribe-responsive-none\" data-videotype=\"uv_iframe\">\n\t\t\t\t\t\t<div class=\"ultv-video__outer-wrap\" data-autoplay=\"0\" data-device=\"false\"  data-iconbg=\"#3A3A3A\" data-overcolor=\"\" data-defaultbg=\"#1f1f1e\" data-defaultplay=\"defaulticon\"><div class=\"ultv-video__play\" data-src=\"https:\/\/www.youtube-nocookie.com\/embed\/plRm4gZiYVk?rel=0&amp;start&amp;end&amp;controls=1&amp;mute=0&amp;modestbranding=0&amp;autoplay=1\">\n\t\t\t\t\t\t\t\t<img class=\"ultv-video__thumb\" src=\"https:\/\/i.ytimg.com\/vi\/plRm4gZiYVk\/maxresdefault.jpg\"\/>\n\t\t\t\t\t\t\t\t<div class=\"ultv-video__play-icon  ultv-animation-none\" style=\"width:75px\"><svg height=\"100%\" version=\"1.1\" viewBox=\"0 0 68 48\" width=\"100%\"><path class=\"ultv-youtube-icon-bg\" d=\"m .66,37.62 c 0,0 .66,4.70 2.70,6.77 2.58,2.71 5.98,2.63 7.49,2.91 5.43,.52 23.10,.68 23.12,.68 .00,-1.3e-5 14.29,-0.02 23.81,-0.71 1.32,-0.15 4.22,-0.17 6.81,-2.89 2.03,-2.07 2.70,-6.77 2.70,-6.77 0,0 .67,-5.52 .67,-11.04 l 0,-5.17 c 0,-5.52 -0.67,-11.04 -0.67,-11.04 0,0 -0.66,-4.70 -2.70,-6.77 C 62.03,.86 59.13,.84 57.80,.69 48.28,0 34.00,0 34.00,0 33.97,0 19.69,0 10.18,.69 8.85,.84 5.95,.86 3.36,3.58 1.32,5.65 .66,10.35 .66,10.35 c 0,0 -0.55,4.50 -0.66,9.45 l 0,8.36 c .10,4.94 .66,9.45 .66,9.45 z\" fill=\"#1f1f1e\" ><\/path><path d=\"m 26.96,13.67 18.37,9.62 -18.37,9.55 -0.00,-19.17 z\" fill=\"#fff\"><\/path><path d=\"M 45.02,23.46 45.32,23.28 26.96,13.67 43.32,22.34 45.02,23.46 z\" fill=\"#ccc\"><\/path><\/svg><\/div> <\/div> <\/div><\/div><\/div>[\/vc_column_inner][\/vc_row_inner][vc_row_inner el_class=&#8221;cb-small-width cb-video-text&#8221;][vc_column_inner][vc_column_text]<\/p>\n<p class=\"p1\">Ir \u00e0 busca, encontrar inspira\u00e7\u00e3o em seus pr\u00f3prios arredores, descubrir coisas novas e combinar com o que lhe \u00e9 familiar \u2013 como se voc\u00ea estivesse coletando conchas na praia e integrando-as em sua pr\u00f3pria t\u00e9cnica de execu\u00e7\u00e3o musical. Com suas obras, John Cage mostrou como paisagens musicais novas surgem quando algu\u00e9m se deixa envolver com o desconhecido de maneira criativa. Para sua Sonata, ele preparou pianos de cauda com cavilhas, parafusos e el\u00e1sticos \u2013\u00a0e assim tornou poss\u00edveis sons completamente novos.\n<\/p>\n<p>[\/vc_column_text][vc_column_text]<\/p>\n<p class=\"p1\"> No curta-metragem em preto e branco SONATA, Claudia Janet Birkholz interpreta uma composi\u00e7\u00e3o de John Cage \u2013 e carrega a m\u00fasica com imagens fortes que sustentam a jornada sonora. O que no in\u00edcio parecia um thriller psicol\u00f3gico d\u00e1 uma guinada surpreendente que cria suspense at\u00e9 o final.  <\/p>\n<p>[\/vc_column_text][vc_column_text]<\/p>\n<p class=\"p1\">Para o curta-metragem de Christine Jezior, Claudia Janet Birkholz desenvolveu os figurinos e est\u00e1 ela mesma diante das c\u00e2meras. Uma obra impressionante que tamb\u00e9m recebeu muito reconhecimento internacional \u2013 inclusive em festivais de cinema na Su\u00ed\u00e7a, B\u00e9lgica, EUA, Gr\u00e3-Bretanha, Gr\u00e9cia, Su\u00e9cia, \u00cdndia, Argentina e Alemanha.\n<\/p>\n<p>[\/vc_column_text][vc_separator color=&#8221;custom&#8221; accent_color=&#8221;#333333&#8243;][vc_column_text css=&#8221;.vc_custom_1605269597295{margin-bottom: 10px !important;margin-left: 5px !important;}&#8221;]<\/p>\n<h4 class=\"cb-white\"> Equipe t\u00e9cnica <\/h4>\n<p>[\/vc_column_text][vc_raw_html]PHRhYmxlPg0KICA8dHI+DQogICAgPHRkPiBEaXJldG9yYSA8L3RkPg0KICAgIDx0ZD5DaHJpc3RpbmUgSmV6aW9yPC90ZD4NCiAgPC90cj4NCiAgPHRyPg0KICAgIDx0ZD4gUm90ZWlybyA8L3RkPg0KICAgIDx0ZD4gQ2hyaXN0aW5lIEplemlvciA8L3RkPg0KICA8L3RyPg0KICA8dHI+DQogICAgPHRkPiBQcm9kdXRvcmEgPC90ZD4NCiAgICA8dGQ+IENocmlzdGluZSBKZXppb3IsIE1BQU0gVFYgPC90ZD4NCiAgPC90cj4NCiAgPHRyPg0KICAgIDx0ZD4gRGlyZXRvciBkZSBGb3RvZ3JhZmlhIDwvdGQ+DQogICAgPHRkPiBCYXJ0b3N6IEJpYWxvYnJ6ZXNraSA8L3RkPg0KICA8L3RyPg0KICA8dHI+DQogICAgPHRkPiBGaWd1cmluaXN0YSA8L3RkPg0KICAgIDx0ZD4gQ2xhdWRpYSBKYW5ldCBCaXJraG9seiA8L3RkPg0KICA8L3RyPg0KICA8dHI+DQogICAgPHRkPiBTb20gPC90ZD4NCiAgICA8dGQ+IE1hdHRoaWFzIE5vcmRob3JuIDwvdGQ+DQogIDwvdHI+DQogIDx0cj4NCiAgICA8dGQ+IEVkaXRvciA8L3RkPg0KICAgIDx0ZD4gQmFydG9zeiBCaWFsb2JyemVza2kgPC90ZD4NCiAgPC90cj4NCiAgPHRyPg0KICAgIDx0ZD4gRGVzaWduIGRlIHNvbSA8L3RkPg0KICAgIDx0ZD4gTWF0dGhpYXMgTm9yZGhvcm4gPC90ZD4NCiAgPC90cj4NCiAgPHRyPg0KICAgIDx0ZD4gTcO6c2ljYSA8L3RkPg0KICAgIDx0ZD4gSm9obiBDYWdlIDwvdGQ+DQogIDwvdHI+DQo8L3RhYmxlPg==[\/vc_raw_html][vc_column_text css=&#8221;.vc_custom_1605269869063{margin-bottom: 10px !important;margin-left: 5px !important;}&#8221;]<\/p>\n<h4 class=\"cb-white\">Elenco<br \/>\n<\/h4>\n<p>[\/vc_column_text][vc_raw_html]PHRhYmxlPg0KICA8dHI+DQogICAgPHRkPkNsYXVkaWEgSmFuZXQgQmlya2hvbHogPC90ZD4NCiAgICA8dGQ+IDwvdGQ+DQogIDwvdHI+DQoNCjwvdGFibGU+[\/vc_raw_html][\/vc_column_inner][\/vc_row_inner]<div class=\"ult-spacer spacer-69df5eeca8941\" data-id=\"69df5eeca8941\" data-height=\"50\" data-height-mobile=\"50\" data-height-tab=\"50\" data-height-tab-portrait=\"\" data-height-mobile-landscape=\"\" style=\"clear:both;display:block;\"><\/div>[vc_row_inner el_class=&#8221;cb-small-width&#8221;][vc_column_inner][vc_raw_html]PGlmcmFtZSBzcmM9Imh0dHBzOi8vb3Blbi5zcG90aWZ5LmNvbS9lbWJlZC1wb2RjYXN0L2VwaXNvZGUvNDl2dzhhNTJHSDFqTERySkdzQXRSdCIgd2lkdGg9IjEwMCUiIGhlaWdodD0iMjMyIiBmcmFtZWJvcmRlcj0iMCIgYWxsb3d0cmFuc3BhcmVuY3k9InRydWUiIGFsbG93PSJlbmNyeXB0ZWQtbWVkaWEiPjwvaWZyYW1lPg==[\/vc_raw_html]<div class=\"ult-spacer spacer-69df5eeca895d\" data-id=\"69df5eeca895d\" data-height=\"10\" data-height-mobile=\"10\" data-height-tab=\"10\" data-height-tab-portrait=\"\" data-height-mobile-landscape=\"\" style=\"clear:both;display:block;\"><\/div>[vc_separator color=&#8221;custom&#8221; accent_color=&#8221;#666666&#8243;]<div class=\"ult-spacer spacer-69df5eeca897f\" data-id=\"69df5eeca897f\" data-height=\"10\" data-height-mobile=\"10\" data-height-tab=\"10\" data-height-tab-portrait=\"\" data-height-mobile-landscape=\"\" style=\"clear:both;display:block;\"><\/div>[\/vc_column_inner][\/vc_row_inner][vc_row_inner el_class=&#8221;cb-small-width&#8221;][vc_column_inner][vc_column_text]<\/p>\n<h3 class=\"cb-white\"> Juntos criar algo impressionante <\/h3>\n<p>[\/vc_column_text][vc_column_text]<\/p>\n<p class=\"p1\">Voc\u00ea tem uma ideia para um programa de concerto, um curta-metragem na \u00e1rea da M\u00fasica Nova ou procura algu\u00e9m para traduzir a sua composi\u00e7\u00e3o em imagens? Contacte-nos com a sua requisi\u00e7\u00e3o a Claudia Janet Birkholz. Tamb\u00e9m oferecemos a cineastas e videomakers experientes a oportunidade de acompanhar Claudia Janet Birkholz em um de seus concertos.\n<\/p>\n<p>[\/vc_column_text][vc_raw_html]PGEgaHJlZj0iaHR0cHM6Ly9jbGF1ZGlhLWJpcmtob2x6LmRlL3B0LXB0L3JlcXVpc2ljb2VzLyIgY2xhc3M9ImNiLWJ0biBjYi1idG4tZGFyayI+IFJlcXVpc2l0ZSBhZ29yYSA8aSBjbGFzcz0iZmFzIGZhLWxvbmctYXJyb3ctYWx0LXJpZ2h0IGNiLWJ0bi1pLXIiPjwvaT48L2E+[\/vc_raw_html]<div class=\"ult-spacer spacer-69df5eeca89a1\" data-id=\"69df5eeca89a1\" data-height=\"100\" data-height-mobile=\"60\" data-height-tab=\"\" data-height-tab-portrait=\"\" data-height-mobile-landscape=\"60\" style=\"clear:both;display:block;\"><\/div>[\/vc_column_inner][\/vc_row_inner][\/vc_column][\/vc_row]<\/p>\n<\/section>","protected":false},"excerpt":{"rendered":"<p>[vc_row full_width=&#8221;stretch_row&#8221; content_placement=&#8221;middle&#8221; video_bg=&#8221;yes&#8221; video_bg_url=&#8221;&#8221; bg_type=&#8221;video&#8221; video_url=&#8221;http:\/\/claudiabirkholz.de\/wp-content\/uploads\/2020\/11\/Sonata_5mb.mp4&#8243; video_opts=&#8221;loop,muted&#8221; video_poster=&#8221;id^528|url^http:\/\/claudiabirkholz.de\/wp-content\/uploads\/2020\/11\/media-bg.png|caption^null|alt^null|title^media-bg|description^null&#8221; bg_override=&#8221;full&#8221; enable_overlay=&#8221;enable_overlay_value&#8221; overlay_color=&#8221;#0a0a0a&#8221; overlay_pattern=&#8221;01.png&#8221; overlay_pattern_opacity=&#8221;90&#8243;][vc_column][vc_row_inner][vc_column_inner][vc_raw_html]PHAgY2xhc3M9ImNiLWNydW1iIj48c3Bhbj48L3NwYW4+IE3DqWRpYTwvcD4=[\/vc_raw_html][vc_column_text] Pressentimento digital. Experimente ao vivo. [\/vc_column_text][vc_column_text] A arte sonora contempor\u00e2nea pertence ao palco? Sim! Mas tamb\u00e9m \u00e9 uma experi\u00eancia audiovisual, como prova Claudia Janet Birkholz: Junto com a renomada cineasta Christine Jezior, com obras premiadas na It\u00e1lia, \u00cdndia, Gr\u00e3-Bretanha e Estados&hellip;<\/p>\n","protected":false},"author":1,"featured_media":2905,"parent":0,"menu_order":0,"comment_status":"closed","ping_status":"closed","template":"","meta":[],"yoast_head":"<!-- This site is optimized with the Yoast SEO plugin v15.9.2 - https:\/\/yoast.com\/wordpress\/plugins\/seo\/ -->\n<title>M\u00e9dia - Claudia Janet Birkholz<\/title>\n<meta name=\"robots\" content=\"noindex, follow, max-snippet:-1, max-image-preview:large, max-video-preview:-1\" \/>\n<meta property=\"og:locale\" content=\"pt_PT\" \/>\n<meta property=\"og:type\" content=\"article\" \/>\n<meta property=\"og:title\" content=\"M\u00e9dia - Claudia Janet Birkholz\" \/>\n<meta property=\"og:description\" content=\"[vc_row full_width=&#8221;stretch_row&#8221; content_placement=&#8221;middle&#8221; video_bg=&#8221;yes&#8221; video_bg_url=&#8221;&#8221; bg_type=&#8221;video&#8221; video_url=&#8221;http:\/\/claudiabirkholz.de\/wp-content\/uploads\/2020\/11\/Sonata_5mb.mp4&#8243; video_opts=&#8221;loop,muted&#8221; video_poster=&#8221;id^528|url^http:\/\/claudiabirkholz.de\/wp-content\/uploads\/2020\/11\/media-bg.png|caption^null|alt^null|title^media-bg|description^null&#8221; bg_override=&#8221;full&#8221; enable_overlay=&#8221;enable_overlay_value&#8221; overlay_color=&#8221;#0a0a0a&#8221; overlay_pattern=&#8221;01.png&#8221; overlay_pattern_opacity=&#8221;90&#8243;][vc_column][vc_row_inner][vc_column_inner][vc_raw_html]PHAgY2xhc3M9ImNiLWNydW1iIj48c3Bhbj48L3NwYW4+IE3DqWRpYTwvcD4=[\/vc_raw_html][vc_column_text] Pressentimento digital. Experimente ao vivo. [\/vc_column_text][vc_column_text] A arte sonora contempor\u00e2nea pertence ao palco? Sim! Mas tamb\u00e9m \u00e9 uma experi\u00eancia audiovisual, como prova Claudia Janet Birkholz: Junto com a renomada cineasta Christine Jezior, com obras premiadas na It\u00e1lia, \u00cdndia, Gr\u00e3-Bretanha e Estados&hellip;\" \/>\n<meta property=\"og:url\" content=\"https:\/\/portfolio.yd-media.de\/birkholz\/pt-pt\/media\/\" \/>\n<meta property=\"og:site_name\" content=\"Claudia Janet Birkholz\" \/>\n<meta property=\"article:publisher\" content=\"https:\/\/www.facebook.com\/CJBirkholz\" \/>\n<meta property=\"article:modified_time\" content=\"2020-12-22T10:37:29+00:00\" \/>\n<meta property=\"og:image\" content=\"https:\/\/portfolio.yd-media.de\/birkholz\/wp-content\/uploads\/2020\/12\/cjb-social-img.jpg\" \/>\n\t<meta property=\"og:image:width\" content=\"1200\" \/>\n\t<meta property=\"og:image:height\" content=\"630\" \/>\n<meta name=\"twitter:card\" content=\"summary_large_image\" \/>\n<meta name=\"twitter:label1\" content=\"Tempo estimado de leitura\">\n\t<meta name=\"twitter:data1\" content=\"10 minutos\">\n<script type=\"application\/ld+json\" class=\"yoast-schema-graph\">{\"@context\":\"https:\/\/schema.org\",\"@graph\":[{\"@type\":\"WebSite\",\"@id\":\"https:\/\/portfolio.yd-media.de\/birkholz\/#website\",\"url\":\"https:\/\/portfolio.yd-media.de\/birkholz\/\",\"name\":\"Claudia Janet Birkholz\",\"description\":\"Claudia Janet Birkholz ist Pianistin und Dozentin f\\u00fcr Klavier und zeitgen\\u00f6ssische Musik an der Hochschule f\\u00fcr K\\u00fcnste Bremen (HfK).\",\"potentialAction\":[{\"@type\":\"SearchAction\",\"target\":\"https:\/\/portfolio.yd-media.de\/birkholz\/?s={search_term_string}\",\"query-input\":\"required name=search_term_string\"}],\"inLanguage\":\"pt-PT\"},{\"@type\":\"ImageObject\",\"@id\":\"https:\/\/portfolio.yd-media.de\/birkholz\/pt-pt\/media\/#primaryimage\",\"inLanguage\":\"pt-PT\",\"url\":\"https:\/\/portfolio.yd-media.de\/birkholz\/wp-content\/uploads\/2020\/12\/cjb-social-img.jpg\",\"width\":1200,\"height\":630},{\"@type\":\"WebPage\",\"@id\":\"https:\/\/portfolio.yd-media.de\/birkholz\/pt-pt\/media\/#webpage\",\"url\":\"https:\/\/portfolio.yd-media.de\/birkholz\/pt-pt\/media\/\",\"name\":\"M\\u00e9dia - Claudia Janet Birkholz\",\"isPartOf\":{\"@id\":\"https:\/\/portfolio.yd-media.de\/birkholz\/#website\"},\"primaryImageOfPage\":{\"@id\":\"https:\/\/portfolio.yd-media.de\/birkholz\/pt-pt\/media\/#primaryimage\"},\"datePublished\":\"2020-12-15T15:19:33+00:00\",\"dateModified\":\"2020-12-22T10:37:29+00:00\",\"breadcrumb\":{\"@id\":\"https:\/\/portfolio.yd-media.de\/birkholz\/pt-pt\/media\/#breadcrumb\"},\"inLanguage\":\"pt-PT\",\"potentialAction\":[{\"@type\":\"ReadAction\",\"target\":[\"https:\/\/portfolio.yd-media.de\/birkholz\/pt-pt\/media\/\"]}]},{\"@type\":\"BreadcrumbList\",\"@id\":\"https:\/\/portfolio.yd-media.de\/birkholz\/pt-pt\/media\/#breadcrumb\",\"itemListElement\":[{\"@type\":\"ListItem\",\"position\":1,\"item\":{\"@type\":\"WebPage\",\"@id\":\"https:\/\/portfolio.yd-media.de\/birkholz\/pt-pt\/\",\"url\":\"https:\/\/portfolio.yd-media.de\/birkholz\/pt-pt\/\",\"name\":\"Startseite\"}},{\"@type\":\"ListItem\",\"position\":2,\"item\":{\"@type\":\"WebPage\",\"@id\":\"https:\/\/portfolio.yd-media.de\/birkholz\/pt-pt\/media\/\",\"url\":\"https:\/\/portfolio.yd-media.de\/birkholz\/pt-pt\/media\/\",\"name\":\"M\\u00e9dia\"}}]}]}<\/script>\n<!-- \/ Yoast SEO plugin. -->","_links":{"self":[{"href":"https:\/\/portfolio.yd-media.de\/birkholz\/pt-pt\/wp-json\/wp\/v2\/pages\/1245"}],"collection":[{"href":"https:\/\/portfolio.yd-media.de\/birkholz\/pt-pt\/wp-json\/wp\/v2\/pages"}],"about":[{"href":"https:\/\/portfolio.yd-media.de\/birkholz\/pt-pt\/wp-json\/wp\/v2\/types\/page"}],"author":[{"embeddable":true,"href":"https:\/\/portfolio.yd-media.de\/birkholz\/pt-pt\/wp-json\/wp\/v2\/users\/1"}],"replies":[{"embeddable":true,"href":"https:\/\/portfolio.yd-media.de\/birkholz\/pt-pt\/wp-json\/wp\/v2\/comments?post=1245"}],"version-history":[{"count":12,"href":"https:\/\/portfolio.yd-media.de\/birkholz\/pt-pt\/wp-json\/wp\/v2\/pages\/1245\/revisions"}],"predecessor-version":[{"id":2696,"href":"https:\/\/portfolio.yd-media.de\/birkholz\/pt-pt\/wp-json\/wp\/v2\/pages\/1245\/revisions\/2696"}],"wp:featuredmedia":[{"embeddable":true,"href":"https:\/\/portfolio.yd-media.de\/birkholz\/pt-pt\/wp-json\/wp\/v2\/media\/2905"}],"wp:attachment":[{"href":"https:\/\/portfolio.yd-media.de\/birkholz\/pt-pt\/wp-json\/wp\/v2\/media?parent=1245"}],"curies":[{"name":"wp","href":"https:\/\/api.w.org\/{rel}","templated":true}]}}