{"id":1183,"date":"2020-12-15T15:24:02","date_gmt":"2020-12-15T14:24:02","guid":{"rendered":"http:\/\/claudiabirkholz.de\/pagina-inicial\/"},"modified":"2020-12-16T17:38:03","modified_gmt":"2020-12-16T16:38:03","slug":"pagina-inicial","status":"publish","type":"page","link":"https:\/\/portfolio.yd-media.de\/birkholz\/pt-pt\/","title":{"rendered":"P\u00e1gina inicial"},"content":{"rendered":"<section class=\"wpb-content-wrapper\"><p>[vc_row full_width=&#8221;stretch_row_content&#8221; el_class=&#8221;start-div&#8221; css=&#8221;.vc_custom_1603969818573{padding-right: 0px !important;padding-left: 0px !important;}&#8221;][vc_column css=&#8221;.vc_custom_1603969824773{padding-right: 0px !important;padding-left: 0px !important;}&#8221;][vc_raw_html]PGRpdiBjbGFzcz0iYmlyay1oZWFkZXIiPjwvZGl2Pg0K[\/vc_raw_html][\/vc_column][\/vc_row][vc_row][vc_column][vc_row_inner][vc_column_inner]<div class=\"ult-spacer spacer-69d4f9e44e777\" data-id=\"69d4f9e44e777\" data-height=\"50\" data-height-mobile=\"10\" data-height-tab=\"\" data-height-tab-portrait=\"\" data-height-mobile-landscape=\"10\" style=\"clear:both;display:block;\"><\/div>[vc_column_text]<\/p>\n<h1> M\u00fasico com paix\u00e3o.<br \/>\nPianista de concertos de classe mundial. <\/h1>\n<p>[\/vc_column_text][vc_column_text]M\u00fasica! \u00c0s vezes expressiva e virtuosa, \u00e0s vezes delicada e finamente colorida: Claudia Janet Birkholz dedicou todo o seu trabalho art\u00edstico \u00e0 arte sonora. A profundidade infinita de seu mundo musical, seu controle t\u00e9cnico absoluto sobre o instrumento e a originalidade surpreendente de suas interpreta\u00e7\u00f5es fascinam seu p\u00fablico. A magia da pianista de concerto internacionalmente solicitada prov\u00e9m de contar m\u00fasica de maneiras diferentes, fazendo os sons falarem \u2013 abrindo ouvidos e cora\u00e7\u00f5es para uma experi\u00eancia musical completamente nova. Para isso, ela convida importantes convidados para dar concertos coloquiais, d\u00e1 in\u00edcio a eventos culturais e desenvolve novas abordagens interdisciplinares. E, como professora da Universidade das Artes de Bremen, ela forma jovens m\u00fasicos e gera\u00e7\u00f5es inteiras de artistas h\u00e1 25 anos. Claudia Janet Birkholz \u00e9 uma excepcionalidade em seu of\u00edcio: Ele n\u00e3o apenas transp\u00f5e os limites da arte sonora, mas os dissolve inteiramente. E cria uma experi\u00eancia musical incompar\u00e1vel.<br \/>\n[\/vc_column_text]<div class=\"ult-spacer spacer-69d4f9e44e797\" data-id=\"69d4f9e44e797\" data-height=\"10\" data-height-mobile=\"10\" data-height-tab=\"10\" data-height-tab-portrait=\"\" data-height-mobile-landscape=\"\" style=\"clear:both;display:block;\"><\/div>[vc_separator]<div class=\"ult-spacer spacer-69d4f9e44e7ac\" data-id=\"69d4f9e44e7ac\" data-height=\"10\" data-height-mobile=\"10\" data-height-tab=\"10\" data-height-tab-portrait=\"\" data-height-mobile-landscape=\"\" style=\"clear:both;display:block;\"><\/div>[\/vc_column_inner][\/vc_row_inner][\/vc_column][\/vc_row][vc_row][vc_column][vc_row_inner][vc_column_inner el_class=&#8221;third-div&#8221; width=&#8221;1\/3&#8243;][vc_column_text]<\/p>\n<h3>Virtuosos\u2028concertos<br \/>\nsolistas<br \/>\n<\/h3>\n<p>[\/vc_column_text][vc_column_text css=&#8221;.vc_custom_1604398090029{margin-bottom: 0px !important;border-bottom-width: 0px !important;padding-bottom: 0px !important;}&#8221;]Claudia Janet Birkholz \u00e9 conhecida por sua virtuosidade ao tocar piano. Cada nota leva o p\u00fablico em uma jornada para uma nova dimens\u00e3o da arte sonora, desafia os h\u00e1bitos auditivos e expande a compreens\u00e3o da m\u00fasica. Com suas apresenta\u00e7\u00f5es solo e ensemble, j\u00e1 se apresentou em renomadas salas de concerto nas maiores metr\u00f3poles musicais. Ela surpreende, atrai o p\u00fablico sob o seu feiti\u00e7o, fascina por completo \u2013 seja com interpreta\u00e7\u00f5es originais ou novas t\u00e9cnicas de execu\u00e7\u00e3o da arte sonora contempor\u00e2nea.[\/vc_column_text]<div class=\"ult-spacer spacer-69d4f9e44e7bd\" data-id=\"69d4f9e44e7bd\" data-height=\"20\" data-height-mobile=\"20\" data-height-tab=\"20\" data-height-tab-portrait=\"\" data-height-mobile-landscape=\"\" style=\"clear:both;display:block;\"><\/div>[vc_column_text]<a class=\"cb-link\" style=\"display: none;\" href=\"http:\/\/claudiabirkholz.de\/pt-pt\/repertorio\/\"> Repert\u00f3rio <\/a>[\/vc_column_text][\/vc_column_inner][vc_column_inner el_class=&#8221;third-div&#8221; width=&#8221;1\/3&#8243;][vc_column_text]<\/p>\n<h3>Concertos<br \/>\ncoloquiais\u2028informativos<br \/>\n<\/h3>\n<p>[\/vc_column_text][vc_column_text css=&#8221;.vc_custom_1604397869635{margin-bottom: 0px !important;border-bottom-width: 0px !important;padding-bottom: 0px !important;}&#8221;]<\/p>\n<p class=\"p1\"><span class=\"s1\">O que a m\u00fasica tem a ver com neuroci\u00eancia ou matem\u00e1tica? Como a intelig\u00eancia artificial influencia a composi\u00e7\u00e3o musical? Com concertos coloquiais moderados, Claudia Janet Birkholz estabeleceu um formato \u00fanico que permite o interc\u00e2mbio entre o p\u00fablico e convidados da ci\u00eancia, arte e economia \u2013 e assim abre uma abordagem completamente in\u00e9dita para a M\u00fasica Nova. Eventos culturais que produzem novos insights. E asseguram que o que n\u00e3o foi ouvido seja ouvido e compreendido.<br \/>\n<\/span><\/p>\n<p>[\/vc_column_text]<div class=\"ult-spacer spacer-69d4f9e44e7cd\" data-id=\"69d4f9e44e7cd\" data-height=\"20\" data-height-mobile=\"20\" data-height-tab=\"20\" data-height-tab-portrait=\"\" data-height-mobile-landscape=\"\" style=\"clear:both;display:block;\"><\/div>[vc_column_text]<a class=\"cb-link\" style=\"display: none;\" href=\"#\"> Os projetos <\/a>[\/vc_column_text][\/vc_column_inner][vc_column_inner el_class=&#8221;third-div&#8221; width=&#8221;1\/3&#8243;][vc_column_text]<\/p>\n<h3>Workshops<br \/>\ninspiradores<\/h3>\n<p>[\/vc_column_text][vc_column_text css=&#8221;.vc_custom_1604397878004{margin-bottom: 0px !important;border-bottom-width: 0px !important;padding-bottom: 0px !important;}&#8221;]Novos impulsos para a m\u00fasica pr\u00f3pria \u2013 ou primeiros encontros com o mundo dos sons: Claudia Janet Birkholz oferece workshops que fazem da m\u00fasica uma experi\u00eancia emocional intensa. Sejam artistas, estudantes ou pessoas que n\u00e3o dominam um instrumento: Os participantes abordam a m\u00fasica de uma forma n\u00e3o convencional, questionam padr\u00f5es de pensamento e expandem seus horizontes musicais. Um desafio. Um experimento. Uma experi\u00eancia importante para o seu pr\u00f3prio trabalho art\u00edstico.[\/vc_column_text]<div class=\"ult-spacer spacer-69d4f9e44e7df\" data-id=\"69d4f9e44e7df\" data-height=\"20\" data-height-mobile=\"20\" data-height-tab=\"20\" data-height-tab-portrait=\"\" data-height-mobile-landscape=\"\" style=\"clear:both;display:block;\"><\/div>[vc_column_text]<a class=\"cb-link\" style=\"display: none;\" href=\"#\"> Os workshops <\/a>[\/vc_column_text][\/vc_column_inner][\/vc_row_inner][\/vc_column][\/vc_row][vc_row][vc_column]<div class=\"ult-spacer spacer-69d4f9e44e7f0\" data-id=\"69d4f9e44e7f0\" data-height=\"60\" data-height-mobile=\"0\" data-height-tab=\"\" data-height-tab-portrait=\"\" data-height-mobile-landscape=\"0\" style=\"clear:both;display:block;\"><\/div>[\/vc_column][\/vc_row][vc_row full_width=&#8221;stretch_row&#8221; content_placement=&#8221;middle&#8221; el_class=&#8221;aktuelles-div aktuelles-div-resp-2&#8243;][vc_column][vc_row_inner content_placement=&#8221;middle&#8221; el_class=&#8221;event-div&#8221;][vc_column_inner width=&#8221;1\/3&#8243;][\/vc_column_inner][vc_column_inner el_class=&#8221;aktuelles-text-1&#8243; width=&#8221;2\/3&#8243;]<div class=\"ult-spacer spacer-69d4f9e44e800\" data-id=\"69d4f9e44e800\" data-height=\"20\" data-height-mobile=\"50\" data-height-tab=\"\" data-height-tab-portrait=\"\" data-height-mobile-landscape=\"50\" style=\"clear:both;display:block;\"><\/div>[vc_column_text]<\/p>\n<h2 class=\"cb-white\"> Concertos e datas atuais:<br \/>\n<span class=\"cb-spin\" style=\"opacity: .8;\">Ouvir e experimentar a Claudia Janet Birkholz!<\/span><\/h2>\n<p>[\/vc_column_text][vc_column_text]Seus concertos e eventos s\u00e3o um destaque cultural: Aqui voc\u00ea pode conferir rapidamente onde Claudia Janet Birkholz poder\u00e1 ser ouvida em um futuro pr\u00f3ximo.[\/vc_column_text][vc_column_text]<a class=\"cb-link-invert\" href=\"#\"> Vis\u00e3o geral da agenda <\/a>[\/vc_column_text]<div class=\"ult-spacer spacer-69d4f9e44e80e\" data-id=\"69d4f9e44e80e\" data-height=\"0\" data-height-mobile=\"300\" data-height-tab=\"\" data-height-tab-portrait=\"\" data-height-mobile-landscape=\"300\" style=\"clear:both;display:block;\"><\/div>[\/vc_column_inner][\/vc_row_inner][\/vc_column][\/vc_row][vc_row][vc_column]<div class=\"ult-spacer spacer-69d4f9e44e81c\" data-id=\"69d4f9e44e81c\" data-height=\"60\" data-height-mobile=\"60\" data-height-tab=\"60\" data-height-tab-portrait=\"\" data-height-mobile-landscape=\"\" style=\"clear:both;display:block;\"><\/div>[\/vc_column][\/vc_row][vc_row content_placement=&#8221;middle&#8221; el_class=&#8221;vita-div&#8221;][vc_column][vc_row_inner content_placement=&#8221;middle&#8221;][vc_column_inner width=&#8221;1\/2&#8243;][vc_raw_html]PGRpdj4NCjxoMT5WaXRhPGRpdiBjbGFzcz0iY2ItaC1saW5lIj48L2Rpdj48L2gxPg0KPC9kaXY+[\/vc_raw_html][vc_column_text]Ela se apresenta como solista e em conjunto em conceituados festivais internacionais. Desenvolve programas com os quais se move em novas dire\u00e7\u00f5es musicais. Ela encena apresenta\u00e7\u00f5es que s\u00e3o praticamente inesquec\u00edveis. Claudia Janet Birkholz, natural de Bremen, ama e vive a m\u00fasica contempor\u00e2nea em todas as suas facetas. E, como uma procurada int\u00e9rprete de m\u00fasica para piano, com seu trabalho art\u00edstico, ela \u00e9 uma das melhores do mundo no campo da arte sonora contempor\u00e2nea.[\/vc_column_text][vc_column_text]<a class=\"cb-link\" href=\"http:\/\/claudiabirkholz.de\/pt-pt\/curriculo\/\"> Saiba mais <\/a>[\/vc_column_text]<div class=\"ult-spacer spacer-69d4f9e44e829\" data-id=\"69d4f9e44e829\" data-height=\"0\" data-height-mobile=\"200\" data-height-tab=\"\" data-height-tab-portrait=\"\" data-height-mobile-landscape=\"200\" style=\"clear:both;display:block;\"><\/div>[\/vc_column_inner][vc_column_inner width=&#8221;1\/2&#8243;][\/vc_column_inner][\/vc_row_inner][\/vc_column][\/vc_row][vc_row content_placement=&#8221;middle&#8221; el_class=&#8221;anfrage-div&#8221;][vc_column][vc_row_inner][vc_column_inner]<div class=\"ult-spacer spacer-69d4f9e44e836\" data-id=\"69d4f9e44e836\" data-height=\"50\" data-height-mobile=\"50\" data-height-tab=\"50\" data-height-tab-portrait=\"\" data-height-mobile-landscape=\"\" style=\"clear:both;display:block;\"><\/div>[\/vc_column_inner][\/vc_row_inner][vc_row_inner content_placement=&#8221;middle&#8221;][vc_column_inner width=&#8221;2\/3&#8243;][vc_column_text css=&#8221;.vc_custom_1604321531011{margin-bottom: 0px !important;border-bottom-width: 0px !important;padding-bottom: 0px !important;}&#8221;]<\/p>\n<h3> Venha conhecer Claudia Janet Birkholz <\/h3>\n<p>[\/vc_column_text]<div class=\"ult-spacer spacer-69d4f9e44e842\" data-id=\"69d4f9e44e842\" data-height=\"20\" data-height-mobile=\"20\" data-height-tab=\"20\" data-height-tab-portrait=\"\" data-height-mobile-landscape=\"\" style=\"clear:both;display:block;\"><\/div>[vc_column_text]Apresenta\u00e7\u00f5es, concertos coloquiais, workshops ou interc\u00e2mbio cient\u00edfico-cultural: Claudia Janet Birkholz oferece programas e formatos para as mais diversas ocasi\u00f5es e demandas e tamb\u00e9m est\u00e1 aberta a novos impulsos. Sinta-se \u00e0 vontade para nos contatar para um bate-papo informal sobre o seu tema \u2013 e vivencie conosco momentos especiais da arte sonora em uma nova dimens\u00e3o.[\/vc_column_text][vc_raw_html]PGEgaHJlZj0iaHR0cHM6Ly9jbGF1ZGlhLWJpcmtob2x6LmRlL3B0LXB0L3JlcXVpc2ljb2VzLyIgY2xhc3M9ImNiLWJ0biI+IFJlcXVpc2l0ZSBhZ29yYSA8aSBjbGFzcz0iZmFzIGZhLWxvbmctYXJyb3ctYWx0LXJpZ2h0IGNiLWJ0bi1pLXIiPjwvaT48L2E+[\/vc_raw_html][\/vc_column_inner][vc_column_inner width=&#8221;1\/3&#8243;][\/vc_column_inner][\/vc_row_inner][\/vc_column][\/vc_row][vc_row][vc_column]<div class=\"ult-spacer spacer-69d4f9e44e84f\" data-id=\"69d4f9e44e84f\" data-height=\"60\" data-height-mobile=\"0\" data-height-tab=\"\" data-height-tab-portrait=\"\" data-height-mobile-landscape=\"0\" style=\"clear:both;display:block;\"><\/div>[\/vc_column][\/vc_row]<\/p>\n<\/section>","protected":false},"excerpt":{"rendered":"<p>[vc_row full_width=&#8221;stretch_row_content&#8221; el_class=&#8221;start-div&#8221; css=&#8221;.vc_custom_1603969818573{padding-right: 0px !important;padding-left: 0px !important;}&#8221;][vc_column css=&#8221;.vc_custom_1603969824773{padding-right: 0px !important;padding-left: 0px !important;}&#8221;][vc_raw_html]PGRpdiBjbGFzcz0iYmlyay1oZWFkZXIiPjwvZGl2Pg0K[\/vc_raw_html][\/vc_column][\/vc_row][vc_row][vc_column][vc_row_inner][vc_column_inner][vc_column_text] M\u00fasico com paix\u00e3o. Pianista de concertos de classe mundial. [\/vc_column_text][vc_column_text]M\u00fasica! \u00c0s vezes expressiva e virtuosa, \u00e0s vezes delicada e finamente colorida: Claudia Janet Birkholz dedicou todo o seu trabalho art\u00edstico \u00e0 arte sonora. A profundidade infinita de seu mundo musical, seu controle&hellip;<\/p>\n","protected":false},"author":1,"featured_media":2905,"parent":0,"menu_order":0,"comment_status":"closed","ping_status":"closed","template":"","meta":[],"yoast_head":"<!-- This site is optimized with the Yoast SEO plugin v15.9.2 - https:\/\/yoast.com\/wordpress\/plugins\/seo\/ -->\n<title>P\u00e1gina inicial - Claudia Janet Birkholz<\/title>\n<meta name=\"robots\" content=\"noindex, follow, max-snippet:-1, max-image-preview:large, max-video-preview:-1\" \/>\n<meta property=\"og:locale\" content=\"pt_PT\" \/>\n<meta property=\"og:type\" content=\"article\" \/>\n<meta property=\"og:title\" content=\"P\u00e1gina inicial - Claudia Janet Birkholz\" \/>\n<meta property=\"og:description\" content=\"[vc_row full_width=&#8221;stretch_row_content&#8221; el_class=&#8221;start-div&#8221; css=&#8221;.vc_custom_1603969818573{padding-right: 0px !important;padding-left: 0px !important;}&#8221;][vc_column css=&#8221;.vc_custom_1603969824773{padding-right: 0px !important;padding-left: 0px !important;}&#8221;][vc_raw_html]PGRpdiBjbGFzcz0iYmlyay1oZWFkZXIiPjwvZGl2Pg0K[\/vc_raw_html][\/vc_column][\/vc_row][vc_row][vc_column][vc_row_inner][vc_column_inner][vc_column_text] M\u00fasico com paix\u00e3o. Pianista de concertos de classe mundial. [\/vc_column_text][vc_column_text]M\u00fasica! \u00c0s vezes expressiva e virtuosa, \u00e0s vezes delicada e finamente colorida: Claudia Janet Birkholz dedicou todo o seu trabalho art\u00edstico \u00e0 arte sonora. A profundidade infinita de seu mundo musical, seu controle&hellip;\" \/>\n<meta property=\"og:url\" content=\"https:\/\/portfolio.yd-media.de\/birkholz\/pt-pt\/\" \/>\n<meta property=\"og:site_name\" content=\"Claudia Janet Birkholz\" \/>\n<meta property=\"article:publisher\" content=\"https:\/\/www.facebook.com\/CJBirkholz\" \/>\n<meta property=\"article:modified_time\" content=\"2020-12-16T16:38:03+00:00\" \/>\n<meta property=\"og:image\" content=\"https:\/\/portfolio.yd-media.de\/birkholz\/wp-content\/uploads\/2020\/12\/cjb-social-img.jpg\" \/>\n\t<meta property=\"og:image:width\" content=\"1200\" \/>\n\t<meta property=\"og:image:height\" content=\"630\" \/>\n<meta name=\"twitter:card\" content=\"summary_large_image\" \/>\n<meta name=\"twitter:label1\" content=\"Tempo estimado de leitura\">\n\t<meta name=\"twitter:data1\" content=\"6 minutos\">\n<script type=\"application\/ld+json\" class=\"yoast-schema-graph\">{\"@context\":\"https:\/\/schema.org\",\"@graph\":[{\"@type\":\"WebSite\",\"@id\":\"https:\/\/portfolio.yd-media.de\/birkholz\/#website\",\"url\":\"https:\/\/portfolio.yd-media.de\/birkholz\/\",\"name\":\"Claudia Janet Birkholz\",\"description\":\"Claudia Janet Birkholz ist Pianistin und Dozentin f\\u00fcr Klavier und zeitgen\\u00f6ssische Musik an der Hochschule f\\u00fcr K\\u00fcnste Bremen (HfK).\",\"potentialAction\":[{\"@type\":\"SearchAction\",\"target\":\"https:\/\/portfolio.yd-media.de\/birkholz\/?s={search_term_string}\",\"query-input\":\"required name=search_term_string\"}],\"inLanguage\":\"pt-PT\"},{\"@type\":\"ImageObject\",\"@id\":\"https:\/\/portfolio.yd-media.de\/birkholz\/pt-pt\/#primaryimage\",\"inLanguage\":\"pt-PT\",\"url\":\"https:\/\/portfolio.yd-media.de\/birkholz\/wp-content\/uploads\/2020\/12\/cjb-social-img.jpg\",\"width\":1200,\"height\":630},{\"@type\":\"WebPage\",\"@id\":\"https:\/\/portfolio.yd-media.de\/birkholz\/pt-pt\/#webpage\",\"url\":\"https:\/\/portfolio.yd-media.de\/birkholz\/pt-pt\/\",\"name\":\"P\\u00e1gina inicial - Claudia Janet Birkholz\",\"isPartOf\":{\"@id\":\"https:\/\/portfolio.yd-media.de\/birkholz\/#website\"},\"primaryImageOfPage\":{\"@id\":\"https:\/\/portfolio.yd-media.de\/birkholz\/pt-pt\/#primaryimage\"},\"datePublished\":\"2020-12-15T14:24:02+00:00\",\"dateModified\":\"2020-12-16T16:38:03+00:00\",\"breadcrumb\":{\"@id\":\"https:\/\/portfolio.yd-media.de\/birkholz\/pt-pt\/#breadcrumb\"},\"inLanguage\":\"pt-PT\",\"potentialAction\":[{\"@type\":\"ReadAction\",\"target\":[\"https:\/\/portfolio.yd-media.de\/birkholz\/pt-pt\/\"]}]},{\"@type\":\"BreadcrumbList\",\"@id\":\"https:\/\/portfolio.yd-media.de\/birkholz\/pt-pt\/#breadcrumb\",\"itemListElement\":[{\"@type\":\"ListItem\",\"position\":1,\"item\":{\"@type\":\"WebPage\",\"@id\":\"https:\/\/portfolio.yd-media.de\/birkholz\/pt-pt\/\",\"url\":\"https:\/\/portfolio.yd-media.de\/birkholz\/pt-pt\/\",\"name\":\"Startseite\"}},{\"@type\":\"ListItem\",\"position\":2,\"item\":{\"@type\":\"WebPage\",\"@id\":\"https:\/\/portfolio.yd-media.de\/birkholz\/pt-pt\/\",\"url\":\"https:\/\/portfolio.yd-media.de\/birkholz\/pt-pt\/\",\"name\":\"P\\u00e1gina inicial\"}}]}]}<\/script>\n<!-- \/ Yoast SEO plugin. -->","_links":{"self":[{"href":"https:\/\/portfolio.yd-media.de\/birkholz\/pt-pt\/wp-json\/wp\/v2\/pages\/1183"}],"collection":[{"href":"https:\/\/portfolio.yd-media.de\/birkholz\/pt-pt\/wp-json\/wp\/v2\/pages"}],"about":[{"href":"https:\/\/portfolio.yd-media.de\/birkholz\/pt-pt\/wp-json\/wp\/v2\/types\/page"}],"author":[{"embeddable":true,"href":"https:\/\/portfolio.yd-media.de\/birkholz\/pt-pt\/wp-json\/wp\/v2\/users\/1"}],"replies":[{"embeddable":true,"href":"https:\/\/portfolio.yd-media.de\/birkholz\/pt-pt\/wp-json\/wp\/v2\/comments?post=1183"}],"version-history":[{"count":11,"href":"https:\/\/portfolio.yd-media.de\/birkholz\/pt-pt\/wp-json\/wp\/v2\/pages\/1183\/revisions"}],"predecessor-version":[{"id":1882,"href":"https:\/\/portfolio.yd-media.de\/birkholz\/pt-pt\/wp-json\/wp\/v2\/pages\/1183\/revisions\/1882"}],"wp:featuredmedia":[{"embeddable":true,"href":"https:\/\/portfolio.yd-media.de\/birkholz\/pt-pt\/wp-json\/wp\/v2\/media\/2905"}],"wp:attachment":[{"href":"https:\/\/portfolio.yd-media.de\/birkholz\/pt-pt\/wp-json\/wp\/v2\/media?parent=1183"}],"curies":[{"name":"wp","href":"https:\/\/api.w.org\/{rel}","templated":true}]}}