{"id":1175,"date":"2020-12-15T13:04:47","date_gmt":"2020-12-15T12:04:47","guid":{"rendered":"http:\/\/claudiabirkholz.de\/media\/"},"modified":"2020-12-22T11:37:12","modified_gmt":"2020-12-22T10:37:12","slug":"media","status":"publish","type":"page","link":"https:\/\/portfolio.yd-media.de\/birkholz\/pl\/media\/","title":{"rendered":"Media"},"content":{"rendered":"<section class=\"wpb-content-wrapper\"><p>[vc_row full_width=&#8221;stretch_row&#8221; content_placement=&#8221;middle&#8221; video_bg=&#8221;yes&#8221; video_bg_url=&#8221;&#8221; bg_type=&#8221;video&#8221; video_url=&#8221;http:\/\/claudiabirkholz.de\/wp-content\/uploads\/2020\/11\/Sonata_5mb.mp4&#8243; video_opts=&#8221;loop,muted&#8221; video_poster=&#8221;id^528|url^http:\/\/claudiabirkholz.de\/wp-content\/uploads\/2020\/11\/media-bg.png|caption^null|alt^null|title^media-bg|description^null&#8221; bg_override=&#8221;full&#8221; enable_overlay=&#8221;enable_overlay_value&#8221; overlay_color=&#8221;#0a0a0a&#8221; overlay_pattern=&#8221;01.png&#8221; overlay_pattern_opacity=&#8221;90&#8243;][vc_column][vc_row_inner][vc_column_inner][vc_raw_html]PHAgY2xhc3M9ImNiLWNydW1iIj48c3Bhbj48L3NwYW4+IE1lZGlhPC9wPg==[\/vc_raw_html][vc_column_text]<\/p>\n<h1 class=\"cb-white\">Do\u015bwiadczenie na \u017cywo.<\/h1>\n<p>[\/vc_column_text][vc_column_text]<\/p>\n<p class=\"cb-white\">Czy wsp\u00f3\u0142czesna sztuka d\u017awi\u0119ku nale\u017cy do sceny ? Tak! Ale to tak\u017ce prze\u017cycie audiowizualne, jak udowadnia Claudia Janet Birkholz: Tworzy teledyski wraz ze znan\u0105 re\u017cyserk\u0105 Christine Jezior, kt\u00f3rej prace zdobywa\u0142y nagrody we W\u0142oszech, Indiach, Wielkiej Brytanii i USA. Wielokrotnie nagradzane filmy kr\u00f3tkometra\u017cowe, kt\u00f3re emocjonalnie opowiadaj\u0105 historie i przekazuj\u0105 nastr\u00f3j kompozycji bezpo\u015brednio widzom poprzez wizualizacj\u0119. Poruszaj\u0105ca kinematografia, kt\u00f3ra czasami tworzy scenariusze, kt\u00f3re wydaj\u0105 si\u0119 nie z tego \u015bwiata i przede wszystkim przemawia do pod\u015bwiadomo\u015bci. Tutaj mo\u017cna znale\u017a\u0107 wyb\u00f3r kr\u00f3tkich film\u00f3w, nad kt\u00f3rymi pracowa\u0142a Claudia Janet Birkholz.<\/p>\n<p>[\/vc_column_text]<div class=\"ult-spacer spacer-69d534be4e824\" data-id=\"69d534be4e824\" data-height=\"100\" data-height-mobile=\"50\" data-height-tab=\"\" data-height-tab-portrait=\"\" data-height-mobile-landscape=\"50\" style=\"clear:both;display:block;\"><\/div>[\/vc_column_inner][\/vc_row_inner][\/vc_column][\/vc_row][vc_row full_width=&#8221;stretch_row&#8221; bg_type=&#8221;grad&#8221; css=&#8221;.vc_custom_1605270612150{background-color: #0c0c0c !important;}&#8221; bg_grad=&#8221;background: url(data:image\/svg+xml;base64,PHN2ZyB4bWxucz0iaHR0cDovL3d3dy53My5vcmcvMjAwMC9zdmciPjxkZWZzPjxsaW5lYXJHcmFkaWVudCBpZD0iZ3JhZGllbnQiIHgxPSIwJSIgeTE9IjAlIiB4Mj0iMCUiIHkyPSIxMDAlIj48c3RvcCBvZmZzZXQ9IjAlIiBzdHlsZT0ic3RvcC1jb2xvcjojMDAwMDAwOyIgLz48c3RvcCBvZmZzZXQ9IjcyJSIgc3R5bGU9InN0b3AtY29sb3I6IzI5MjkyOTsiIC8+PC9saW5lYXJHcmFkaWVudD48L2RlZnM+PHJlY3QgZmlsbD0idXJsKCNncmFkaWVudCkiIGhlaWdodD0iMTAwJSIgd2lkdGg9IjEwMCUiIC8+PC9zdmc+);background: -webkit-gradient(linear, left top, left bottom, color-stop(0%, #000000), color-stop(72%, #292929));background: -moz-linear-gradient(left,#000000 0%,#292929 72%);background: -webkit-linear-gradient(left,#000000 0%,#292929 72%);background: -o-linear-gradient(left,#000000 0%,#292929 72%);background: -ms-linear-gradient(left,#000000 0%,#292929 72%);background: linear-gradient(left,#000000 0%,#292929 72%);&#8221;][vc_column]<div class=\"ult-spacer spacer-69d534be4e858\" data-id=\"69d534be4e858\" data-height=\"50\" data-height-mobile=\"40\" data-height-tab=\"\" data-height-tab-portrait=\"\" data-height-mobile-landscape=\"40\" style=\"clear:both;display:block;\"><\/div>[vc_row_inner content_placement=&#8221;middle&#8221; el_class=&#8221;event-div cb-small-width&#8221;][vc_column_inner][vc_column_text css_animation=&#8221;fadeIn&#8221;]<\/p>\n<h1 class=\"cb-white center\">Dzie\u0142a sztuki audiowizualne<\/h1>\n<p>[\/vc_column_text]<div class=\"ult-spacer spacer-69d534be4e86e\" data-id=\"69d534be4e86e\" data-height=\"30\" data-height-mobile=\"20\" data-height-tab=\"\" data-height-tab-portrait=\"\" data-height-mobile-landscape=\"20\" style=\"clear:both;display:block;\"><\/div>[vc_column_text css_animation=&#8221;fadeIn&#8221;]<\/p>\n<p class=\"cb-white center-resp\">Claudi\u0119 Janet Birkholz poci\u0105ga nie tylko gra muzyczna. W ostatnich latach coraz bardziej anga\u017cuje si\u0119 tak\u017ce w sztuk\u0119 audiowizualn\u0105: Nagrywa utwory wsp\u00f3\u0142czesne i wsp\u00f3lnie ze znan\u0105 na ca\u0142ym \u015bwiecie polsk\u0105 re\u017cyserk\u0105 Christine Jezior opracowuje koncepcje dotycz\u0105ce sposobu przedstawiania obraz\u00f3w d\u017awi\u0119kowych w filmie. To interdyscyplinarne podej\u015bcie zaowocowa\u0142o pracami kinematograficznymi, kt\u00f3re wspieraj\u0105 wra\u017cenia s\u0142uchowe. Jednocze\u015bnie teledysk zyskuje nowe znaczenie: Ta sztuka sta\u0142a si\u0119 przede wszystkim narz\u0119dziem marketingowym we wsp\u00f3\u0142czesnej kulturze, a tutaj otrzymuje zupe\u0142nie inn\u0105 funkcj\u0119 &#8211; stworzy\u0107 kompletne dzie\u0142o z d\u017awi\u0119ku i obrazu oraz umo\u017cliwi\u0107 nowe podej\u015bcie do wsp\u00f3\u0142czesnej sztuki d\u017awi\u0119kowej.<\/p>\n<p>[\/vc_column_text][\/vc_column_inner][\/vc_row_inner]<div class=\"ult-spacer spacer-69d534be4e880\" data-id=\"69d534be4e880\" data-height=\"50\" data-height-mobile=\"50\" data-height-tab=\"50\" data-height-tab-portrait=\"\" data-height-mobile-landscape=\"\" style=\"clear:both;display:block;\"><\/div>[\/vc_column][\/vc_row][vc_row full_width=&#8221;stretch_row&#8221; css=&#8221;.vc_custom_1605270570500{background-color: #292929 !important;}&#8221; el_class=&#8221;cb-dark-div&#8221;][vc_column][vc_row_inner el_class=&#8221;cb-small-width&#8221;][vc_column_inner]<div class=\"ult-spacer spacer-69d534be4e892\" data-id=\"69d534be4e892\" data-height=\"50\" data-height-mobile=\"40\" data-height-tab=\"\" data-height-tab-portrait=\"\" data-height-mobile-landscape=\"40\" style=\"clear:both;display:block;\"><\/div>[vc_raw_html el_class=&#8221;cb-small-width&#8221;]PGgxIGNsYXNzPSJjYi1oaC1saW5lIj48aSBjbGFzcz0iZmFyIGZhLXBsYXktY2lyY2xlIj48L2k+IEFDVElORzxkaXYgY2xhc3M9ImNiLWgtbGluZS0zIj48L2Rpdj48L2gxPg==[\/vc_raw_html]<div class=\"ult-spacer spacer-69d534be4e8a2\" data-id=\"69d534be4e8a2\" data-height=\"30\" data-height-mobile=\"30\" data-height-tab=\"30\" data-height-tab-portrait=\"\" data-height-mobile-landscape=\"\" style=\"clear:both;display:block;\"><\/div><div id=\"ultimate-video-859769d534be4e8ef\" class=\"ult-video  ult-adjust-bottom-margin ultimate-video-859769d534be4e8ef ultv-3324 \"><div class=\"ultv-video ultv-aspect-ratio-16_9 ultv-subscribe-responsive-none\" data-videotype=\"uv_iframe\">\n\t\t\t\t\t\t<div class=\"ultv-video__outer-wrap\" data-autoplay=\"0\" data-device=\"false\"  data-iconbg=\"#3A3A3A\" data-overcolor=\"\" data-defaultbg=\"#1f1f1e\" data-defaultplay=\"defaulticon\"><div class=\"ultv-video__play\" data-src=\"https:\/\/www.youtube-nocookie.com\/embed\/r2L1W2jIKMk?rel=0&amp;start&amp;end&amp;controls=1&amp;mute=0&amp;modestbranding=0&amp;autoplay=1\">\n\t\t\t\t\t\t\t\t<img class=\"ultv-video__thumb\" src=\"https:\/\/i.ytimg.com\/vi\/r2L1W2jIKMk\/maxresdefault.jpg\"\/>\n\t\t\t\t\t\t\t\t<div class=\"ultv-video__play-icon  ultv-animation-none\" style=\"width:75px\"><svg height=\"100%\" version=\"1.1\" viewBox=\"0 0 68 48\" width=\"100%\"><path class=\"ultv-youtube-icon-bg\" d=\"m .66,37.62 c 0,0 .66,4.70 2.70,6.77 2.58,2.71 5.98,2.63 7.49,2.91 5.43,.52 23.10,.68 23.12,.68 .00,-1.3e-5 14.29,-0.02 23.81,-0.71 1.32,-0.15 4.22,-0.17 6.81,-2.89 2.03,-2.07 2.70,-6.77 2.70,-6.77 0,0 .67,-5.52 .67,-11.04 l 0,-5.17 c 0,-5.52 -0.67,-11.04 -0.67,-11.04 0,0 -0.66,-4.70 -2.70,-6.77 C 62.03,.86 59.13,.84 57.80,.69 48.28,0 34.00,0 34.00,0 33.97,0 19.69,0 10.18,.69 8.85,.84 5.95,.86 3.36,3.58 1.32,5.65 .66,10.35 .66,10.35 c 0,0 -0.55,4.50 -0.66,9.45 l 0,8.36 c .10,4.94 .66,9.45 .66,9.45 z\" fill=\"#1f1f1e\" ><\/path><path d=\"m 26.96,13.67 18.37,9.62 -18.37,9.55 -0.00,-19.17 z\" fill=\"#fff\"><\/path><path d=\"M 45.02,23.46 45.32,23.28 26.96,13.67 43.32,22.34 45.02,23.46 z\" fill=\"#ccc\"><\/path><\/svg><\/div> <\/div> <\/div><\/div><\/div>[\/vc_column_inner][\/vc_row_inner][vc_row_inner el_class=&#8221;cb-small-width cb-video-text&#8221;][vc_column_inner][vc_column_text]Film kr\u00f3tkometra\u017cowy \u201eActing\u201c powsta\u0142 w 2018 roku i skupia si\u0119 na g\u0142\u00f3wnym temacie naszych czas\u00f3w: Samooptymalizacja. Lepsza wersja siebie pojawia si\u0119 zawsze w zasi\u0119gu r\u0119ki, zawsze blisko \u2013 jednak wymaga wysi\u0142ku. Nieko\u0144cz\u0105ce si\u0119 d\u0105\u017cenie do idealnego \u017cycia, kt\u00f3re nie pozostawia miejsca ani na s\u0142abo\u015bci, ani na odpoczynek. <br \/>\n[\/vc_column_text][vc_column_text]<\/p>\n<p class=\"p1\">Claudia Janet Birkholz zaprojektowa\u0142a scenariusz wraz z Julin\u0105 Nishimine, zaprojektowa\u0142a kostiumy i skomponowa\u0142a muzyk\u0119. Rezultatem jest pomys\u0142owy ci\u0105g s\u0142\u00f3w, odg\u0142os\u00f3w i d\u017awi\u0119k\u00f3w, kt\u00f3re wymagaj\u0105 dyscypliny i dalszego rozwoju.<\/p>\n<p>[\/vc_column_text][vc_column_text]<\/p>\n<p class=\"p1\">Film pokazywany na wielu festiwalach filmowych, nagradzany m.in. w Wielkiej Brytanii, Wenezueli, Indiach, Turcji, Brazylii i Niemczech. <\/p>\n<p>[\/vc_column_text][vc_separator color=&#8221;custom&#8221; accent_color=&#8221;#333333&#8243;][vc_column_text css=&#8221;.vc_custom_1605269597295{margin-bottom: 10px !important;margin-left: 5px !important;}&#8221;]<\/p>\n<h4 class=\"cb-white\">Crew<\/h4>\n<p>[\/vc_column_text][vc_raw_html]PHRhYmxlPg0KICA8dHI+DQogICAgPHRkPkRpcmVjdG9yPC90ZD4NCiAgICA8dGQ+Q2hyaXN0aW5lIEplemlvcjwvdGQ+DQogIDwvdHI+DQogIDx0cj4NCiAgICA8dGQ+IFNjcmVlbnBsYXkgPC90ZD4NCiAgICA8dGQ+IENsYXVkaWEgQmlya2hvbHosIEp1bGluYSBOaXNoaW1pbmUgPC90ZD4NCiAgPC90cj4NCiAgPHRyPg0KICAgIDx0ZD4gUHJvZHVjZXIgPC90ZD4NCiAgICA8dGQ+IENocmlzdGluZSBKZXppb3IgPC90ZD4NCiAgPC90cj4NCiAgPHRyPg0KICAgIDx0ZD4gRGlyZWN0b3Igb2YgUGhvdG9ncmFwaHkgPC90ZD4NCiAgICA8dGQ+IEJhcnRvc3ogQmlhbG9icnplc2tpIDwvdGQ+DQogIDwvdHI+DQogIDx0cj4NCiAgICA8dGQ+IENvc3R1bWUgRGVzaWduIDwvdGQ+DQogICAgPHRkPiBDbGF1ZGlhIEJpcmtob2x6LCBKdWxpbmEgTmlzaGltaW5lIDwvdGQ+DQogIDwvdHI+DQogIDx0cj4NCiAgICA8dGQ+IFNvdW5kIDwvdGQ+DQogICAgPHRkPiBNYXR0aGlhcyBOb3JkaG9ybiA8L3RkPg0KICA8L3RyPg0KICA8dHI+DQogICAgPHRkPiBFZGl0b3IgPC90ZD4NCiAgICA8dGQ+IEJhcnRvc3ogQmlhbG9icnplc2tpPC90ZD4NCiAgPC90cj4NCiAgPHRyPg0KICAgIDx0ZD4gU291bmQgRGVzaWduIDwvdGQ+DQogICAgPHRkPiBNYXR0aGlhcyBOb3JkaG9ybiA8L3RkPg0KICA8L3RyPg0KICA8dHI+DQogICAgPHRkPiBNdXNpYyA8L3RkPg0KICAgIDx0ZD4gQ2xhdWRpYSBKYW5ldCBCaXJraG9seiA8L3RkPg0KICA8L3RyPg0KPC90YWJsZT4=[\/vc_raw_html][vc_column_text css=&#8221;.vc_custom_1605269869063{margin-bottom: 10px !important;margin-left: 5px !important;}&#8221;]<\/p>\n<h4 class=\"cb-white\">Cast<\/h4>\n<p>[\/vc_column_text][vc_raw_html]PHRhYmxlPg0KICA8dHI+DQogICAgPHRkPldvbWFuPC90ZD4NCiAgICA8dGQ+IENsYXVkaWEgSmFuZXQgQmlya2hvbHogPC90ZD4NCiAgPC90cj4NCiAgPHRyPg0KICAgIDx0ZD4gR3ltIHRyYWluZXIgPC90ZD4NCiAgICA8dGQ+IEphY2VrIEthcHR1cmVrIDwvdGQ+DQogIDwvdHI+DQogIDx0cj4NCiAgICA8dGQ+IEdyZWVuIGdpcmwgPC90ZD4NCiAgICA8dGQ+IE5pY28gU2VlbWFubiA8L3RkPg0KICA8L3RyPg0KICA8dHI+DQogICAgPHRkPiBSZWQgZ2lybCA8L3RkPg0KICAgIDx0ZD4gSnVsaW5hIE5pc2hpbWluZSA8L3RkPg0KICA8L3RyPg0KICA8dHI+DQogICAgPHRkPiBCbHVlIGdpcmwgPC90ZD4NCiAgICA8dGQ+IEVtaWxpZSBOaXNoaW1pbmUgPC90ZD4NCiAgPC90cj4NCjwvdGFibGU+[\/vc_raw_html][\/vc_column_inner][\/vc_row_inner][\/vc_column][\/vc_row][vc_row full_width=&#8221;stretch_row&#8221; css=&#8221;.vc_custom_1605270570500{background-color: #292929 !important;}&#8221; el_class=&#8221;cb-dark-div&#8221;][vc_column][vc_row_inner el_class=&#8221;cb-small-width&#8221;][vc_column_inner]<div class=\"ult-spacer spacer-69d534be4e96b\" data-id=\"69d534be4e96b\" data-height=\"50\" data-height-mobile=\"50\" data-height-tab=\"50\" data-height-tab-portrait=\"\" data-height-mobile-landscape=\"\" style=\"clear:both;display:block;\"><\/div>[vc_raw_html el_class=&#8221;cb-small-width&#8221;]PGgxIGNsYXNzPSJjYi1oaC1saW5lIj48aSBjbGFzcz0iZmFyIGZhLXBsYXktY2lyY2xlIj48L2k+IFNPTkFUQTxkaXYgY2xhc3M9ImNiLWgtbGluZS0zIj48L2Rpdj48L2gxPg==[\/vc_raw_html]<div class=\"ult-spacer spacer-69d534be4e982\" data-id=\"69d534be4e982\" data-height=\"30\" data-height-mobile=\"30\" data-height-tab=\"30\" data-height-tab-portrait=\"\" data-height-mobile-landscape=\"\" style=\"clear:both;display:block;\"><\/div><div id=\"ultimate-video-237269d534be4e9a0\" class=\"ult-video  ult-adjust-bottom-margin ultimate-video-237269d534be4e9a0 ultv-2474 \"><div class=\"ultv-video ultv-aspect-ratio-16_9 ultv-subscribe-responsive-none\" data-videotype=\"uv_iframe\">\n\t\t\t\t\t\t<div class=\"ultv-video__outer-wrap\" data-autoplay=\"0\" data-device=\"false\"  data-iconbg=\"#3A3A3A\" data-overcolor=\"\" data-defaultbg=\"#1f1f1e\" data-defaultplay=\"defaulticon\"><div class=\"ultv-video__play\" data-src=\"https:\/\/www.youtube-nocookie.com\/embed\/plRm4gZiYVk?rel=0&amp;start&amp;end&amp;controls=1&amp;mute=0&amp;modestbranding=0&amp;autoplay=1\">\n\t\t\t\t\t\t\t\t<img class=\"ultv-video__thumb\" src=\"https:\/\/i.ytimg.com\/vi\/plRm4gZiYVk\/maxresdefault.jpg\"\/>\n\t\t\t\t\t\t\t\t<div class=\"ultv-video__play-icon  ultv-animation-none\" style=\"width:75px\"><svg height=\"100%\" version=\"1.1\" viewBox=\"0 0 68 48\" width=\"100%\"><path class=\"ultv-youtube-icon-bg\" d=\"m .66,37.62 c 0,0 .66,4.70 2.70,6.77 2.58,2.71 5.98,2.63 7.49,2.91 5.43,.52 23.10,.68 23.12,.68 .00,-1.3e-5 14.29,-0.02 23.81,-0.71 1.32,-0.15 4.22,-0.17 6.81,-2.89 2.03,-2.07 2.70,-6.77 2.70,-6.77 0,0 .67,-5.52 .67,-11.04 l 0,-5.17 c 0,-5.52 -0.67,-11.04 -0.67,-11.04 0,0 -0.66,-4.70 -2.70,-6.77 C 62.03,.86 59.13,.84 57.80,.69 48.28,0 34.00,0 34.00,0 33.97,0 19.69,0 10.18,.69 8.85,.84 5.95,.86 3.36,3.58 1.32,5.65 .66,10.35 .66,10.35 c 0,0 -0.55,4.50 -0.66,9.45 l 0,8.36 c .10,4.94 .66,9.45 .66,9.45 z\" fill=\"#1f1f1e\" ><\/path><path d=\"m 26.96,13.67 18.37,9.62 -18.37,9.55 -0.00,-19.17 z\" fill=\"#fff\"><\/path><path d=\"M 45.02,23.46 45.32,23.28 26.96,13.67 43.32,22.34 45.02,23.46 z\" fill=\"#ccc\"><\/path><\/svg><\/div> <\/div> <\/div><\/div><\/div>[\/vc_column_inner][\/vc_row_inner][vc_row_inner el_class=&#8221;cb-small-width cb-video-text&#8221;][vc_column_inner][vc_column_text]<\/p>\n<p class=\"p1\">Swoimi dzie\u0142ami John Cage pokaza\u0142, jak powstaj\u0105 nowe muzyczne krajobrazy. W czarno-bia\u0142ym filmie kr\u00f3tkometra\u017cowym SONATA Claudia Janet Birkholz gra kompozycj\u0119 Johna Cage&#8217;a i podkre\u015bla muzyk\u0119 mocnymi obrazami. <\/p>\n<p>[\/vc_column_text][vc_column_text]<\/p>\n<p class=\"p1\">To, co na pocz\u0105tku wydaje si\u0119 thrillerem psychologicznym, przybiera zaskakuj\u0105c\u0105 zmian\u0119, kt\u00f3ra tworzy napi\u0119cie do ko\u0144ca. <\/p>\n<p>[\/vc_column_text][vc_column_text]<\/p>\n<p class=\"p1\">Claudia Janet Birkholz zaprojektowa\u0142a kostiumy do kr\u00f3tkiego filmu Christine Jezior i sama stoi przed kamer\u0105. Imponuj\u0105ce dzie\u0142o sztuki, kt\u00f3re r\u00f3wnie\u017c zyska\u0142o du\u017ce mi\u0119dzynarodowe uznanie \u2013 na festiwalach filmowych w Szwajcarii, Belgii, USA, Wielkiej Brytanii, Grecji, Szwecji, Indiach, Argentynie i Niemczech. <\/p>\n<p>[\/vc_column_text][vc_separator color=&#8221;custom&#8221; accent_color=&#8221;#333333&#8243;][vc_column_text css=&#8221;.vc_custom_1605269597295{margin-bottom: 10px !important;margin-left: 5px !important;}&#8221;]<\/p>\n<h4 class=\"cb-white\">Crew<\/h4>\n<p>[\/vc_column_text][vc_raw_html]PHRhYmxlPg0KICA8dHI+DQogICAgPHRkPkRpcmVjdG9yPC90ZD4NCiAgICA8dGQ+Q2hyaXN0aW5lIEplemlvcjwvdGQ+DQogIDwvdHI+DQogIDx0cj4NCiAgICA8dGQ+IFNjcmVlbnBsYXkgPC90ZD4NCiAgICA8dGQ+IENocmlzdGluZSBKZXppb3IgPC90ZD4NCiAgPC90cj4NCiAgPHRyPg0KICAgIDx0ZD4gUHJvZHVjZXIgPC90ZD4NCiAgICA8dGQ+IENocmlzdGluZSBKZXppb3IsIE1BQU0gVFYgPC90ZD4NCiAgPC90cj4NCiAgPHRyPg0KICAgIDx0ZD4gRGlyZWN0b3Igb2YgUGhvdG9ncmFwaHkgPC90ZD4NCiAgICA8dGQ+IEJhcnRvc3ogQmlhbG9icnplc2tpIDwvdGQ+DQogIDwvdHI+DQogIDx0cj4NCiAgICA8dGQ+IENvc3R1bWUgRGVzaWduIDwvdGQ+DQogICAgPHRkPiBDbGF1ZGlhIEphbmV0IEJpcmtob2x6IDwvdGQ+DQogIDwvdHI+DQogIDx0cj4NCiAgICA8dGQ+IFNvdW5kIDwvdGQ+DQogICAgPHRkPiBNYXR0aGlhcyBOb3JkaG9ybiA8L3RkPg0KICA8L3RyPg0KICA8dHI+DQogICAgPHRkPiBFZGl0b3IgPC90ZD4NCiAgICA8dGQ+IEJhcnRvc3ogQmlhbG9icnplc2tpIDwvdGQ+DQogIDwvdHI+DQogIDx0cj4NCiAgICA8dGQ+IFNvdW5kIERlc2lnbiA8L3RkPg0KICAgIDx0ZD4gTWF0dGhpYXMgTm9yZGhvcm4gPC90ZD4NCiAgPC90cj4NCiAgPHRyPg0KICAgIDx0ZD4gTXVzaWMgPC90ZD4NCiAgICA8dGQ+IEpvaG4gQ2FnZSA8L3RkPg0KICA8L3RyPg0KPC90YWJsZT4=[\/vc_raw_html][vc_column_text css=&#8221;.vc_custom_1605269869063{margin-bottom: 10px !important;margin-left: 5px !important;}&#8221;]<\/p>\n<h4 class=\"cb-white\">Cast<\/h4>\n<p>[\/vc_column_text][vc_raw_html]PHRhYmxlPg0KICA8dHI+DQogICAgPHRkPkNsYXVkaWEgSmFuZXQgQmlya2hvbHogPC90ZD4NCiAgICA8dGQ+IDwvdGQ+DQogIDwvdHI+DQoNCjwvdGFibGU+[\/vc_raw_html][\/vc_column_inner][\/vc_row_inner]<div class=\"ult-spacer spacer-69d534be4e9d3\" data-id=\"69d534be4e9d3\" data-height=\"50\" data-height-mobile=\"50\" data-height-tab=\"50\" data-height-tab-portrait=\"\" data-height-mobile-landscape=\"\" style=\"clear:both;display:block;\"><\/div>[vc_row_inner el_class=&#8221;cb-small-width&#8221;][vc_column_inner][vc_raw_html]PGlmcmFtZSBzcmM9Imh0dHBzOi8vb3Blbi5zcG90aWZ5LmNvbS9lbWJlZC1wb2RjYXN0L2VwaXNvZGUvNDl2dzhhNTJHSDFqTERySkdzQXRSdCIgd2lkdGg9IjEwMCUiIGhlaWdodD0iMjMyIiBmcmFtZWJvcmRlcj0iMCIgYWxsb3d0cmFuc3BhcmVuY3k9InRydWUiIGFsbG93PSJlbmNyeXB0ZWQtbWVkaWEiPjwvaWZyYW1lPg==[\/vc_raw_html]<div class=\"ult-spacer spacer-69d534be4e9e2\" data-id=\"69d534be4e9e2\" data-height=\"10\" data-height-mobile=\"10\" data-height-tab=\"10\" data-height-tab-portrait=\"\" data-height-mobile-landscape=\"\" style=\"clear:both;display:block;\"><\/div>[vc_separator color=&#8221;custom&#8221; accent_color=&#8221;#666666&#8243;]<div class=\"ult-spacer spacer-69d534be4e9ee\" data-id=\"69d534be4e9ee\" data-height=\"10\" data-height-mobile=\"10\" data-height-tab=\"10\" data-height-tab-portrait=\"\" data-height-mobile-landscape=\"\" style=\"clear:both;display:block;\"><\/div>[\/vc_column_inner][\/vc_row_inner][vc_row_inner el_class=&#8221;cb-small-width&#8221;][vc_column_inner][vc_column_text]<\/p>\n<h3 class=\"cb-white\">Razem stworzy\u0107 co\u015b imponuj\u0105cego<\/h3>\n<p>[\/vc_column_text][vc_column_text]<\/p>\n<p class=\"p1\">Masz pomys\u0142 na program koncertowy, kr\u00f3tki film o nowej muzyce lub szukasz kogo\u015b, kto przet\u0142umaczy Twoj\u0105 kompozycj\u0119 na obrazy? Oferujemy r\u00f3wnie\u017c do\u015bwiadczonym filmowcom i kamerzystom mo\u017cliwo\u015b\u0107 towarzyszenia Claudii Janet Birkholz na jednym z jej koncert\u00f3w. <\/p>\n<p>[\/vc_column_text][vc_raw_html]PGEgaHJlZj0iaHR0cHM6Ly9jbGF1ZGlhLWJpcmtob2x6LmRlL3BsL3phcHl0YW5pZS8iIGNsYXNzPSJjYi1idG4gY2ItYnRuLWRhcmsiPlphcHl0YW5pZTxpIGNsYXNzPSJmYXMgZmEtbG9uZy1hcnJvdy1hbHQtcmlnaHQgY2ItYnRuLWktciI+PC9pPjwvYT4=[\/vc_raw_html]<div class=\"ult-spacer spacer-69d534be4e9fd\" data-id=\"69d534be4e9fd\" data-height=\"100\" data-height-mobile=\"60\" data-height-tab=\"\" data-height-tab-portrait=\"\" data-height-mobile-landscape=\"60\" style=\"clear:both;display:block;\"><\/div>[\/vc_column_inner][\/vc_row_inner][\/vc_column][\/vc_row]<\/p>\n<\/section>","protected":false},"excerpt":{"rendered":"<p>[vc_row full_width=&#8221;stretch_row&#8221; content_placement=&#8221;middle&#8221; video_bg=&#8221;yes&#8221; video_bg_url=&#8221;&#8221; bg_type=&#8221;video&#8221; video_url=&#8221;http:\/\/claudiabirkholz.de\/wp-content\/uploads\/2020\/11\/Sonata_5mb.mp4&#8243; video_opts=&#8221;loop,muted&#8221; video_poster=&#8221;id^528|url^http:\/\/claudiabirkholz.de\/wp-content\/uploads\/2020\/11\/media-bg.png|caption^null|alt^null|title^media-bg|description^null&#8221; bg_override=&#8221;full&#8221; enable_overlay=&#8221;enable_overlay_value&#8221; overlay_color=&#8221;#0a0a0a&#8221; overlay_pattern=&#8221;01.png&#8221; overlay_pattern_opacity=&#8221;90&#8243;][vc_column][vc_row_inner][vc_column_inner][vc_raw_html]PHAgY2xhc3M9ImNiLWNydW1iIj48c3Bhbj48L3NwYW4+IE1lZGlhPC9wPg==[\/vc_raw_html][vc_column_text] Do\u015bwiadczenie na \u017cywo. [\/vc_column_text][vc_column_text] Czy wsp\u00f3\u0142czesna sztuka d\u017awi\u0119ku nale\u017cy do sceny ? Tak! Ale to tak\u017ce prze\u017cycie audiowizualne, jak udowadnia Claudia Janet Birkholz: Tworzy teledyski wraz ze znan\u0105 re\u017cyserk\u0105 Christine Jezior, kt\u00f3rej prace zdobywa\u0142y nagrody we W\u0142oszech, Indiach, Wielkiej Brytanii i&hellip;<\/p>\n","protected":false},"author":1,"featured_media":2904,"parent":0,"menu_order":0,"comment_status":"closed","ping_status":"closed","template":"","meta":[],"yoast_head":"<!-- This site is optimized with the Yoast SEO plugin v15.9.2 - https:\/\/yoast.com\/wordpress\/plugins\/seo\/ -->\n<title>Media - Claudia Janet Birkholz<\/title>\n<meta name=\"robots\" content=\"noindex, follow, max-snippet:-1, max-image-preview:large, max-video-preview:-1\" \/>\n<meta property=\"og:locale\" content=\"pl_PL\" \/>\n<meta property=\"og:type\" content=\"article\" \/>\n<meta property=\"og:title\" content=\"Media - Claudia Janet Birkholz\" \/>\n<meta property=\"og:description\" content=\"[vc_row full_width=&#8221;stretch_row&#8221; content_placement=&#8221;middle&#8221; video_bg=&#8221;yes&#8221; video_bg_url=&#8221;&#8221; bg_type=&#8221;video&#8221; video_url=&#8221;http:\/\/claudiabirkholz.de\/wp-content\/uploads\/2020\/11\/Sonata_5mb.mp4&#8243; video_opts=&#8221;loop,muted&#8221; video_poster=&#8221;id^528|url^http:\/\/claudiabirkholz.de\/wp-content\/uploads\/2020\/11\/media-bg.png|caption^null|alt^null|title^media-bg|description^null&#8221; bg_override=&#8221;full&#8221; enable_overlay=&#8221;enable_overlay_value&#8221; overlay_color=&#8221;#0a0a0a&#8221; overlay_pattern=&#8221;01.png&#8221; overlay_pattern_opacity=&#8221;90&#8243;][vc_column][vc_row_inner][vc_column_inner][vc_raw_html]PHAgY2xhc3M9ImNiLWNydW1iIj48c3Bhbj48L3NwYW4+IE1lZGlhPC9wPg==[\/vc_raw_html][vc_column_text] Do\u015bwiadczenie na \u017cywo. [\/vc_column_text][vc_column_text] Czy wsp\u00f3\u0142czesna sztuka d\u017awi\u0119ku nale\u017cy do sceny ? Tak! Ale to tak\u017ce prze\u017cycie audiowizualne, jak udowadnia Claudia Janet Birkholz: Tworzy teledyski wraz ze znan\u0105 re\u017cyserk\u0105 Christine Jezior, kt\u00f3rej prace zdobywa\u0142y nagrody we W\u0142oszech, Indiach, Wielkiej Brytanii i&hellip;\" \/>\n<meta property=\"og:url\" content=\"https:\/\/portfolio.yd-media.de\/birkholz\/pl\/media\/\" \/>\n<meta property=\"og:site_name\" content=\"Claudia Janet Birkholz\" \/>\n<meta property=\"article:publisher\" content=\"https:\/\/www.facebook.com\/CJBirkholz\" \/>\n<meta property=\"article:modified_time\" content=\"2020-12-22T10:37:12+00:00\" \/>\n<meta property=\"og:image\" content=\"https:\/\/portfolio.yd-media.de\/birkholz\/wp-content\/uploads\/2020\/12\/cjb-social-img.jpg\" \/>\n\t<meta property=\"og:image:width\" content=\"1200\" \/>\n\t<meta property=\"og:image:height\" content=\"630\" \/>\n<meta name=\"twitter:card\" content=\"summary_large_image\" \/>\n<meta name=\"twitter:label1\" content=\"Est. reading time\">\n\t<meta name=\"twitter:data1\" content=\"8 minut\">\n<script type=\"application\/ld+json\" class=\"yoast-schema-graph\">{\"@context\":\"https:\/\/schema.org\",\"@graph\":[{\"@type\":\"WebSite\",\"@id\":\"https:\/\/portfolio.yd-media.de\/birkholz\/#website\",\"url\":\"https:\/\/portfolio.yd-media.de\/birkholz\/\",\"name\":\"Claudia Janet Birkholz\",\"description\":\"Claudia Janet Birkholz ist Pianistin und Dozentin f\\u00fcr Klavier und zeitgen\\u00f6ssische Musik an der Hochschule f\\u00fcr K\\u00fcnste Bremen (HfK).\",\"potentialAction\":[{\"@type\":\"SearchAction\",\"target\":\"https:\/\/portfolio.yd-media.de\/birkholz\/?s={search_term_string}\",\"query-input\":\"required name=search_term_string\"}],\"inLanguage\":\"pl-PL\"},{\"@type\":\"ImageObject\",\"@id\":\"https:\/\/portfolio.yd-media.de\/birkholz\/pl\/media\/#primaryimage\",\"inLanguage\":\"pl-PL\",\"url\":\"https:\/\/portfolio.yd-media.de\/birkholz\/wp-content\/uploads\/2020\/12\/cjb-social-img.jpg\",\"width\":1200,\"height\":630},{\"@type\":\"WebPage\",\"@id\":\"https:\/\/portfolio.yd-media.de\/birkholz\/pl\/media\/#webpage\",\"url\":\"https:\/\/portfolio.yd-media.de\/birkholz\/pl\/media\/\",\"name\":\"Media - Claudia Janet Birkholz\",\"isPartOf\":{\"@id\":\"https:\/\/portfolio.yd-media.de\/birkholz\/#website\"},\"primaryImageOfPage\":{\"@id\":\"https:\/\/portfolio.yd-media.de\/birkholz\/pl\/media\/#primaryimage\"},\"datePublished\":\"2020-12-15T12:04:47+00:00\",\"dateModified\":\"2020-12-22T10:37:12+00:00\",\"breadcrumb\":{\"@id\":\"https:\/\/portfolio.yd-media.de\/birkholz\/pl\/media\/#breadcrumb\"},\"inLanguage\":\"pl-PL\",\"potentialAction\":[{\"@type\":\"ReadAction\",\"target\":[\"https:\/\/portfolio.yd-media.de\/birkholz\/pl\/media\/\"]}]},{\"@type\":\"BreadcrumbList\",\"@id\":\"https:\/\/portfolio.yd-media.de\/birkholz\/pl\/media\/#breadcrumb\",\"itemListElement\":[{\"@type\":\"ListItem\",\"position\":1,\"item\":{\"@type\":\"WebPage\",\"@id\":\"https:\/\/portfolio.yd-media.de\/birkholz\/pl\/\",\"url\":\"https:\/\/portfolio.yd-media.de\/birkholz\/pl\/\",\"name\":\"Startseite\"}},{\"@type\":\"ListItem\",\"position\":2,\"item\":{\"@type\":\"WebPage\",\"@id\":\"https:\/\/portfolio.yd-media.de\/birkholz\/pl\/media\/\",\"url\":\"https:\/\/portfolio.yd-media.de\/birkholz\/pl\/media\/\",\"name\":\"Media\"}}]}]}<\/script>\n<!-- \/ Yoast SEO plugin. -->","_links":{"self":[{"href":"https:\/\/portfolio.yd-media.de\/birkholz\/pl\/wp-json\/wp\/v2\/pages\/1175"}],"collection":[{"href":"https:\/\/portfolio.yd-media.de\/birkholz\/pl\/wp-json\/wp\/v2\/pages"}],"about":[{"href":"https:\/\/portfolio.yd-media.de\/birkholz\/pl\/wp-json\/wp\/v2\/types\/page"}],"author":[{"embeddable":true,"href":"https:\/\/portfolio.yd-media.de\/birkholz\/pl\/wp-json\/wp\/v2\/users\/1"}],"replies":[{"embeddable":true,"href":"https:\/\/portfolio.yd-media.de\/birkholz\/pl\/wp-json\/wp\/v2\/comments?post=1175"}],"version-history":[{"count":5,"href":"https:\/\/portfolio.yd-media.de\/birkholz\/pl\/wp-json\/wp\/v2\/pages\/1175\/revisions"}],"predecessor-version":[{"id":2694,"href":"https:\/\/portfolio.yd-media.de\/birkholz\/pl\/wp-json\/wp\/v2\/pages\/1175\/revisions\/2694"}],"wp:featuredmedia":[{"embeddable":true,"href":"https:\/\/portfolio.yd-media.de\/birkholz\/pl\/wp-json\/wp\/v2\/media\/2904"}],"wp:attachment":[{"href":"https:\/\/portfolio.yd-media.de\/birkholz\/pl\/wp-json\/wp\/v2\/media?parent=1175"}],"curies":[{"name":"wp","href":"https:\/\/api.w.org\/{rel}","templated":true}]}}