{"id":1157,"date":"2020-12-15T11:39:04","date_gmt":"2020-12-15T10:39:04","guid":{"rendered":"http:\/\/claudiabirkholz.de\/strona-glowna\/"},"modified":"2020-12-16T17:21:45","modified_gmt":"2020-12-16T16:21:45","slug":"strona-glowna","status":"publish","type":"page","link":"https:\/\/portfolio.yd-media.de\/birkholz\/pl\/","title":{"rendered":"Strona g\u0142\u00f3wna"},"content":{"rendered":"<section class=\"wpb-content-wrapper\"><p>[vc_row full_width=&#8221;stretch_row_content&#8221; el_class=&#8221;start-div&#8221; css=&#8221;.vc_custom_1603969818573{padding-right: 0px !important;padding-left: 0px !important;}&#8221;][vc_column css=&#8221;.vc_custom_1603969824773{padding-right: 0px !important;padding-left: 0px !important;}&#8221;][vc_raw_html]PGRpdiBjbGFzcz0iYmlyay1oZWFkZXIiPjwvZGl2Pg0K[\/vc_raw_html][\/vc_column][\/vc_row][vc_row][vc_column][vc_row_inner][vc_column_inner]<div class=\"ult-spacer spacer-69d50e03b9c9b\" data-id=\"69d50e03b9c9b\" data-height=\"50\" data-height-mobile=\"10\" data-height-tab=\"\" data-height-tab-portrait=\"\" data-height-mobile-landscape=\"10\" style=\"clear:both;display:block;\"><\/div>[vc_column_text]<\/p>\n<h1>Muzyka jest jej wielk\u0105 pasj\u0105.<br \/>\nPianistka koncertuj\u0105ca na ca\u0142ym \u015bwiecie.<\/h1>\n<p>[\/vc_column_text][vc_column_text]Muzyka! Czasami ekspresyjna i brzmi\u0105ca, czasem delikatna: Claudia Janet Birkholz ca\u0142\u0105 swoj\u0105<br \/>\ntw\u00f3rczo\u015b\u0107 po\u015bwi\u0119ci\u0142a sztuce d\u017awi\u0119kowej. Jej absolutna techniczna kontrola nad instrumentem oraz zaskakuj\u0105ca oryginalno\u015b\u0107 inspiruje s\u0142uchaczy. Wyj\u0105tkowe w niej jest to, \u017ce przemawia d\u017awi\u0119kami \u2013 otwieraj\u0105c uszy i serca na zupe\u0142nie nowe doznania muzyczne. W tym celu zaprasza wa\u017cnych go\u015bci do dyskusji podczas koncert\u00f3w, inicjuje wydarzenia kulturalne i opracowuje nowe interdyscyplinarne podej\u015bcia. Poza tym uczy m\u0142odych muzyk\u00f3w i ca\u0142e pokolenia artyst\u00f3w jako wyk\u0142adowca na Uniwersytecie Sztuki w Bremie od 25 lat. Claudia Janet Birkholz jest wyj\u0105tkiem w swojej dziedzinie: Przesuwa granice sztuki d\u017awi\u0119ku i tworzy muzyczne doznania, kt\u00f3re nie maj\u0105 sobie r\u00f3wnych.<br \/>\n[\/vc_column_text]<div class=\"ult-spacer spacer-69d50e03b9cc0\" data-id=\"69d50e03b9cc0\" data-height=\"10\" data-height-mobile=\"10\" data-height-tab=\"10\" data-height-tab-portrait=\"\" data-height-mobile-landscape=\"\" style=\"clear:both;display:block;\"><\/div>[vc_separator]<div class=\"ult-spacer spacer-69d50e03b9cda\" data-id=\"69d50e03b9cda\" data-height=\"10\" data-height-mobile=\"10\" data-height-tab=\"10\" data-height-tab-portrait=\"\" data-height-mobile-landscape=\"\" style=\"clear:both;display:block;\"><\/div>[\/vc_column_inner][\/vc_row_inner][\/vc_column][\/vc_row][vc_row][vc_column][vc_row_inner][vc_column_inner el_class=&#8221;third-div&#8221; width=&#8221;1\/3&#8243;][vc_column_text]<\/p>\n<h3>Wirtuoz Koncerty solowe<\/h3>\n<p>[\/vc_column_text][vc_column_text css=&#8221;.vc_custom_1604398090029{margin-bottom: 0px !important;border-bottom-width: 0px !important;padding-bottom: 0px !important;}&#8221;]Claudia Janet Birkholz jest znana z wirtuozowskiej gry na fortepianie. Ka\u017cda nuta zabiera s\u0142uchacza w podr\u00f3\u017c do nowego wymiaru sztuki d\u017awi\u0119ku, rzuca wyzwanie nawykom s\u0142uchania i poszerza rozumienie muzyki. Wyst\u0119powa\u0142a ju\u017c w renomowanych salach koncertowych najwi\u0119kszych muzycznych metropolii. Zaskakuje i wci\u0105ga widz\u00f3w pod sw\u00f3j urok, fascynuje na wszystkich poziomach \u2013 czy to z oryginalnymi interpretacjami, czy nowymi technikami gry wsp\u00f3\u0142czesnej sztuki d\u017awi\u0119kowej.[\/vc_column_text]<div class=\"ult-spacer spacer-69d50e03b9cef\" data-id=\"69d50e03b9cef\" data-height=\"20\" data-height-mobile=\"20\" data-height-tab=\"20\" data-height-tab-portrait=\"\" data-height-mobile-landscape=\"\" style=\"clear:both;display:block;\"><\/div>[vc_column_text]<a class=\"cb-link\" style=\"display: none;\" href=\"http:\/\/claudiabirkholz.de\/pl\/repertuar\/\">Repertuar<\/a>[\/vc_column_text][\/vc_column_inner][vc_column_inner el_class=&#8221;third-div&#8221; width=&#8221;1\/3&#8243;][vc_column_text]<\/p>\n<h3>Ciekawe koncerty konwersacyjne<\/h3>\n<p>[\/vc_column_text][vc_column_text css=&#8221;.vc_custom_1604397869635{margin-bottom: 0px !important;border-bottom-width: 0px !important;padding-bottom: 0px !important;}&#8221;]<\/p>\n<p class=\"p1\"><span class=\"s1\">Co ma muzyka wsp\u00f3lnego z neuronauk\u0105 lub matematyk\u0105? Jaki wp\u0142yw ma sztuczna inteligencja na kompozycj\u0119 muzyczn\u0105? Claudia Janet Birkholz stworzy\u0142a wyj\u0105tkowy format, kt\u00f3ry umo\u017cliwia wymian\u0119 mi\u0119dzy publiczno\u015bci\u0105 a naukowcami i artystami \u2013 zupe\u0142nie nowe podej\u015bcie do nowej muzyki. Wydarzenia kulturalne, dzi\u0119ki kt\u00f3rym zdobywamy now\u0105 wiedz\u0119. <\/span><\/p>\n<p>[\/vc_column_text]<div class=\"ult-spacer spacer-69d50e03b9d01\" data-id=\"69d50e03b9d01\" data-height=\"20\" data-height-mobile=\"20\" data-height-tab=\"20\" data-height-tab-portrait=\"\" data-height-mobile-landscape=\"\" style=\"clear:both;display:block;\"><\/div>[vc_column_text]<a class=\"cb-link\" style=\"display: none;\" href=\"#\">Projekty<\/a>[\/vc_column_text][\/vc_column_inner][vc_column_inner el_class=&#8221;third-div&#8221; width=&#8221;1\/3&#8243;][vc_column_text]<\/p>\n<h3>Inspiruj\u0105ce warsztaty<\/h3>\n<p>[\/vc_column_text][vc_column_text css=&#8221;.vc_custom_1604397878004{margin-bottom: 0px !important;border-bottom-width: 0px !important;padding-bottom: 0px !important;}&#8221;]Claudia Janet Birkholz oferuje intensywne warsztaty dla ka\u017cdego: arty\u015bci, studenci lub osoby, kt\u00f3re nie graj\u0105 na instrumencie. Uczestnicy podchodz\u0105 do muzyki w niekonwencjonalny spos\u00f3b, kwestionuj\u0105 schematy my\u015blowe i poszerzaj\u0105 swoje muzyczne horyzonty. Wyzwanie. Eksperyment. Osobiste do\u015bwiadczenie muzyczne.[\/vc_column_text]<div class=\"ult-spacer spacer-69d50e03b9d18\" data-id=\"69d50e03b9d18\" data-height=\"20\" data-height-mobile=\"20\" data-height-tab=\"20\" data-height-tab-portrait=\"\" data-height-mobile-landscape=\"\" style=\"clear:both;display:block;\"><\/div>[vc_column_text]<a class=\"cb-link\" style=\"display: none;\" href=\"#\">Warsztaty<\/a>[\/vc_column_text][\/vc_column_inner][\/vc_row_inner][\/vc_column][\/vc_row][vc_row][vc_column]<div class=\"ult-spacer spacer-69d50e03b9d28\" data-id=\"69d50e03b9d28\" data-height=\"60\" data-height-mobile=\"0\" data-height-tab=\"\" data-height-tab-portrait=\"\" data-height-mobile-landscape=\"0\" style=\"clear:both;display:block;\"><\/div>[\/vc_column][\/vc_row][vc_row full_width=&#8221;stretch_row&#8221; content_placement=&#8221;middle&#8221; el_class=&#8221;aktuelles-div aktuelles-div-resp-2&#8243;][vc_column][vc_row_inner content_placement=&#8221;middle&#8221; el_class=&#8221;event-div&#8221;][vc_column_inner width=&#8221;1\/3&#8243;][\/vc_column_inner][vc_column_inner el_class=&#8221;aktuelles-text-1&#8243; width=&#8221;2\/3&#8243;]<div class=\"ult-spacer spacer-69d50e03b9d38\" data-id=\"69d50e03b9d38\" data-height=\"20\" data-height-mobile=\"50\" data-height-tab=\"\" data-height-tab-portrait=\"\" data-height-mobile-landscape=\"50\" style=\"clear:both;display:block;\"><\/div>[vc_column_text]<\/p>\n<h2 class=\"cb-white\">Aktualne koncerty i terminy:<br \/>\n<span class=\"cb-spin\" style=\"opacity: .8;\">Osobiste spotkanie z Claudi\u0105 Janet Birkholz.<\/span><\/h2>\n<p>[\/vc_column_text][vc_column_text]Jej koncerty s\u0105 kulturalnym wydarzeniem: Tutaj mo\u017cna zobaczy\u0107, gdzie w najbli\u017cszym czasie wyst\u0105pi Claudia Janet Birkholz.[\/vc_column_text][vc_column_text]<a class=\"cb-link-invert\" href=\"#\">Terminy<\/a>[\/vc_column_text]<div class=\"ult-spacer spacer-69d50e03b9d46\" data-id=\"69d50e03b9d46\" data-height=\"0\" data-height-mobile=\"300\" data-height-tab=\"\" data-height-tab-portrait=\"\" data-height-mobile-landscape=\"300\" style=\"clear:both;display:block;\"><\/div>[\/vc_column_inner][\/vc_row_inner][\/vc_column][\/vc_row][vc_row][vc_column]<div class=\"ult-spacer spacer-69d50e03b9d53\" data-id=\"69d50e03b9d53\" data-height=\"60\" data-height-mobile=\"60\" data-height-tab=\"60\" data-height-tab-portrait=\"\" data-height-mobile-landscape=\"\" style=\"clear:both;display:block;\"><\/div>[\/vc_column][\/vc_row][vc_row content_placement=&#8221;middle&#8221; el_class=&#8221;vita-div&#8221;][vc_column][vc_row_inner content_placement=&#8221;middle&#8221;][vc_column_inner width=&#8221;1\/2&#8243;][vc_raw_html]PGRpdj4NCjxoMT7Fu3ljaWU8ZGl2IGNsYXNzPSJjYi1oLWxpbmUiPjwvZGl2PjwvaDE+DQo8L2Rpdj4=[\/vc_raw_html][vc_column_text]Wyst\u0119puje jako solistka oraz w zespole na renomowanych mi\u0119dzynarodowych festiwalach. Tworzy programy, dzi\u0119ki kt\u00f3rym muzycznie porusza si\u0119 w nowych kierunkach. Realizuje spektakle, kt\u00f3re na d\u0142ugo zapadn\u0105 w pami\u0119ci. Claudia Janet Birkholz, urodzona w Bremie, uwielbia muzyk\u0119 wsp\u00f3\u0142czesn\u0105. A jako interpretatorka muzyki fortepianowej nale\u017cy do najlepszych na \u015bwiecie w dziedzinie wsp\u00f3\u0142czesnej sztuki d\u017awi\u0119ku.[\/vc_column_text][vc_column_text]<a class=\"cb-link\" href=\"http:\/\/claudiabirkholz.de\/pl\/zycie\/\">Dowiedz si\u0119 wi\u0119cej<\/a>[\/vc_column_text]<div class=\"ult-spacer spacer-69d50e03b9d60\" data-id=\"69d50e03b9d60\" data-height=\"0\" data-height-mobile=\"200\" data-height-tab=\"\" data-height-tab-portrait=\"\" data-height-mobile-landscape=\"200\" style=\"clear:both;display:block;\"><\/div>[\/vc_column_inner][vc_column_inner width=&#8221;1\/2&#8243;][\/vc_column_inner][\/vc_row_inner][\/vc_column][\/vc_row][vc_row content_placement=&#8221;middle&#8221; el_class=&#8221;anfrage-div&#8221;][vc_column][vc_row_inner][vc_column_inner]<div class=\"ult-spacer spacer-69d50e03b9d6f\" data-id=\"69d50e03b9d6f\" data-height=\"50\" data-height-mobile=\"50\" data-height-tab=\"50\" data-height-tab-portrait=\"\" data-height-mobile-landscape=\"\" style=\"clear:both;display:block;\"><\/div>[\/vc_column_inner][\/vc_row_inner][vc_row_inner content_placement=&#8221;middle&#8221;][vc_column_inner width=&#8221;2\/3&#8243;][vc_column_text css=&#8221;.vc_custom_1604321531011{margin-bottom: 0px !important;border-bottom-width: 0px !important;padding-bottom: 0px !important;}&#8221;]<\/p>\n<h3>Poznaj Claudi\u0119 Janet Birkholz<\/h3>\n<p>[\/vc_column_text]<div class=\"ult-spacer spacer-69d50e03b9d7d\" data-id=\"69d50e03b9d7d\" data-height=\"20\" data-height-mobile=\"20\" data-height-tab=\"20\" data-height-tab-portrait=\"\" data-height-mobile-landscape=\"\" style=\"clear:both;display:block;\"><\/div>[vc_column_text]Wyst\u0119py, koncerty konwersacyjne, warsztaty oraz wymiana naukowa i kulturalna: Claudia Janet Birkholz oferuje programy i formaty na r\u00f3\u017cne okazje i wymagania. Zach\u0119camy do kontaktu w celu niezobowi\u0105zuj\u0105cej rozmowy na ka\u017cdy temat i do prze\u017cycia razem wyj\u0105tkowe chwile sztuki d\u017awi\u0119kowej w nowym wymiarze.[\/vc_column_text][vc_raw_html]PGEgaHJlZj0iaHR0cHM6Ly9jbGF1ZGlhLWJpcmtob2x6LmRlL3BsL3phcHl0YW5pZS8iIGNsYXNzPSJjYi1idG4iPlphcHl0YW5pZTxpIGNsYXNzPSJmYXMgZmEtbG9uZy1hcnJvdy1hbHQtcmlnaHQgY2ItYnRuLWktciI+PC9pPjwvYT4=[\/vc_raw_html][\/vc_column_inner][vc_column_inner width=&#8221;1\/3&#8243;][\/vc_column_inner][\/vc_row_inner][\/vc_column][\/vc_row][vc_row][vc_column]<div class=\"ult-spacer spacer-69d50e03b9d89\" data-id=\"69d50e03b9d89\" data-height=\"60\" data-height-mobile=\"0\" data-height-tab=\"\" data-height-tab-portrait=\"\" data-height-mobile-landscape=\"0\" style=\"clear:both;display:block;\"><\/div>[\/vc_column][\/vc_row]<\/p>\n<\/section>","protected":false},"excerpt":{"rendered":"<p>[vc_row full_width=&#8221;stretch_row_content&#8221; el_class=&#8221;start-div&#8221; css=&#8221;.vc_custom_1603969818573{padding-right: 0px !important;padding-left: 0px !important;}&#8221;][vc_column css=&#8221;.vc_custom_1603969824773{padding-right: 0px !important;padding-left: 0px !important;}&#8221;][vc_raw_html]PGRpdiBjbGFzcz0iYmlyay1oZWFkZXIiPjwvZGl2Pg0K[\/vc_raw_html][\/vc_column][\/vc_row][vc_row][vc_column][vc_row_inner][vc_column_inner][vc_column_text] Muzyka jest jej wielk\u0105 pasj\u0105. Pianistka koncertuj\u0105ca na ca\u0142ym \u015bwiecie. [\/vc_column_text][vc_column_text]Muzyka! Czasami ekspresyjna i brzmi\u0105ca, czasem delikatna: Claudia Janet Birkholz ca\u0142\u0105 swoj\u0105 tw\u00f3rczo\u015b\u0107 po\u015bwi\u0119ci\u0142a sztuce d\u017awi\u0119kowej. Jej absolutna techniczna kontrola nad instrumentem oraz zaskakuj\u0105ca oryginalno\u015b\u0107 inspiruje s\u0142uchaczy. Wyj\u0105tkowe w niej jest to,&hellip;<\/p>\n","protected":false},"author":1,"featured_media":2904,"parent":0,"menu_order":0,"comment_status":"closed","ping_status":"closed","template":"","meta":[],"yoast_head":"<!-- This site is optimized with the Yoast SEO plugin v15.9.2 - https:\/\/yoast.com\/wordpress\/plugins\/seo\/ -->\n<title>Strona g\u0142\u00f3wna - Claudia Janet Birkholz<\/title>\n<meta name=\"robots\" content=\"noindex, follow, max-snippet:-1, max-image-preview:large, max-video-preview:-1\" \/>\n<meta property=\"og:locale\" content=\"pl_PL\" \/>\n<meta property=\"og:type\" content=\"article\" \/>\n<meta property=\"og:title\" content=\"Strona g\u0142\u00f3wna - Claudia Janet Birkholz\" \/>\n<meta property=\"og:description\" content=\"[vc_row full_width=&#8221;stretch_row_content&#8221; el_class=&#8221;start-div&#8221; css=&#8221;.vc_custom_1603969818573{padding-right: 0px !important;padding-left: 0px !important;}&#8221;][vc_column css=&#8221;.vc_custom_1603969824773{padding-right: 0px !important;padding-left: 0px !important;}&#8221;][vc_raw_html]PGRpdiBjbGFzcz0iYmlyay1oZWFkZXIiPjwvZGl2Pg0K[\/vc_raw_html][\/vc_column][\/vc_row][vc_row][vc_column][vc_row_inner][vc_column_inner][vc_column_text] Muzyka jest jej wielk\u0105 pasj\u0105. Pianistka koncertuj\u0105ca na ca\u0142ym \u015bwiecie. [\/vc_column_text][vc_column_text]Muzyka! Czasami ekspresyjna i brzmi\u0105ca, czasem delikatna: Claudia Janet Birkholz ca\u0142\u0105 swoj\u0105 tw\u00f3rczo\u015b\u0107 po\u015bwi\u0119ci\u0142a sztuce d\u017awi\u0119kowej. Jej absolutna techniczna kontrola nad instrumentem oraz zaskakuj\u0105ca oryginalno\u015b\u0107 inspiruje s\u0142uchaczy. Wyj\u0105tkowe w niej jest to,&hellip;\" \/>\n<meta property=\"og:url\" content=\"https:\/\/portfolio.yd-media.de\/birkholz\/pl\/\" \/>\n<meta property=\"og:site_name\" content=\"Claudia Janet Birkholz\" \/>\n<meta property=\"article:publisher\" content=\"https:\/\/www.facebook.com\/CJBirkholz\" \/>\n<meta property=\"article:modified_time\" content=\"2020-12-16T16:21:45+00:00\" \/>\n<meta property=\"og:image\" content=\"https:\/\/portfolio.yd-media.de\/birkholz\/wp-content\/uploads\/2020\/12\/cjb-social-img.jpg\" \/>\n\t<meta property=\"og:image:width\" content=\"1200\" \/>\n\t<meta property=\"og:image:height\" content=\"630\" \/>\n<meta name=\"twitter:card\" content=\"summary_large_image\" \/>\n<meta name=\"twitter:label1\" content=\"Est. reading time\">\n\t<meta name=\"twitter:data1\" content=\"5 minut\">\n<script type=\"application\/ld+json\" class=\"yoast-schema-graph\">{\"@context\":\"https:\/\/schema.org\",\"@graph\":[{\"@type\":\"WebSite\",\"@id\":\"https:\/\/portfolio.yd-media.de\/birkholz\/#website\",\"url\":\"https:\/\/portfolio.yd-media.de\/birkholz\/\",\"name\":\"Claudia Janet Birkholz\",\"description\":\"Claudia Janet Birkholz ist Pianistin und Dozentin f\\u00fcr Klavier und zeitgen\\u00f6ssische Musik an der Hochschule f\\u00fcr K\\u00fcnste Bremen (HfK).\",\"potentialAction\":[{\"@type\":\"SearchAction\",\"target\":\"https:\/\/portfolio.yd-media.de\/birkholz\/?s={search_term_string}\",\"query-input\":\"required name=search_term_string\"}],\"inLanguage\":\"pl-PL\"},{\"@type\":\"ImageObject\",\"@id\":\"https:\/\/portfolio.yd-media.de\/birkholz\/pl\/#primaryimage\",\"inLanguage\":\"pl-PL\",\"url\":\"https:\/\/portfolio.yd-media.de\/birkholz\/wp-content\/uploads\/2020\/12\/cjb-social-img.jpg\",\"width\":1200,\"height\":630},{\"@type\":\"WebPage\",\"@id\":\"https:\/\/portfolio.yd-media.de\/birkholz\/pl\/#webpage\",\"url\":\"https:\/\/portfolio.yd-media.de\/birkholz\/pl\/\",\"name\":\"Strona g\\u0142\\u00f3wna - Claudia Janet Birkholz\",\"isPartOf\":{\"@id\":\"https:\/\/portfolio.yd-media.de\/birkholz\/#website\"},\"primaryImageOfPage\":{\"@id\":\"https:\/\/portfolio.yd-media.de\/birkholz\/pl\/#primaryimage\"},\"datePublished\":\"2020-12-15T10:39:04+00:00\",\"dateModified\":\"2020-12-16T16:21:45+00:00\",\"breadcrumb\":{\"@id\":\"https:\/\/portfolio.yd-media.de\/birkholz\/pl\/#breadcrumb\"},\"inLanguage\":\"pl-PL\",\"potentialAction\":[{\"@type\":\"ReadAction\",\"target\":[\"https:\/\/portfolio.yd-media.de\/birkholz\/pl\/\"]}]},{\"@type\":\"BreadcrumbList\",\"@id\":\"https:\/\/portfolio.yd-media.de\/birkholz\/pl\/#breadcrumb\",\"itemListElement\":[{\"@type\":\"ListItem\",\"position\":1,\"item\":{\"@type\":\"WebPage\",\"@id\":\"https:\/\/portfolio.yd-media.de\/birkholz\/pl\/\",\"url\":\"https:\/\/portfolio.yd-media.de\/birkholz\/pl\/\",\"name\":\"Startseite\"}},{\"@type\":\"ListItem\",\"position\":2,\"item\":{\"@type\":\"WebPage\",\"@id\":\"https:\/\/portfolio.yd-media.de\/birkholz\/pl\/\",\"url\":\"https:\/\/portfolio.yd-media.de\/birkholz\/pl\/\",\"name\":\"Strona g\\u0142\\u00f3wna\"}}]}]}<\/script>\n<!-- \/ Yoast SEO plugin. -->","_links":{"self":[{"href":"https:\/\/portfolio.yd-media.de\/birkholz\/pl\/wp-json\/wp\/v2\/pages\/1157"}],"collection":[{"href":"https:\/\/portfolio.yd-media.de\/birkholz\/pl\/wp-json\/wp\/v2\/pages"}],"about":[{"href":"https:\/\/portfolio.yd-media.de\/birkholz\/pl\/wp-json\/wp\/v2\/types\/page"}],"author":[{"embeddable":true,"href":"https:\/\/portfolio.yd-media.de\/birkholz\/pl\/wp-json\/wp\/v2\/users\/1"}],"replies":[{"embeddable":true,"href":"https:\/\/portfolio.yd-media.de\/birkholz\/pl\/wp-json\/wp\/v2\/comments?post=1157"}],"version-history":[{"count":8,"href":"https:\/\/portfolio.yd-media.de\/birkholz\/pl\/wp-json\/wp\/v2\/pages\/1157\/revisions"}],"predecessor-version":[{"id":1870,"href":"https:\/\/portfolio.yd-media.de\/birkholz\/pl\/wp-json\/wp\/v2\/pages\/1157\/revisions\/1870"}],"wp:featuredmedia":[{"embeddable":true,"href":"https:\/\/portfolio.yd-media.de\/birkholz\/pl\/wp-json\/wp\/v2\/media\/2904"}],"wp:attachment":[{"href":"https:\/\/portfolio.yd-media.de\/birkholz\/pl\/wp-json\/wp\/v2\/media?parent=1157"}],"curies":[{"name":"wp","href":"https:\/\/api.w.org\/{rel}","templated":true}]}}