{"id":899,"date":"2020-12-09T12:53:40","date_gmt":"2020-12-09T11:53:40","guid":{"rendered":"http:\/\/claudiabirkholz.de\/anfragen\/"},"modified":"2020-12-18T10:55:33","modified_gmt":"2020-12-18T09:55:33","slug":"anfragen","status":"publish","type":"page","link":"https:\/\/portfolio.yd-media.de\/birkholz\/fr\/anfragen\/","title":{"rendered":"Demandes"},"content":{"rendered":"<section class=\"wpb-content-wrapper\"><p>[vc_row][vc_column]<div class=\"ult-spacer spacer-69d8cbdb07a81\" data-id=\"69d8cbdb07a81\" data-height=\"50\" data-height-mobile=\"50\" data-height-tab=\"50\" data-height-tab-portrait=\"\" data-height-mobile-landscape=\"\" style=\"clear:both;display:block;\"><\/div>[\/vc_column][\/vc_row][vc_row][vc_column][vc_raw_html]PGgxIGNsYXNzPSJjYi1oaC1saW5lIj48c3Bhbj48L3NwYW4+Rm9ybXVsYWlyZSBkZSBjb250YWN0PC9oMT4=[\/vc_raw_html][\/vc_column][\/vc_row][vc_row gap=\u00a0\u00bb35&Prime; full_height=\u00a0\u00bbyes\u00a0\u00bb columns_placement=\u00a0\u00bbtop\u00a0\u00bb][vc_column width=\u00a0\u00bb1\/2&Prime;]<div role=\"form\" class=\"wpcf7\" id=\"wpcf7-f2309-o1\" lang=\"de-DE\" dir=\"ltr\">\n<div class=\"screen-reader-response\"><p role=\"status\" aria-live=\"polite\" aria-atomic=\"true\"><\/p> <ul><\/ul><\/div>\n<form action=\"\/birkholz\/fr\/wp-json\/wp\/v2\/pages\/899#wpcf7-f2309-o1\" method=\"post\" class=\"wpcf7-form init\" novalidate=\"novalidate\" data-status=\"init\">\n<div style=\"display: none;\">\n<input type=\"hidden\" name=\"_wpcf7\" value=\"2309\" \/>\n<input type=\"hidden\" name=\"_wpcf7_version\" value=\"5.3.2\" \/>\n<input type=\"hidden\" name=\"_wpcf7_locale\" value=\"de_DE\" \/>\n<input type=\"hidden\" name=\"_wpcf7_unit_tag\" value=\"wpcf7-f2309-o1\" \/>\n<input type=\"hidden\" name=\"_wpcf7_container_post\" value=\"0\" \/>\n<input type=\"hidden\" name=\"_wpcf7_posted_data_hash\" value=\"\" \/>\n<\/div>\n<div class=\"form-wrap\">\n<div class=\"form-l\">\n<label>Pr\u00e9nom<br \/>\n<span class=\"wpcf7-form-control-wrap your-name\"><input type=\"text\" name=\"your-name\" value=\"\" size=\"40\" class=\"wpcf7-form-control wpcf7-text wpcf7-validates-as-required\" aria-required=\"true\" aria-invalid=\"false\" \/><\/span> <\/label>\n<\/div>\n<div class=\"form-r\">\n<label>Nom de famille<br \/>\n<span class=\"wpcf7-form-control-wrap Nachname\"><input type=\"text\" name=\"Nachname\" value=\"\" size=\"40\" class=\"wpcf7-form-control wpcf7-text wpcf7-validates-as-required\" aria-required=\"true\" aria-invalid=\"false\" \/><\/span> <\/label>\n<\/div>\n<\/div>\n<p><label>E-Mail<br \/>\n    <span class=\"wpcf7-form-control-wrap your-email\"><input type=\"email\" name=\"your-email\" value=\"\" size=\"40\" class=\"wpcf7-form-control wpcf7-text wpcf7-email wpcf7-validates-as-required wpcf7-validates-as-email\" aria-required=\"true\" aria-invalid=\"false\" \/><\/span> <\/label><\/p>\n<p><label>Sujet<br \/>\n    <span class=\"wpcf7-form-control-wrap your-subject\"><input type=\"text\" name=\"your-subject\" value=\"\" size=\"40\" class=\"wpcf7-form-control wpcf7-text\" aria-invalid=\"false\" \/><\/span> <\/label><\/p>\n<p><label>Message<br \/>\n    <span class=\"wpcf7-form-control-wrap your-message\"><textarea name=\"your-message\" cols=\"40\" rows=\"10\" class=\"wpcf7-form-control wpcf7-textarea\" aria-invalid=\"false\"><\/textarea><\/span> <\/label><\/p>\n<div id=\"cf7sr-69d8cbdb0885f\" class=\"cf7sr-g-recaptcha\" data-sitekey=\"6LeqUt8ZAAAAAC_9riYVdiMEmOOKj8AHWjXGeLjn\"><\/div><span class=\"wpcf7-form-control-wrap cf7sr-recaptcha\" data-name=\"cf7sr-recaptcha\"><input type=\"hidden\" name=\"cf7sr-recaptcha\" value=\"\" class=\"wpcf7-form-control\"><\/span> <\/p>\n<p><input type=\"submit\" value=\"Envoyer\" class=\"wpcf7-form-control wpcf7-submit\" \/><\/p>\n<div class=\"wpcf7-response-output\" aria-hidden=\"true\"><\/div><\/form><\/div>[\/vc_column][vc_column width=\u00a0\u00bb1\/2&Prime;]<div class=\"ult-spacer spacer-69d8cbdb08881\" data-id=\"69d8cbdb08881\" data-height=\"20\" data-height-mobile=\"20\" data-height-tab=\"20\" data-height-tab-portrait=\"\" data-height-mobile-landscape=\"\" style=\"clear:both;display:block;\"><\/div>[vc_column_text]<\/p>\n<h2>Trouver un contact.\u2028<br \/>\nCr\u00e9er une rencontre.<\/h2>\n<p>[\/vc_column_text][vc_column_text]Vous envisagez une collaboration ? Vous avez une demande de r\u00e9servation ou une demande presse ? Ou vous souhaitez en savoir plus sur Claudia Janet Birkholz et son engagement dans la musique nouvelle ?[\/vc_column_text][vc_column_text]<\/p>\n<p class=\"p1\"><span class=\"s1\">Quelles que soient les raisons pour lesquelles vous nous contactez, nous appr\u00e9cions votre int\u00e9r\u00eat, prenons vos demandes au s\u00e9rieux et les coordonnons imm\u00e9diatement. Car Claudia Janet Birkholz, pour qui le th\u00e8me de la rencontre joue un r\u00f4le tr\u00e8s central, s&rsquo;int\u00e9resse toujours aux nouvelles perspectives et aux \u00e9changes professionnels.<\/span><\/p>\n<p>[\/vc_column_text][vc_column_text]Nous nous r\u00e9jouissons de votre demande ![\/vc_column_text]<div class=\"ult-spacer spacer-69d8cbdb08892\" data-id=\"69d8cbdb08892\" data-height=\"50\" data-height-mobile=\"50\" data-height-tab=\"50\" data-height-tab-portrait=\"\" data-height-mobile-landscape=\"\" style=\"clear:both;display:block;\"><\/div>[\/vc_column][\/vc_row]<\/p>\n<\/section>","protected":false},"excerpt":{"rendered":"<p>[vc_row][vc_column][\/vc_column][\/vc_row][vc_row][vc_column][vc_raw_html]PGgxIGNsYXNzPSJjYi1oaC1saW5lIj48c3Bhbj48L3NwYW4+Rm9ybXVsYWlyZSBkZSBjb250YWN0PC9oMT4=[\/vc_raw_html][\/vc_column][\/vc_row][vc_row gap=\u00a0\u00bb35&Prime; full_height=\u00a0\u00bbyes\u00a0\u00bb columns_placement=\u00a0\u00bbtop\u00a0\u00bb][vc_column width=\u00a0\u00bb1\/2&Prime;][\/vc_column][vc_column width=\u00a0\u00bb1\/2&Prime;][vc_column_text] Trouver un contact.\u2028 Cr\u00e9er une rencontre. [\/vc_column_text][vc_column_text]Vous envisagez une collaboration ? Vous avez une demande de r\u00e9servation ou une demande presse ? Ou vous souhaitez en savoir plus sur Claudia Janet Birkholz et son engagement dans la musique nouvelle ?[\/vc_column_text][vc_column_text] Quelles que soient les raisons pour lesquelles vous nous&hellip;<\/p>\n","protected":false},"author":1,"featured_media":2901,"parent":0,"menu_order":0,"comment_status":"closed","ping_status":"closed","template":"","meta":[],"yoast_head":"<!-- This site is optimized with the Yoast SEO plugin v15.9.2 - https:\/\/yoast.com\/wordpress\/plugins\/seo\/ -->\n<title>Demandes - Claudia Janet Birkholz<\/title>\n<meta name=\"robots\" content=\"noindex, follow, max-snippet:-1, max-image-preview:large, max-video-preview:-1\" \/>\n<meta property=\"og:locale\" content=\"fr_FR\" \/>\n<meta property=\"og:type\" content=\"article\" \/>\n<meta property=\"og:title\" content=\"Demandes - Claudia Janet Birkholz\" \/>\n<meta property=\"og:description\" content=\"[vc_row][vc_column][\/vc_column][\/vc_row][vc_row][vc_column][vc_raw_html]PGgxIGNsYXNzPSJjYi1oaC1saW5lIj48c3Bhbj48L3NwYW4+Rm9ybXVsYWlyZSBkZSBjb250YWN0PC9oMT4=[\/vc_raw_html][\/vc_column][\/vc_row][vc_row gap=\u00a0\u00bb35&Prime; full_height=\u00a0\u00bbyes\u00a0\u00bb columns_placement=\u00a0\u00bbtop\u00a0\u00bb][vc_column width=\u00a0\u00bb1\/2&Prime;][\/vc_column][vc_column width=\u00a0\u00bb1\/2&Prime;][vc_column_text] Trouver un contact.\u2028 Cr\u00e9er une rencontre. [\/vc_column_text][vc_column_text]Vous envisagez une collaboration ? Vous avez une demande de r\u00e9servation ou une demande presse ? Ou vous souhaitez en savoir plus sur Claudia Janet Birkholz et son engagement dans la musique nouvelle ?[\/vc_column_text][vc_column_text] Quelles que soient les raisons pour lesquelles vous nous&hellip;\" \/>\n<meta property=\"og:url\" content=\"https:\/\/portfolio.yd-media.de\/birkholz\/fr\/anfragen\/\" \/>\n<meta property=\"og:site_name\" content=\"Claudia Janet Birkholz\" \/>\n<meta property=\"article:publisher\" content=\"https:\/\/www.facebook.com\/CJBirkholz\" \/>\n<meta property=\"article:modified_time\" content=\"2020-12-18T09:55:33+00:00\" \/>\n<meta property=\"og:image\" content=\"https:\/\/portfolio.yd-media.de\/birkholz\/wp-content\/uploads\/2020\/12\/cjb-social-img.jpg\" \/>\n\t<meta property=\"og:image:width\" content=\"1200\" \/>\n\t<meta property=\"og:image:height\" content=\"630\" \/>\n<meta name=\"twitter:card\" content=\"summary_large_image\" \/>\n<meta name=\"twitter:label1\" content=\"Dur\u00e9e de lecture est.\">\n\t<meta name=\"twitter:data1\" content=\"1 minute\">\n<script type=\"application\/ld+json\" class=\"yoast-schema-graph\">{\"@context\":\"https:\/\/schema.org\",\"@graph\":[{\"@type\":\"WebSite\",\"@id\":\"https:\/\/portfolio.yd-media.de\/birkholz\/#website\",\"url\":\"https:\/\/portfolio.yd-media.de\/birkholz\/\",\"name\":\"Claudia Janet Birkholz\",\"description\":\"Claudia Janet Birkholz ist Pianistin und Dozentin f\\u00fcr Klavier und zeitgen\\u00f6ssische Musik an der Hochschule f\\u00fcr K\\u00fcnste Bremen (HfK).\",\"potentialAction\":[{\"@type\":\"SearchAction\",\"target\":\"https:\/\/portfolio.yd-media.de\/birkholz\/?s={search_term_string}\",\"query-input\":\"required name=search_term_string\"}],\"inLanguage\":\"fr-FR\"},{\"@type\":\"ImageObject\",\"@id\":\"https:\/\/portfolio.yd-media.de\/birkholz\/fr\/anfragen\/#primaryimage\",\"inLanguage\":\"fr-FR\",\"url\":\"https:\/\/portfolio.yd-media.de\/birkholz\/wp-content\/uploads\/2020\/12\/cjb-social-img.jpg\",\"width\":1200,\"height\":630},{\"@type\":\"WebPage\",\"@id\":\"https:\/\/portfolio.yd-media.de\/birkholz\/fr\/anfragen\/#webpage\",\"url\":\"https:\/\/portfolio.yd-media.de\/birkholz\/fr\/anfragen\/\",\"name\":\"Demandes - Claudia Janet Birkholz\",\"isPartOf\":{\"@id\":\"https:\/\/portfolio.yd-media.de\/birkholz\/#website\"},\"primaryImageOfPage\":{\"@id\":\"https:\/\/portfolio.yd-media.de\/birkholz\/fr\/anfragen\/#primaryimage\"},\"datePublished\":\"2020-12-09T11:53:40+00:00\",\"dateModified\":\"2020-12-18T09:55:33+00:00\",\"breadcrumb\":{\"@id\":\"https:\/\/portfolio.yd-media.de\/birkholz\/fr\/anfragen\/#breadcrumb\"},\"inLanguage\":\"fr-FR\",\"potentialAction\":[{\"@type\":\"ReadAction\",\"target\":[\"https:\/\/portfolio.yd-media.de\/birkholz\/fr\/anfragen\/\"]}]},{\"@type\":\"BreadcrumbList\",\"@id\":\"https:\/\/portfolio.yd-media.de\/birkholz\/fr\/anfragen\/#breadcrumb\",\"itemListElement\":[{\"@type\":\"ListItem\",\"position\":1,\"item\":{\"@type\":\"WebPage\",\"@id\":\"https:\/\/portfolio.yd-media.de\/birkholz\/fr\/\",\"url\":\"https:\/\/portfolio.yd-media.de\/birkholz\/fr\/\",\"name\":\"Startseite\"}},{\"@type\":\"ListItem\",\"position\":2,\"item\":{\"@type\":\"WebPage\",\"@id\":\"https:\/\/portfolio.yd-media.de\/birkholz\/fr\/anfragen\/\",\"url\":\"https:\/\/portfolio.yd-media.de\/birkholz\/fr\/anfragen\/\",\"name\":\"Demandes\"}}]}]}<\/script>\n<!-- \/ Yoast SEO plugin. -->","_links":{"self":[{"href":"https:\/\/portfolio.yd-media.de\/birkholz\/fr\/wp-json\/wp\/v2\/pages\/899"}],"collection":[{"href":"https:\/\/portfolio.yd-media.de\/birkholz\/fr\/wp-json\/wp\/v2\/pages"}],"about":[{"href":"https:\/\/portfolio.yd-media.de\/birkholz\/fr\/wp-json\/wp\/v2\/types\/page"}],"author":[{"embeddable":true,"href":"https:\/\/portfolio.yd-media.de\/birkholz\/fr\/wp-json\/wp\/v2\/users\/1"}],"replies":[{"embeddable":true,"href":"https:\/\/portfolio.yd-media.de\/birkholz\/fr\/wp-json\/wp\/v2\/comments?post=899"}],"version-history":[{"count":14,"href":"https:\/\/portfolio.yd-media.de\/birkholz\/fr\/wp-json\/wp\/v2\/pages\/899\/revisions"}],"predecessor-version":[{"id":2324,"href":"https:\/\/portfolio.yd-media.de\/birkholz\/fr\/wp-json\/wp\/v2\/pages\/899\/revisions\/2324"}],"wp:featuredmedia":[{"embeddable":true,"href":"https:\/\/portfolio.yd-media.de\/birkholz\/fr\/wp-json\/wp\/v2\/media\/2901"}],"wp:attachment":[{"href":"https:\/\/portfolio.yd-media.de\/birkholz\/fr\/wp-json\/wp\/v2\/media?parent=899"}],"curies":[{"name":"wp","href":"https:\/\/api.w.org\/{rel}","templated":true}]}}