{"id":843,"date":"2020-12-07T17:27:09","date_gmt":"2020-12-07T16:27:09","guid":{"rendered":"http:\/\/claudiabirkholz.de\/startseite\/"},"modified":"2020-12-16T15:45:33","modified_gmt":"2020-12-16T14:45:33","slug":"startseite","status":"publish","type":"page","link":"https:\/\/portfolio.yd-media.de\/birkholz\/fr\/","title":{"rendered":"Page d&rsquo;accueil"},"content":{"rendered":"<section class=\"wpb-content-wrapper\"><p>[vc_row full_width=\u00a0\u00bbstretch_row_content\u00a0\u00bb el_class=\u00a0\u00bbstart-div\u00a0\u00bb css=\u00a0\u00bb.vc_custom_1603969818573{padding-right: 0px !important;padding-left: 0px !important;}\u00a0\u00bb][vc_column css=\u00a0\u00bb.vc_custom_1603969824773{padding-right: 0px !important;padding-left: 0px !important;}\u00a0\u00bb][vc_raw_html]PGRpdiBjbGFzcz0iYmlyay1oZWFkZXIiPjwvZGl2Pg0K[\/vc_raw_html][\/vc_column][\/vc_row][vc_row][vc_column][vc_row_inner][vc_column_inner]<div class=\"ult-spacer spacer-69d8e3d9cc92a\" data-id=\"69d8e3d9cc92a\" data-height=\"50\" data-height-mobile=\"10\" data-height-tab=\"\" data-height-tab-portrait=\"\" data-height-mobile-landscape=\"10\" style=\"clear:both;display:block;\"><\/div>[vc_column_text]<\/p>\n<h1>Musicienne passionn\u00e9e.<br \/>\nPianiste de concert du monde.<\/h1>\n<p>[\/vc_column_text][vc_column_text]Musique! Parfois expressive et virtuose du son, parfois d\u00e9licate et finement color\u00e9e: Claudia Janet Birkholz a d\u00e9di\u00e9 l&rsquo;ensemble de son travail artistique \u00e0 l&rsquo;art sonore. La profondeur infinie de son univers musical, sa ma\u00eetrise technique absolue de l&rsquo;instrument et la surprenante originalit\u00e9 de ses interpr\u00e9tations inspirent leur public. La magie de la pianiste de concert internationalement pl\u00e9biscit\u00e9e tient au fait qu&rsquo;elle raconte la musique de diff\u00e9rentes mani\u00e8res, fait parler les sons &#8211; ouvre les oreilles et les c\u0153urs \u00e0 une toute nouvelle exp\u00e9rience musicale. \u00c0 cette fin, elle convie des invit\u00e9s importants \u00e0 des concerts comment\u00e9s, initie des \u00e9v\u00e9nements culturels et d\u00e9veloppe de nouvelles approches interdisciplinaires. En sa qualit\u00e9 de professeur \u00e0 l&rsquo;\u00c9cole Sup\u00e9rieure des Beaux-arts de Br\u00eame, elle forme de jeunes musiciens et des g\u00e9n\u00e9rations enti\u00e8res d&rsquo;artistes depuis 25 ans. Claudia Janet Birkholz fait figure d&rsquo;exception dans son domaine: elle ne se contente pas de repousser les limites de l&rsquo;art sonore, elle les fait dispara\u00eetre compl\u00e8tement. Et cr\u00e9e une exp\u00e9rience musicale incomparable.<br \/>\n[\/vc_column_text]<div class=\"ult-spacer spacer-69d8e3d9cc960\" data-id=\"69d8e3d9cc960\" data-height=\"10\" data-height-mobile=\"10\" data-height-tab=\"10\" data-height-tab-portrait=\"\" data-height-mobile-landscape=\"\" style=\"clear:both;display:block;\"><\/div>[vc_separator]<div class=\"ult-spacer spacer-69d8e3d9cc980\" data-id=\"69d8e3d9cc980\" data-height=\"10\" data-height-mobile=\"10\" data-height-tab=\"10\" data-height-tab-portrait=\"\" data-height-mobile-landscape=\"\" style=\"clear:both;display:block;\"><\/div>[\/vc_column_inner][\/vc_row_inner][\/vc_column][\/vc_row][vc_row][vc_column][vc_row_inner][vc_column_inner el_class=\u00a0\u00bbthird-div\u00a0\u00bb width=\u00a0\u00bb1\/3&Prime;][vc_column_text]<\/p>\n<h3>Virtuose<br \/>\nConcerts solo<\/h3>\n<p>[\/vc_column_text][vc_column_text css=\u00a0\u00bb.vc_custom_1604398090029{margin-bottom: 0px !important;border-bottom-width: 0px !important;padding-bottom: 0px !important;}\u00a0\u00bb]Claudia Janet Birkholz est r\u00e9put\u00e9e pour sa virtuosit\u00e9 au piano. Chaque son emm\u00e8ne le public en voyage dans une nouvelle dimension de l&rsquo;art sonore, remet en question ses habitudes d&rsquo;\u00e9coute et \u00e9largit sa compr\u00e9hension de la musique. Avec ses performances en solo et en ensemble, elle s&rsquo;est d\u00e9j\u00e0 produite dans des salles de concert renomm\u00e9es des plus grandes m\u00e9tropoles musicales. Elle surprend, s\u00e9duit le public, fascine \u00e0 tout niveau &#8211; que ce soit avec des interpr\u00e9tations originales ou de nouvelles techniques de jeu de l&rsquo;art sonore contemporain.[\/vc_column_text]<div class=\"ult-spacer spacer-69d8e3d9cc99a\" data-id=\"69d8e3d9cc99a\" data-height=\"20\" data-height-mobile=\"20\" data-height-tab=\"20\" data-height-tab-portrait=\"\" data-height-mobile-landscape=\"\" style=\"clear:both;display:block;\"><\/div>[vc_column_text]<a class=\"cb-link\" style=\"display: none;\" href=\"http:\/\/claudiabirkholz.de\/fr\/repertoire\/\"> Au r\u00e9pertoire<\/a>[\/vc_column_text][\/vc_column_inner][vc_column_inner el_class=\u00a0\u00bbthird-div\u00a0\u00bb width=\u00a0\u00bb1\/3&Prime;][vc_column_text]<\/p>\n<h3>Riche en enseignements<br \/>\nConcerts rencontres<\/h3>\n<p>[\/vc_column_text][vc_column_text css=\u00a0\u00bb.vc_custom_1604397869635{margin-bottom: 0px !important;border-bottom-width: 0px !important;padding-bottom: 0px !important;}\u00a0\u00bb]<\/p>\n<p class=\"p1\"><span class=\"s1\">Qu&rsquo;est-ce que la musique a \u00e0 voir avec les neurosciences ou les math\u00e9matiques ? Comment l&rsquo;intelligence artificielle influence-t-elle la composition musicale ? Avec ses concerts rencontres anim\u00e9s, Claudia Janet Birkholz a \u00e9tabli un format unique qui permet l&rsquo;\u00e9change entre le public et les invit\u00e9s de la science, de l&rsquo;art et des affaires &#8211; et ouvre ainsi la voie \u00e0 une toute nouvelle approche de la musique nouvelle. Des \u00e9v\u00e9nements culturels qui engendrent de nouvelles connaissances. Et veillent \u00e0 ce que le non entendu soit entendu et compris.<\/span><\/p>\n<p>[\/vc_column_text]<div class=\"ult-spacer spacer-69d8e3d9cc9b1\" data-id=\"69d8e3d9cc9b1\" data-height=\"20\" data-height-mobile=\"20\" data-height-tab=\"20\" data-height-tab-portrait=\"\" data-height-mobile-landscape=\"\" style=\"clear:both;display:block;\"><\/div>[vc_column_text]<a class=\"cb-link\" style=\"display: none;\" href=\"#\">Acc\u00e9der aux projets<\/a>[\/vc_column_text][\/vc_column_inner][vc_column_inner el_class=\u00a0\u00bbthird-div\u00a0\u00bb width=\u00a0\u00bb1\/3&Prime;][vc_column_text]<\/p>\n<h3>Inspirant<br \/>\nAteliers<\/h3>\n<p>[\/vc_column_text][vc_column_text css=\u00a0\u00bb.vc_custom_1604397878004{margin-bottom: 0px !important;border-bottom-width: 0px !important;padding-bottom: 0px !important;}\u00a0\u00bb]Nouvelles impulsions pour son propre jeu &#8211; ou premi\u00e8res rencontres avec le monde du son : Claudia Janet Birkholz propose des ateliers qui rendent la musique tangible \u00e0 un niveau \u00e9motionnel intense. Qu&rsquo;il s&rsquo;agisse d&rsquo;artistes, d&rsquo;\u00e9tudiants ou de personnes qui ne ma\u00eetrisent pas un instrument : les participants abordent la musique de mani\u00e8re non conventionnelle, remettent en question les modes de pens\u00e9e et \u00e9largissent leurs horizons musicaux. Un d\u00e9fi. Une exp\u00e9rience. Une exp\u00e9rience importante pour le travail artistique personnel.[\/vc_column_text]<div class=\"ult-spacer spacer-69d8e3d9cc9d1\" data-id=\"69d8e3d9cc9d1\" data-height=\"20\" data-height-mobile=\"20\" data-height-tab=\"20\" data-height-tab-portrait=\"\" data-height-mobile-landscape=\"\" style=\"clear:both;display:block;\"><\/div>[vc_column_text]<a class=\"cb-link\" style=\"display: none;\" href=\"#\">Acc\u00e9der aux ateliers<\/a>[\/vc_column_text][\/vc_column_inner][\/vc_row_inner][\/vc_column][\/vc_row][vc_row][vc_column]<div class=\"ult-spacer spacer-69d8e3d9cc9eb\" data-id=\"69d8e3d9cc9eb\" data-height=\"60\" data-height-mobile=\"0\" data-height-tab=\"\" data-height-tab-portrait=\"\" data-height-mobile-landscape=\"0\" style=\"clear:both;display:block;\"><\/div>[\/vc_column][\/vc_row][vc_row full_width=\u00a0\u00bbstretch_row\u00a0\u00bb content_placement=\u00a0\u00bbmiddle\u00a0\u00bb el_class=\u00a0\u00bbaktuelles-div aktuelles-div-resp-2&Prime;][vc_column][vc_row_inner content_placement=\u00a0\u00bbmiddle\u00a0\u00bb el_class=\u00a0\u00bbevent-div\u00a0\u00bb][vc_column_inner width=\u00a0\u00bb1\/3&Prime;][\/vc_column_inner][vc_column_inner el_class=\u00a0\u00bbaktuelles-text-1&Prime; width=\u00a0\u00bb2\/3&Prime;]<div class=\"ult-spacer spacer-69d8e3d9cca02\" data-id=\"69d8e3d9cca02\" data-height=\"20\" data-height-mobile=\"50\" data-height-tab=\"\" data-height-tab-portrait=\"\" data-height-mobile-landscape=\"50\" style=\"clear:both;display:block;\"><\/div>[vc_column_text]<\/p>\n<h2 class=\"cb-white\">Concerts et dates actuels :<br \/>\n<span class=\"cb-spin\" style=\"opacity: .8;\">Entendre et admirer Claudia Janet Birkholz !<\/span><\/h2>\n<p>[\/vc_column_text][vc_column_text]Ses concerts et \u00e9v\u00e9nements sont un moment fort culturel : ici vous d\u00e9couvrirez en un coup d&rsquo;\u0153il o\u00f9 Claudia Janet Birkholz se produira dans un proche avenir.[\/vc_column_text][vc_column_text]<a class=\"cb-link-invert\" href=\"#\">Acc\u00e9der \u00e0 l&rsquo;aper\u00e7u des dates<\/a>[\/vc_column_text]<div class=\"ult-spacer spacer-69d8e3d9cca17\" data-id=\"69d8e3d9cca17\" data-height=\"0\" data-height-mobile=\"300\" data-height-tab=\"\" data-height-tab-portrait=\"\" data-height-mobile-landscape=\"300\" style=\"clear:both;display:block;\"><\/div>[\/vc_column_inner][\/vc_row_inner][\/vc_column][\/vc_row][vc_row][vc_column]<div class=\"ult-spacer spacer-69d8e3d9cca2b\" data-id=\"69d8e3d9cca2b\" data-height=\"60\" data-height-mobile=\"60\" data-height-tab=\"60\" data-height-tab-portrait=\"\" data-height-mobile-landscape=\"\" style=\"clear:both;display:block;\"><\/div>[\/vc_column][\/vc_row][vc_row content_placement=\u00a0\u00bbmiddle\u00a0\u00bb el_class=\u00a0\u00bbvita-div\u00a0\u00bb][vc_column][vc_row_inner content_placement=\u00a0\u00bbmiddle\u00a0\u00bb][vc_column_inner width=\u00a0\u00bb1\/2&Prime;][vc_raw_html]PGRpdj4NCjxoMT5WaXRhPGRpdiBjbGFzcz0iY2ItaC1saW5lIj48L2Rpdj48L2gxPg0KPC9kaXY+[\/vc_raw_html][vc_column_text]Elle se produit en tant que soliste et dans un ensemble dans des festivals internationaux de renom. D\u00e9veloppe des programmes avec lesquels sa musique \u00e9volue dans de nouvelles directions. Elle met en sc\u00e8ne des performances dont on se souviendra longtemps. Claudia Janet Birkholz, n\u00e9e \u00e0 Br\u00eame, aime et vit la musique contemporaine sous toutes ses facettes. Et en tant qu&rsquo;interpr\u00e8te sollicit\u00e9e de musique pour piano, avec son travail artistique, elle appartient \u00e0 l&rsquo;\u00e9lite mondiale de l&rsquo;art sonore contemporain.[\/vc_column_text][vc_column_text]<a class=\"cb-link\" href=\"http:\/\/claudiabirkholz.de\/fr\/vita\/\">En savoir plus<\/a>[\/vc_column_text]<div class=\"ult-spacer spacer-69d8e3d9cca3f\" data-id=\"69d8e3d9cca3f\" data-height=\"0\" data-height-mobile=\"200\" data-height-tab=\"\" data-height-tab-portrait=\"\" data-height-mobile-landscape=\"200\" style=\"clear:both;display:block;\"><\/div>[\/vc_column_inner][vc_column_inner width=\u00a0\u00bb1\/2&Prime;][\/vc_column_inner][\/vc_row_inner][\/vc_column][\/vc_row][vc_row content_placement=\u00a0\u00bbmiddle\u00a0\u00bb el_class=\u00a0\u00bbanfrage-div\u00a0\u00bb][vc_column][vc_row_inner][vc_column_inner]<div class=\"ult-spacer spacer-69d8e3d9cca51\" data-id=\"69d8e3d9cca51\" data-height=\"50\" data-height-mobile=\"50\" data-height-tab=\"50\" data-height-tab-portrait=\"\" data-height-mobile-landscape=\"\" style=\"clear:both;display:block;\"><\/div>[\/vc_column_inner][\/vc_row_inner][vc_row_inner content_placement=\u00a0\u00bbmiddle\u00a0\u00bb][vc_column_inner width=\u00a0\u00bb2\/3&Prime;][vc_column_text css=\u00a0\u00bb.vc_custom_1604321531011{margin-bottom: 0px !important;border-bottom-width: 0px !important;padding-bottom: 0px !important;}\u00a0\u00bb]<\/p>\n<h3>Faites la connaissance de Claudia Janet Birkholz<\/h3>\n<p>[\/vc_column_text]<div class=\"ult-spacer spacer-69d8e3d9cca63\" data-id=\"69d8e3d9cca63\" data-height=\"20\" data-height-mobile=\"20\" data-height-tab=\"20\" data-height-tab-portrait=\"\" data-height-mobile-landscape=\"\" style=\"clear:both;display:block;\"><\/div>[vc_column_text]Performances, concerts rencontres, ateliers ou \u00e9changes scientifiques et culturels : Claudia Janet Birkholz propose des programmes et des formats pour une grande vari\u00e9t\u00e9 d&rsquo;occasions et d&rsquo;exigences et est \u00e9galement ouverte \u00e0 de nouvelles impulsions. N&rsquo;h\u00e9sitez pas \u00e0 nous contacter pour un entretien sans engagement afin de r\u00e9pondre \u00e0 vos demandes &#8211; et vivez avec nous des moments sp\u00e9ciaux de l&rsquo;art sonore dans une nouvelle dimension.[\/vc_column_text][vc_raw_html]PGEgaHJlZj0iaHR0cHM6Ly9jbGF1ZGlhLWJpcmtob2x6LmRlL2ZyL2FuZnJhZ2VuLyIgY2xhc3M9ImNiLWJ0biI+UmVuc2VpZ25lei12b3VzIG1haW50ZW5hbnQ8aSBjbGFzcz0iZmFzIGZhLWxvbmctYXJyb3ctYWx0LXJpZ2h0IGNiLWJ0bi1pLXIiPjwvaT48L2E+[\/vc_raw_html][\/vc_column_inner][vc_column_inner width=\u00a0\u00bb1\/3&Prime;][\/vc_column_inner][\/vc_row_inner][\/vc_column][\/vc_row][vc_row][vc_column]<div class=\"ult-spacer spacer-69d8e3d9cca7d\" data-id=\"69d8e3d9cca7d\" data-height=\"60\" data-height-mobile=\"0\" data-height-tab=\"\" data-height-tab-portrait=\"\" data-height-mobile-landscape=\"0\" style=\"clear:both;display:block;\"><\/div>[\/vc_column][\/vc_row]<\/p>\n<\/section>","protected":false},"excerpt":{"rendered":"<p>[vc_row full_width=\u00a0\u00bbstretch_row_content\u00a0\u00bb el_class=\u00a0\u00bbstart-div\u00a0\u00bb css=\u00a0\u00bb.vc_custom_1603969818573{padding-right: 0px !important;padding-left: 0px !important;}\u00a0\u00bb][vc_column css=\u00a0\u00bb.vc_custom_1603969824773{padding-right: 0px !important;padding-left: 0px !important;}\u00a0\u00bb][vc_raw_html]PGRpdiBjbGFzcz0iYmlyay1oZWFkZXIiPjwvZGl2Pg0K[\/vc_raw_html][\/vc_column][\/vc_row][vc_row][vc_column][vc_row_inner][vc_column_inner][vc_column_text] Musicienne passionn\u00e9e. Pianiste de concert du monde. [\/vc_column_text][vc_column_text]Musique! Parfois expressive et virtuose du son, parfois d\u00e9licate et finement color\u00e9e: Claudia Janet Birkholz a d\u00e9di\u00e9 l&rsquo;ensemble de son travail artistique \u00e0 l&rsquo;art sonore. La profondeur infinie de son univers musical, sa ma\u00eetrise technique&hellip;<\/p>\n","protected":false},"author":1,"featured_media":2901,"parent":0,"menu_order":0,"comment_status":"closed","ping_status":"closed","template":"","meta":[],"yoast_head":"<!-- This site is optimized with the Yoast SEO plugin v15.9.2 - https:\/\/yoast.com\/wordpress\/plugins\/seo\/ -->\n<title>Page d&#039;accueil - Claudia Janet Birkholz<\/title>\n<meta name=\"robots\" content=\"noindex, follow, max-snippet:-1, max-image-preview:large, max-video-preview:-1\" \/>\n<meta property=\"og:locale\" content=\"fr_FR\" \/>\n<meta property=\"og:type\" content=\"article\" \/>\n<meta property=\"og:title\" content=\"Page d&#039;accueil - Claudia Janet Birkholz\" \/>\n<meta property=\"og:description\" content=\"[vc_row full_width=\u00a0\u00bbstretch_row_content\u00a0\u00bb el_class=\u00a0\u00bbstart-div\u00a0\u00bb css=\u00a0\u00bb.vc_custom_1603969818573{padding-right: 0px !important;padding-left: 0px !important;}\u00a0\u00bb][vc_column css=\u00a0\u00bb.vc_custom_1603969824773{padding-right: 0px !important;padding-left: 0px !important;}\u00a0\u00bb][vc_raw_html]PGRpdiBjbGFzcz0iYmlyay1oZWFkZXIiPjwvZGl2Pg0K[\/vc_raw_html][\/vc_column][\/vc_row][vc_row][vc_column][vc_row_inner][vc_column_inner][vc_column_text] Musicienne passionn\u00e9e. Pianiste de concert du monde. [\/vc_column_text][vc_column_text]Musique! Parfois expressive et virtuose du son, parfois d\u00e9licate et finement color\u00e9e: Claudia Janet Birkholz a d\u00e9di\u00e9 l&rsquo;ensemble de son travail artistique \u00e0 l&rsquo;art sonore. La profondeur infinie de son univers musical, sa ma\u00eetrise technique&hellip;\" \/>\n<meta property=\"og:url\" content=\"https:\/\/portfolio.yd-media.de\/birkholz\/fr\/\" \/>\n<meta property=\"og:site_name\" content=\"Claudia Janet Birkholz\" \/>\n<meta property=\"article:publisher\" content=\"https:\/\/www.facebook.com\/CJBirkholz\" \/>\n<meta property=\"article:modified_time\" content=\"2020-12-16T14:45:33+00:00\" \/>\n<meta property=\"og:image\" content=\"https:\/\/portfolio.yd-media.de\/birkholz\/wp-content\/uploads\/2020\/12\/cjb-social-img.jpg\" \/>\n\t<meta property=\"og:image:width\" content=\"1200\" \/>\n\t<meta property=\"og:image:height\" content=\"630\" \/>\n<meta name=\"twitter:card\" content=\"summary_large_image\" \/>\n<meta name=\"twitter:label1\" content=\"Dur\u00e9e de lecture est.\">\n\t<meta name=\"twitter:data1\" content=\"6 minutes\">\n<script type=\"application\/ld+json\" class=\"yoast-schema-graph\">{\"@context\":\"https:\/\/schema.org\",\"@graph\":[{\"@type\":\"WebSite\",\"@id\":\"https:\/\/portfolio.yd-media.de\/birkholz\/#website\",\"url\":\"https:\/\/portfolio.yd-media.de\/birkholz\/\",\"name\":\"Claudia Janet Birkholz\",\"description\":\"Claudia Janet Birkholz ist Pianistin und Dozentin f\\u00fcr Klavier und zeitgen\\u00f6ssische Musik an der Hochschule f\\u00fcr K\\u00fcnste Bremen (HfK).\",\"potentialAction\":[{\"@type\":\"SearchAction\",\"target\":\"https:\/\/portfolio.yd-media.de\/birkholz\/?s={search_term_string}\",\"query-input\":\"required name=search_term_string\"}],\"inLanguage\":\"fr-FR\"},{\"@type\":\"ImageObject\",\"@id\":\"https:\/\/portfolio.yd-media.de\/birkholz\/fr\/#primaryimage\",\"inLanguage\":\"fr-FR\",\"url\":\"https:\/\/portfolio.yd-media.de\/birkholz\/wp-content\/uploads\/2020\/12\/cjb-social-img.jpg\",\"width\":1200,\"height\":630},{\"@type\":\"WebPage\",\"@id\":\"https:\/\/portfolio.yd-media.de\/birkholz\/fr\/#webpage\",\"url\":\"https:\/\/portfolio.yd-media.de\/birkholz\/fr\/\",\"name\":\"Page d'accueil - Claudia Janet Birkholz\",\"isPartOf\":{\"@id\":\"https:\/\/portfolio.yd-media.de\/birkholz\/#website\"},\"primaryImageOfPage\":{\"@id\":\"https:\/\/portfolio.yd-media.de\/birkholz\/fr\/#primaryimage\"},\"datePublished\":\"2020-12-07T16:27:09+00:00\",\"dateModified\":\"2020-12-16T14:45:33+00:00\",\"breadcrumb\":{\"@id\":\"https:\/\/portfolio.yd-media.de\/birkholz\/fr\/#breadcrumb\"},\"inLanguage\":\"fr-FR\",\"potentialAction\":[{\"@type\":\"ReadAction\",\"target\":[\"https:\/\/portfolio.yd-media.de\/birkholz\/fr\/\"]}]},{\"@type\":\"BreadcrumbList\",\"@id\":\"https:\/\/portfolio.yd-media.de\/birkholz\/fr\/#breadcrumb\",\"itemListElement\":[{\"@type\":\"ListItem\",\"position\":1,\"item\":{\"@type\":\"WebPage\",\"@id\":\"https:\/\/portfolio.yd-media.de\/birkholz\/fr\/\",\"url\":\"https:\/\/portfolio.yd-media.de\/birkholz\/fr\/\",\"name\":\"Startseite\"}},{\"@type\":\"ListItem\",\"position\":2,\"item\":{\"@type\":\"WebPage\",\"@id\":\"https:\/\/portfolio.yd-media.de\/birkholz\/fr\/\",\"url\":\"https:\/\/portfolio.yd-media.de\/birkholz\/fr\/\",\"name\":\"Page d&#8217;accueil\"}}]}]}<\/script>\n<!-- \/ Yoast SEO plugin. -->","_links":{"self":[{"href":"https:\/\/portfolio.yd-media.de\/birkholz\/fr\/wp-json\/wp\/v2\/pages\/843"}],"collection":[{"href":"https:\/\/portfolio.yd-media.de\/birkholz\/fr\/wp-json\/wp\/v2\/pages"}],"about":[{"href":"https:\/\/portfolio.yd-media.de\/birkholz\/fr\/wp-json\/wp\/v2\/types\/page"}],"author":[{"embeddable":true,"href":"https:\/\/portfolio.yd-media.de\/birkholz\/fr\/wp-json\/wp\/v2\/users\/1"}],"replies":[{"embeddable":true,"href":"https:\/\/portfolio.yd-media.de\/birkholz\/fr\/wp-json\/wp\/v2\/comments?post=843"}],"version-history":[{"count":11,"href":"https:\/\/portfolio.yd-media.de\/birkholz\/fr\/wp-json\/wp\/v2\/pages\/843\/revisions"}],"predecessor-version":[{"id":1737,"href":"https:\/\/portfolio.yd-media.de\/birkholz\/fr\/wp-json\/wp\/v2\/pages\/843\/revisions\/1737"}],"wp:featuredmedia":[{"embeddable":true,"href":"https:\/\/portfolio.yd-media.de\/birkholz\/fr\/wp-json\/wp\/v2\/media\/2901"}],"wp:attachment":[{"href":"https:\/\/portfolio.yd-media.de\/birkholz\/fr\/wp-json\/wp\/v2\/media?parent=843"}],"curies":[{"name":"wp","href":"https:\/\/api.w.org\/{rel}","templated":true}]}}