{"id":790,"date":"2020-11-30T16:22:05","date_gmt":"2020-11-30T15:22:05","guid":{"rendered":"http:\/\/claudiabirkholz.de\/media\/"},"modified":"2020-12-22T11:38:01","modified_gmt":"2020-12-22T10:38:01","slug":"media","status":"publish","type":"page","link":"https:\/\/portfolio.yd-media.de\/birkholz\/es\/media\/","title":{"rendered":"Medios de comunicaci\u00f3n"},"content":{"rendered":"<section class=\"wpb-content-wrapper\"><p>[vc_row full_width=\u00bbstretch_row\u00bb content_placement=\u00bbmiddle\u00bb video_bg=\u00bbyes\u00bb video_bg_url=\u00bb\u00bb bg_type=\u00bbvideo\u00bb video_url=\u00bbhttp:\/\/claudiabirkholz.de\/wp-content\/uploads\/2020\/11\/Sonata_5mb.mp4&#8243; video_opts=\u00bbloop,muted\u00bb video_poster=\u00bbid^528|url^http:\/\/claudiabirkholz.de\/wp-content\/uploads\/2020\/11\/media-bg.png|caption^null|alt^null|title^media-bg|description^null\u00bb bg_override=\u00bbfull\u00bb enable_overlay=\u00bbenable_overlay_value\u00bb overlay_color=\u00bb#0a0a0a\u00bb overlay_pattern=\u00bb01.png\u00bb overlay_pattern_opacity=\u00bb90&#8243;][vc_column][vc_row_inner][vc_column_inner][vc_raw_html]PHAgY2xhc3M9ImNiLWNydW1iIj48c3Bhbj48L3NwYW4+IE1lZGlvcyBkZSBjb211bmljYWNpw7NuPC9wPg==[\/vc_raw_html][vc_column_text]<\/p>\n<h1 class=\"cb-white\">Sondear <span style=\"opacity: 0.8;\">digitalmente.<\/span><\/h1>\n<h1 class=\"h1-2 cb-white\"><span style=\"opacity: 0.8;\">Vivirlo<\/span> en directo.<\/h1>\n<p>[\/vc_column_text][vc_column_text]<\/p>\n<p class=\"cb-white\">\u00bfEl arte sonoro contempor\u00e1neo es cosa del escenario? \u00a1Por supuesto! Pero tambi\u00e9n es una experiencia audiovisual, como demuestra Claudia Janet Birkholz. Junto con la prestigiosa cineasta Christine Jezior, cuyas obras han sido distinguidas en Italia, la India, Reino Unido y Estados Unidos, entre otros, produce v\u00eddeos musicales. Estos cortometrajes, que han recibido numerosos premios, captan los sonidos en im\u00e1genes, hacen que las historias puedan experimentarse emocionalmente en varios niveles y transmiten directamente al espectador el estado de \u00e1nimo de una composici\u00f3n mediante una elaborada visualizaci\u00f3n. Una cinematograf\u00eda emocionante que crea escenarios en ocasiones extraterrenales. Y, sobre todo, consiguen una cosa: abordar directamente el subconsciente con la m\u00fasica contempor\u00e1nea. En esta p\u00e1gina encontrar\u00e1 una selecci\u00f3n de los cortometrajes en los que ha participado Claudia Janet Birkholz.<\/p>\n<p>[\/vc_column_text]<div class=\"ult-spacer spacer-69d50d1592914\" data-id=\"69d50d1592914\" data-height=\"100\" data-height-mobile=\"50\" data-height-tab=\"\" data-height-tab-portrait=\"\" data-height-mobile-landscape=\"50\" style=\"clear:both;display:block;\"><\/div>[\/vc_column_inner][\/vc_row_inner][\/vc_column][\/vc_row][vc_row full_width=\u00bbstretch_row\u00bb bg_type=\u00bbgrad\u00bb css=\u00bb.vc_custom_1605270612150{background-color: #0c0c0c !important;}\u00bb bg_grad=\u00bbbackground: url(data:image\/svg+xml;base64,PHN2ZyB4bWxucz0iaHR0cDovL3d3dy53My5vcmcvMjAwMC9zdmciPjxkZWZzPjxsaW5lYXJHcmFkaWVudCBpZD0iZ3JhZGllbnQiIHgxPSIwJSIgeTE9IjAlIiB4Mj0iMCUiIHkyPSIxMDAlIj48c3RvcCBvZmZzZXQ9IjAlIiBzdHlsZT0ic3RvcC1jb2xvcjojMDAwMDAwOyIgLz48c3RvcCBvZmZzZXQ9IjcyJSIgc3R5bGU9InN0b3AtY29sb3I6IzI5MjkyOTsiIC8+PC9saW5lYXJHcmFkaWVudD48L2RlZnM+PHJlY3QgZmlsbD0idXJsKCNncmFkaWVudCkiIGhlaWdodD0iMTAwJSIgd2lkdGg9IjEwMCUiIC8+PC9zdmc+);background: -webkit-gradient(linear, left top, left bottom, color-stop(0%, #000000), color-stop(72%, #292929));background: -moz-linear-gradient(left,#000000 0%,#292929 72%);background: -webkit-linear-gradient(left,#000000 0%,#292929 72%);background: -o-linear-gradient(left,#000000 0%,#292929 72%);background: -ms-linear-gradient(left,#000000 0%,#292929 72%);background: linear-gradient(left,#000000 0%,#292929 72%);\u00bb][vc_column]<div class=\"ult-spacer spacer-69d50d159294a\" data-id=\"69d50d159294a\" data-height=\"50\" data-height-mobile=\"40\" data-height-tab=\"\" data-height-tab-portrait=\"\" data-height-mobile-landscape=\"40\" style=\"clear:both;display:block;\"><\/div>[vc_row_inner content_placement=\u00bbmiddle\u00bb el_class=\u00bbevent-div cb-small-width\u00bb][vc_column_inner][vc_column_text css_animation=\u00bbfadeIn\u00bb]<\/p>\n<h1 class=\"cb-white center\">Obras audiovisuales.<\/h1>\n<p>[\/vc_column_text]<div class=\"ult-spacer spacer-69d50d159296a\" data-id=\"69d50d159296a\" data-height=\"30\" data-height-mobile=\"20\" data-height-tab=\"\" data-height-tab-portrait=\"\" data-height-mobile-landscape=\"20\" style=\"clear:both;display:block;\"><\/div>[vc_column_text css_animation=\u00bbfadeIn\u00bb]<\/p>\n<p class=\"cb-white center-resp\">A Claudia Janet Birkholz no solo la seduce la interpretaci\u00f3n. En los \u00faltimos a\u00f1os se ha comprometido cada vez m\u00e1s con la industria audiovisual. Graba piezas contempor\u00e1neas y, junto con la internacionalmente aclamada directora de cine polaca Christine Jezior, desarrolla conceptos acerca de c\u00f3mo traducir las im\u00e1genes sonoras de manera cinematogr\u00e1fica. Este enfoque interdisciplinar ha dado lugar a obras f\u00edlmicas que, mediante un nivel gr\u00e1fico adicional, potencian la experiencia de la audici\u00f3n. Y, al mismo tiempo, aportan un nuevo significado al v\u00eddeo musical como tal. Este arte, a menudo instrumento de comercializaci\u00f3n de la m\u00fasica mainstream en la cultura actual, adquiere aqu\u00ed una funci\u00f3n completamente diferente, la de conformar un todo de imagen y sonido producido con una gran calidad, que incluye un universo sonoro completo y ofrece un nuevo acceso al arte sonoro contempor\u00e1neo.<\/p>\n<p>[\/vc_column_text][\/vc_column_inner][\/vc_row_inner]<div class=\"ult-spacer spacer-69d50d1592984\" data-id=\"69d50d1592984\" data-height=\"50\" data-height-mobile=\"50\" data-height-tab=\"50\" data-height-tab-portrait=\"\" data-height-mobile-landscape=\"\" style=\"clear:both;display:block;\"><\/div>[\/vc_column][\/vc_row][vc_row full_width=\u00bbstretch_row\u00bb css=\u00bb.vc_custom_1605270570500{background-color: #292929 !important;}\u00bb el_class=\u00bbcb-dark-div\u00bb][vc_column][vc_row_inner el_class=\u00bbcb-small-width\u00bb][vc_column_inner]<div class=\"ult-spacer spacer-69d50d15929a0\" data-id=\"69d50d15929a0\" data-height=\"50\" data-height-mobile=\"40\" data-height-tab=\"\" data-height-tab-portrait=\"\" data-height-mobile-landscape=\"40\" style=\"clear:both;display:block;\"><\/div>[vc_raw_html el_class=\u00bbcb-small-width\u00bb]PGgxIGNsYXNzPSJjYi1oaC1saW5lIj48aSBjbGFzcz0iZmFyIGZhLXBsYXktY2lyY2xlIj48L2k+IEFDVElORzxkaXYgY2xhc3M9ImNiLWgtbGluZS0zIj48L2Rpdj48L2gxPg==[\/vc_raw_html]<div class=\"ult-spacer spacer-69d50d15929b7\" data-id=\"69d50d15929b7\" data-height=\"30\" data-height-mobile=\"30\" data-height-tab=\"30\" data-height-tab-portrait=\"\" data-height-mobile-landscape=\"\" style=\"clear:both;display:block;\"><\/div><div id=\"ultimate-video-92169d50d1592a2d\" class=\"ult-video  ult-adjust-bottom-margin ultimate-video-92169d50d1592a2d ultv-6698 \"><div class=\"ultv-video ultv-aspect-ratio-16_9 ultv-subscribe-responsive-none\" data-videotype=\"uv_iframe\">\n\t\t\t\t\t\t<div class=\"ultv-video__outer-wrap\" data-autoplay=\"0\" data-device=\"false\"  data-iconbg=\"#3A3A3A\" data-overcolor=\"\" data-defaultbg=\"#1f1f1e\" data-defaultplay=\"defaulticon\"><div class=\"ultv-video__play\" data-src=\"https:\/\/www.youtube-nocookie.com\/embed\/r2L1W2jIKMk?rel=0&amp;start&amp;end&amp;controls=1&amp;mute=0&amp;modestbranding=0&amp;autoplay=1\">\n\t\t\t\t\t\t\t\t<img class=\"ultv-video__thumb\" src=\"https:\/\/i.ytimg.com\/vi\/r2L1W2jIKMk\/maxresdefault.jpg\"\/>\n\t\t\t\t\t\t\t\t<div class=\"ultv-video__play-icon  ultv-animation-none\" style=\"width:75px\"><svg height=\"100%\" version=\"1.1\" viewBox=\"0 0 68 48\" width=\"100%\"><path class=\"ultv-youtube-icon-bg\" d=\"m .66,37.62 c 0,0 .66,4.70 2.70,6.77 2.58,2.71 5.98,2.63 7.49,2.91 5.43,.52 23.10,.68 23.12,.68 .00,-1.3e-5 14.29,-0.02 23.81,-0.71 1.32,-0.15 4.22,-0.17 6.81,-2.89 2.03,-2.07 2.70,-6.77 2.70,-6.77 0,0 .67,-5.52 .67,-11.04 l 0,-5.17 c 0,-5.52 -0.67,-11.04 -0.67,-11.04 0,0 -0.66,-4.70 -2.70,-6.77 C 62.03,.86 59.13,.84 57.80,.69 48.28,0 34.00,0 34.00,0 33.97,0 19.69,0 10.18,.69 8.85,.84 5.95,.86 3.36,3.58 1.32,5.65 .66,10.35 .66,10.35 c 0,0 -0.55,4.50 -0.66,9.45 l 0,8.36 c .10,4.94 .66,9.45 .66,9.45 z\" fill=\"#1f1f1e\" ><\/path><path d=\"m 26.96,13.67 18.37,9.62 -18.37,9.55 -0.00,-19.17 z\" fill=\"#fff\"><\/path><path d=\"M 45.02,23.46 45.32,23.28 26.96,13.67 43.32,22.34 45.02,23.46 z\" fill=\"#ccc\"><\/path><\/svg><\/div> <\/div> <\/div><\/div><\/div>[\/vc_column_inner][\/vc_row_inner][vc_row_inner el_class=\u00bbcb-small-width cb-video-text\u00bb][vc_column_inner][vc_column_text]El cortometraje Acting es del a\u00f1o 2018 y se ocupa de un tema de rabiosa actualidad en nuestros tiempos, la propia optimizaci\u00f3n. Envueltos en retratos de perfecci\u00f3n, ilusiones superficiales de lo aparentemente necesario, aparece una mejor versi\u00f3n del yo siempre a nuestro alcance, siempre en nuestras proximidades, solo hay que esforzarse. Una aspiraci\u00f3n sin fin a la vida ideal con la m\u00e1xima influencia de la visi\u00f3n externa que no deja lugar a las debilidades, sin tiempo para la calma, sin satisfacci\u00f3n con el propio ser.<br \/>\n[\/vc_column_text][vc_column_text]<\/p>\n<p class=\"p1\">Claudia Janet Birkholz elabor\u00f3 el guion conjuntamente con Julina Nishimine, dise\u00f1\u00f3 el vestuario y compuso la m\u00fasica. El resultado ha sido una yuxtaposici\u00f3n art\u00edstica de palabras, ruidos y sonidos que reclama disciplina y un posterior desarrollo, ya sea en el deporte o en la interpretaci\u00f3n musical. Y, al final, una mirada a las ventanas ajenas, que siempre nos dice que a\u00fan no es suficiente.<\/p>\n<p>[\/vc_column_text][vc_column_text]<\/p>\n<p class=\"p1\">Una pel\u00edcula como un delirio y un dr\u00e1stico retrato de nuestra \u00e9poca que ha llegado a la selecci\u00f3n oficial de numerosos festivales y ha ganado premios en el Reino Unido, Venezuela, India, Turqu\u00eda, Brasil y Alemania, entre otros.<\/p>\n<p>[\/vc_column_text][vc_separator color=\u00bbcustom\u00bb accent_color=\u00bb#333333&#8243;][vc_column_text css=\u00bb.vc_custom_1605269597295{margin-bottom: 10px !important;margin-left: 5px !important;}\u00bb]<\/p>\n<h4 class=\"cb-white\">Equipo t\u00e9cnico<\/h4>\n<p>[\/vc_column_text][vc_raw_html]PHRhYmxlPg0KICA8dHI+DQogICAgPHRkPkRpcmVjdG9yYTwvdGQ+DQogICAgPHRkPkNocmlzdGluZSBKZXppb3I8L3RkPg0KICA8L3RyPg0KICA8dHI+DQogICAgPHRkPiBHdWlvbiA8L3RkPg0KICAgIDx0ZD4gQ2xhdWRpYSBCaXJraG9seiB5IEp1bGluYSBOaXNoaW1pbmUgPC90ZD4NCiAgPC90cj4NCiAgPHRyPg0KICAgIDx0ZD4gUHJvZHVjdG9yYSA8L3RkPg0KICAgIDx0ZD4gQ2hyaXN0aW5lIEplemlvciA8L3RkPg0KICA8L3RyPg0KICA8dHI+DQogICAgPHRkPiBEaXJlY3RvciBkZSBmb3RvZ3JhZsOtYSA8L3RkPg0KICAgIDx0ZD4gQmFydG9zeiBCaWFsb2JyemVza2kgPC90ZD4NCiAgPC90cj4NCiAgPHRyPg0KICAgIDx0ZD4gRGlzZcOxbyBkZSB2ZXN0dWFyaW8gPC90ZD4NCiAgICA8dGQ+IENsYXVkaWEgQmlya2hvbHogeSBKdWxpbmEgTmlzaGltaW5lIDwvdGQ+DQogIDwvdHI+DQogIDx0cj4NCiAgICA8dGQ+IFNvbmlkbyA8L3RkPg0KICAgIDx0ZD4gTWF0dGhpYXMgTm9yZGhvcm4gPC90ZD4NCiAgPC90cj4NCiAgPHRyPg0KICAgIDx0ZD4gTW9udGFqZSA8L3RkPg0KICAgIDx0ZD4gQmFydG9zeiBCaWFsb2JyemVza2k8L3RkPg0KICA8L3RyPg0KICA8dHI+DQogICAgPHRkPiBEaXNlw7FvIGRlIHNvbmlkbyA8L3RkPg0KICAgIDx0ZD4gTWF0dGhpYXMgTm9yZGhvcm4gPC90ZD4NCiAgPC90cj4NCiAgPHRyPg0KICAgIDx0ZD4gTcO6c2ljYSA8L3RkPg0KICAgIDx0ZD4gQ2xhdWRpYSBKYW5ldCBCaXJraG9seiA8L3RkPg0KICA8L3RyPg0KPC90YWJsZT4=[\/vc_raw_html][vc_column_text css=\u00bb.vc_custom_1605269869063{margin-bottom: 10px !important;margin-left: 5px !important;}\u00bb]<\/p>\n<h4 class=\"cb-white\">Reparto<\/h4>\n<p>[\/vc_column_text][vc_raw_html]PHRhYmxlPg0KICA8dHI+DQogICAgPHRkPk11amVyPC90ZD4NCiAgICA8dGQ+IENsYXVkaWEgSmFuZXQgQmlya2hvbHogPC90ZD4NCiAgPC90cj4NCiAgPHRyPg0KICAgIDx0ZD4gTW9uaXRvciBkZSBnaW1uYXNpbyA8L3RkPg0KICAgIDx0ZD4gSmFjZWsgS2FwdHVyZWsgPC90ZD4NCiAgPC90cj4NCiAgPHRyPg0KICAgIDx0ZD4gQ2hpY2EgdmVyZGUgPC90ZD4NCiAgICA8dGQ+IE5pY28gU2VlbWFubiA8L3RkPg0KICA8L3RyPg0KICA8dHI+DQogICAgPHRkPiBDaGljYSByb2phIDwvdGQ+DQogICAgPHRkPiBKdWxpbmEgTmlzaGltaW5lIDwvdGQ+DQogIDwvdHI+DQogIDx0cj4NCiAgICA8dGQ+IENoaWNhIGF6dWwgPC90ZD4NCiAgICA8dGQ+IEVtaWxpZSBOaXNoaW1pbmUgPC90ZD4NCiAgPC90cj4NCjwvdGFibGU+[\/vc_raw_html][\/vc_column_inner][\/vc_row_inner][\/vc_column][\/vc_row][vc_row full_width=\u00bbstretch_row\u00bb css=\u00bb.vc_custom_1605270570500{background-color: #292929 !important;}\u00bb el_class=\u00bbcb-dark-div\u00bb][vc_column][vc_row_inner el_class=\u00bbcb-small-width\u00bb][vc_column_inner]<div class=\"ult-spacer spacer-69d50d1592ad7\" data-id=\"69d50d1592ad7\" data-height=\"50\" data-height-mobile=\"50\" data-height-tab=\"50\" data-height-tab-portrait=\"\" data-height-mobile-landscape=\"\" style=\"clear:both;display:block;\"><\/div>[vc_raw_html el_class=\u00bbcb-small-width\u00bb]PGgxIGNsYXNzPSJjYi1oaC1saW5lIj48aSBjbGFzcz0iZmFyIGZhLXBsYXktY2lyY2xlIj48L2k+IFNPTkFUQTxkaXYgY2xhc3M9ImNiLWgtbGluZS0zIj48L2Rpdj48L2gxPg==[\/vc_raw_html]<div class=\"ult-spacer spacer-69d50d1592af1\" data-id=\"69d50d1592af1\" data-height=\"30\" data-height-mobile=\"30\" data-height-tab=\"30\" data-height-tab-portrait=\"\" data-height-mobile-landscape=\"\" style=\"clear:both;display:block;\"><\/div><div id=\"ultimate-video-381669d50d1592b1c\" class=\"ult-video  ult-adjust-bottom-margin ultimate-video-381669d50d1592b1c ultv-2082 \"><div class=\"ultv-video ultv-aspect-ratio-16_9 ultv-subscribe-responsive-none\" data-videotype=\"uv_iframe\">\n\t\t\t\t\t\t<div class=\"ultv-video__outer-wrap\" data-autoplay=\"0\" data-device=\"false\"  data-iconbg=\"#3A3A3A\" data-overcolor=\"\" data-defaultbg=\"#1f1f1e\" data-defaultplay=\"defaulticon\"><div class=\"ultv-video__play\" data-src=\"https:\/\/www.youtube-nocookie.com\/embed\/plRm4gZiYVk?rel=0&amp;start&amp;end&amp;controls=1&amp;mute=0&amp;modestbranding=0&amp;autoplay=1\">\n\t\t\t\t\t\t\t\t<img class=\"ultv-video__thumb\" src=\"https:\/\/i.ytimg.com\/vi\/plRm4gZiYVk\/maxresdefault.jpg\"\/>\n\t\t\t\t\t\t\t\t<div class=\"ultv-video__play-icon  ultv-animation-none\" style=\"width:75px\"><svg height=\"100%\" version=\"1.1\" viewBox=\"0 0 68 48\" width=\"100%\"><path class=\"ultv-youtube-icon-bg\" d=\"m .66,37.62 c 0,0 .66,4.70 2.70,6.77 2.58,2.71 5.98,2.63 7.49,2.91 5.43,.52 23.10,.68 23.12,.68 .00,-1.3e-5 14.29,-0.02 23.81,-0.71 1.32,-0.15 4.22,-0.17 6.81,-2.89 2.03,-2.07 2.70,-6.77 2.70,-6.77 0,0 .67,-5.52 .67,-11.04 l 0,-5.17 c 0,-5.52 -0.67,-11.04 -0.67,-11.04 0,0 -0.66,-4.70 -2.70,-6.77 C 62.03,.86 59.13,.84 57.80,.69 48.28,0 34.00,0 34.00,0 33.97,0 19.69,0 10.18,.69 8.85,.84 5.95,.86 3.36,3.58 1.32,5.65 .66,10.35 .66,10.35 c 0,0 -0.55,4.50 -0.66,9.45 l 0,8.36 c .10,4.94 .66,9.45 .66,9.45 z\" fill=\"#1f1f1e\" ><\/path><path d=\"m 26.96,13.67 18.37,9.62 -18.37,9.55 -0.00,-19.17 z\" fill=\"#fff\"><\/path><path d=\"M 45.02,23.46 45.32,23.28 26.96,13.67 43.32,22.34 45.02,23.46 z\" fill=\"#ccc\"><\/path><\/svg><\/div> <\/div> <\/div><\/div><\/div>[\/vc_column_inner][\/vc_row_inner][vc_row_inner el_class=\u00bbcb-small-width cb-video-text\u00bb][vc_column_inner][vc_column_text]<\/p>\n<p class=\"p1\">La b\u00fasqueda, la obtenci\u00f3n de la inspiraci\u00f3n en el propio entorno, el descubrimiento de lo nuevo y la combinaci\u00f3n con lo que ya conocemos. Recolectarlo todo como si se tratase de conchas en la playa e integrarlo en la propia interpretaci\u00f3n. John Cage ha demostrado con sus obras c\u00f3mo emergen nuevos paisajes musicales cuando uno se pone creativo con lo desconocido. Para esta Sonata ha preparado el piano de cola con pernos, tornillos y cintas de goma, lo que permite obtener sonidos completamente nuevos.<\/p>\n<p>[\/vc_column_text][vc_column_text]<\/p>\n<p class=\"p1\">En SONATA, un cortometraje en blanco y negro, Claudia Janet Birkholz interpreta una composici\u00f3n de John Cage \u2014e imbuye a la m\u00fasica de intensas im\u00e1genes que respaldan el viaje sonoro. Lo que al principio se advierte como un thriller psicol\u00f3gico, tomar\u00e1 un giro inesperado plagado de misterio hasta el \u00faltimo momento.<\/p>\n<p>[\/vc_column_text][vc_column_text]<\/p>\n<p class=\"p1\">Para el cortometraje de Christine Jezior, Claudia Janet Birkholz ha dise\u00f1ado el vestuario y se pone a s\u00ed misma ante la c\u00e1mara. Una impresionante obra que ha cosechado, adem\u00e1s, un gran reconocimiento internacional, entre otros, en festivales de cine de Suiza, B\u00e9lgica, Estados Unidos, Reino Unido, Grecia, Suecia, India, Argentina y Alemania.<\/p>\n<p>[\/vc_column_text][vc_separator color=\u00bbcustom\u00bb accent_color=\u00bb#333333&#8243;][vc_column_text css=\u00bb.vc_custom_1605269597295{margin-bottom: 10px !important;margin-left: 5px !important;}\u00bb]<\/p>\n<h4 class=\"cb-white\">Equipo t\u00e9cnico<\/h4>\n<p>[\/vc_column_text][vc_raw_html]PHRhYmxlPg0KICA8dHI+DQogICAgPHRkPkRpcmVjdG9yYTwvdGQ+DQogICAgPHRkPkNocmlzdGluZSBKZXppb3I8L3RkPg0KICA8L3RyPg0KICA8dHI+DQogICAgPHRkPiBHdWlvbiA8L3RkPg0KICAgIDx0ZD4gQ2hyaXN0aW5lIEplemlvciA8L3RkPg0KICA8L3RyPg0KICA8dHI+DQogICAgPHRkPiBQcm9kdWN0b3JhIDwvdGQ+DQogICAgPHRkPiBDaHJpc3RpbmUgSmV6aW9yLCBNQUFNIFRWIDwvdGQ+DQogIDwvdHI+DQogIDx0cj4NCiAgICA8dGQ+IERpcmVjdG9yIGRlIGZvdG9ncmFmw61hIDwvdGQ+DQogICAgPHRkPiBCYXJ0b3N6IEJpYWxvYnJ6ZXNraSA8L3RkPg0KICA8L3RyPg0KICA8dHI+DQogICAgPHRkPiBEaXNlw7FvIGRlIHZlc3R1YXJpbyA8L3RkPg0KICAgIDx0ZD4gQ2xhdWRpYSBKYW5ldCBCaXJraG9seiA8L3RkPg0KICA8L3RyPg0KICA8dHI+DQogICAgPHRkPiBTb25pZG8gPC90ZD4NCiAgICA8dGQ+IE1hdHRoaWFzIE5vcmRob3JuIDwvdGQ+DQogIDwvdHI+DQogIDx0cj4NCiAgICA8dGQ+IE1vbnRhamUgPC90ZD4NCiAgICA8dGQ+IEJhcnRvc3ogQmlhbG9icnplc2tpIDwvdGQ+DQogIDwvdHI+DQogIDx0cj4NCiAgICA8dGQ+IERpc2XDsW8gZGUgc29uaWRvIDwvdGQ+DQogICAgPHRkPiBNYXR0aGlhcyBOb3JkaG9ybiA8L3RkPg0KICA8L3RyPg0KICA8dHI+DQogICAgPHRkPiBNw7pzaWNhIDwvdGQ+DQogICAgPHRkPiBKb2huIENhZ2UgPC90ZD4NCiAgPC90cj4NCjwvdGFibGU+[\/vc_raw_html][vc_column_text css=\u00bb.vc_custom_1605269869063{margin-bottom: 10px !important;margin-left: 5px !important;}\u00bb]<\/p>\n<h4 class=\"cb-white\">Reparto<\/h4>\n<p>[\/vc_column_text][vc_raw_html]PHRhYmxlPg0KICA8dHI+DQogICAgPHRkPkNsYXVkaWEgSmFuZXQgQmlya2hvbHogPC90ZD4NCiAgICA8dGQ+IDwvdGQ+DQogIDwvdHI+DQoNCjwvdGFibGU+[\/vc_raw_html][\/vc_column_inner][\/vc_row_inner]<div class=\"ult-spacer spacer-69d50d1592b62\" data-id=\"69d50d1592b62\" data-height=\"50\" data-height-mobile=\"50\" data-height-tab=\"50\" data-height-tab-portrait=\"\" data-height-mobile-landscape=\"\" style=\"clear:both;display:block;\"><\/div>[vc_row_inner el_class=\u00bbcb-small-width\u00bb][vc_column_inner][vc_raw_html]PGlmcmFtZSBzcmM9Imh0dHBzOi8vb3Blbi5zcG90aWZ5LmNvbS9lbWJlZC1wb2RjYXN0L2VwaXNvZGUvNDl2dzhhNTJHSDFqTERySkdzQXRSdCIgd2lkdGg9IjEwMCUiIGhlaWdodD0iMjMyIiBmcmFtZWJvcmRlcj0iMCIgYWxsb3d0cmFuc3BhcmVuY3k9InRydWUiIGFsbG93PSJlbmNyeXB0ZWQtbWVkaWEiPjwvaWZyYW1lPg==[\/vc_raw_html]<div class=\"ult-spacer spacer-69d50d1592b7d\" data-id=\"69d50d1592b7d\" data-height=\"10\" data-height-mobile=\"10\" data-height-tab=\"10\" data-height-tab-portrait=\"\" data-height-mobile-landscape=\"\" style=\"clear:both;display:block;\"><\/div>[vc_separator color=\u00bbcustom\u00bb accent_color=\u00bb#666666&#8243;]<div class=\"ult-spacer spacer-69d50d1592b90\" data-id=\"69d50d1592b90\" data-height=\"10\" data-height-mobile=\"10\" data-height-tab=\"10\" data-height-tab-portrait=\"\" data-height-mobile-landscape=\"\" style=\"clear:both;display:block;\"><\/div>[\/vc_column_inner][\/vc_row_inner][vc_row_inner el_class=\u00bbcb-small-width\u00bb][vc_column_inner][vc_column_text]<\/p>\n<h3 class=\"cb-white\">Resultados espectaculares en colaboraci\u00f3n<\/h3>\n<p>[\/vc_column_text][vc_column_text]<\/p>\n<p class=\"p1\">\u00bfTiene alguna idea para un ciclo de conciertos, un cortometraje relacionado con la m\u00fasica contempor\u00e1nea o busca a alguien que traduzca su composici\u00f3n en im\u00e1genes? Estaremos encantados de recibir su solicitud para trabajar con Claudia Janet Birkholz. Ofrecemos asimismo a cineastas y vide\u00f3grafos experimentados la posibilidad de acompa\u00f1ar a Claudia Janet Birkholz en uno de sus conciertos.<\/p>\n<p>[\/vc_column_text][vc_raw_html]PGEgaHJlZj0iaHR0cHM6Ly9jbGF1ZGlhLWJpcmtob2x6LmRlL2VzL3NvbGljaXR1ZGVzLyIgY2xhc3M9ImNiLWJ0biBjYi1idG4tZGFyayI+U29saWNpdGFyIGFob3JhPGkgY2xhc3M9ImZhcyBmYS1sb25nLWFycm93LWFsdC1yaWdodCBjYi1idG4taS1yIj48L2k+PC9hPg==[\/vc_raw_html]<div class=\"ult-spacer spacer-69d50d1592ba4\" data-id=\"69d50d1592ba4\" data-height=\"100\" data-height-mobile=\"60\" data-height-tab=\"\" data-height-tab-portrait=\"\" data-height-mobile-landscape=\"60\" style=\"clear:both;display:block;\"><\/div>[\/vc_column_inner][\/vc_row_inner][\/vc_column][\/vc_row]<\/p>\n<\/section>","protected":false},"excerpt":{"rendered":"<p>[vc_row full_width=\u00bbstretch_row\u00bb content_placement=\u00bbmiddle\u00bb video_bg=\u00bbyes\u00bb video_bg_url=\u00bb\u00bb bg_type=\u00bbvideo\u00bb video_url=\u00bbhttp:\/\/claudiabirkholz.de\/wp-content\/uploads\/2020\/11\/Sonata_5mb.mp4&#8243; video_opts=\u00bbloop,muted\u00bb video_poster=\u00bbid^528|url^http:\/\/claudiabirkholz.de\/wp-content\/uploads\/2020\/11\/media-bg.png|caption^null|alt^null|title^media-bg|description^null\u00bb bg_override=\u00bbfull\u00bb enable_overlay=\u00bbenable_overlay_value\u00bb overlay_color=\u00bb#0a0a0a\u00bb overlay_pattern=\u00bb01.png\u00bb overlay_pattern_opacity=\u00bb90&#8243;][vc_column][vc_row_inner][vc_column_inner][vc_raw_html]PHAgY2xhc3M9ImNiLWNydW1iIj48c3Bhbj48L3NwYW4+IE1lZGlvcyBkZSBjb211bmljYWNpw7NuPC9wPg==[\/vc_raw_html][vc_column_text] Sondear digitalmente. Vivirlo en directo. [\/vc_column_text][vc_column_text] \u00bfEl arte sonoro contempor\u00e1neo es cosa del escenario? \u00a1Por supuesto! Pero tambi\u00e9n es una experiencia audiovisual, como demuestra Claudia Janet Birkholz. Junto con la prestigiosa cineasta Christine Jezior, cuyas obras han sido distinguidas en Italia,&hellip;<\/p>\n","protected":false},"author":1,"featured_media":2907,"parent":0,"menu_order":0,"comment_status":"closed","ping_status":"closed","template":"","meta":[],"yoast_head":"<!-- This site is optimized with the Yoast SEO plugin v15.9.2 - https:\/\/yoast.com\/wordpress\/plugins\/seo\/ -->\n<title>Medios de comunicaci\u00f3n - Claudia Janet Birkholz<\/title>\n<meta name=\"robots\" content=\"noindex, follow, max-snippet:-1, max-image-preview:large, max-video-preview:-1\" \/>\n<meta property=\"og:locale\" content=\"es_ES\" \/>\n<meta property=\"og:type\" content=\"article\" \/>\n<meta property=\"og:title\" content=\"Medios de comunicaci\u00f3n - Claudia Janet Birkholz\" \/>\n<meta property=\"og:description\" content=\"[vc_row full_width=\u00bbstretch_row\u00bb content_placement=\u00bbmiddle\u00bb video_bg=\u00bbyes\u00bb video_bg_url=\u00bb\u00bb bg_type=\u00bbvideo\u00bb video_url=\u00bbhttp:\/\/claudiabirkholz.de\/wp-content\/uploads\/2020\/11\/Sonata_5mb.mp4&#8243; video_opts=\u00bbloop,muted\u00bb video_poster=\u00bbid^528|url^http:\/\/claudiabirkholz.de\/wp-content\/uploads\/2020\/11\/media-bg.png|caption^null|alt^null|title^media-bg|description^null\u00bb bg_override=\u00bbfull\u00bb enable_overlay=\u00bbenable_overlay_value\u00bb overlay_color=\u00bb#0a0a0a\u00bb overlay_pattern=\u00bb01.png\u00bb overlay_pattern_opacity=\u00bb90&#8243;][vc_column][vc_row_inner][vc_column_inner][vc_raw_html]PHAgY2xhc3M9ImNiLWNydW1iIj48c3Bhbj48L3NwYW4+IE1lZGlvcyBkZSBjb211bmljYWNpw7NuPC9wPg==[\/vc_raw_html][vc_column_text] Sondear digitalmente. Vivirlo en directo. [\/vc_column_text][vc_column_text] \u00bfEl arte sonoro contempor\u00e1neo es cosa del escenario? \u00a1Por supuesto! Pero tambi\u00e9n es una experiencia audiovisual, como demuestra Claudia Janet Birkholz. Junto con la prestigiosa cineasta Christine Jezior, cuyas obras han sido distinguidas en Italia,&hellip;\" \/>\n<meta property=\"og:url\" content=\"https:\/\/portfolio.yd-media.de\/birkholz\/es\/media\/\" \/>\n<meta property=\"og:site_name\" content=\"Claudia Janet Birkholz\" \/>\n<meta property=\"article:publisher\" content=\"https:\/\/www.facebook.com\/CJBirkholz\" \/>\n<meta property=\"article:modified_time\" content=\"2020-12-22T10:38:01+00:00\" \/>\n<meta property=\"og:image\" content=\"https:\/\/portfolio.yd-media.de\/birkholz\/wp-content\/uploads\/2020\/12\/cjb-social-img.jpg\" \/>\n\t<meta property=\"og:image:width\" content=\"1200\" \/>\n\t<meta property=\"og:image:height\" content=\"630\" \/>\n<meta name=\"twitter:card\" content=\"summary_large_image\" \/>\n<meta name=\"twitter:label1\" content=\"Tiempo de lectura\">\n\t<meta name=\"twitter:data1\" content=\"10 minutos\">\n<script type=\"application\/ld+json\" class=\"yoast-schema-graph\">{\"@context\":\"https:\/\/schema.org\",\"@graph\":[{\"@type\":\"WebSite\",\"@id\":\"https:\/\/portfolio.yd-media.de\/birkholz\/#website\",\"url\":\"https:\/\/portfolio.yd-media.de\/birkholz\/\",\"name\":\"Claudia Janet Birkholz\",\"description\":\"Claudia Janet Birkholz ist Pianistin und Dozentin f\\u00fcr Klavier und zeitgen\\u00f6ssische Musik an der Hochschule f\\u00fcr K\\u00fcnste Bremen (HfK).\",\"potentialAction\":[{\"@type\":\"SearchAction\",\"target\":\"https:\/\/portfolio.yd-media.de\/birkholz\/?s={search_term_string}\",\"query-input\":\"required name=search_term_string\"}],\"inLanguage\":\"es\"},{\"@type\":\"ImageObject\",\"@id\":\"https:\/\/portfolio.yd-media.de\/birkholz\/es\/media\/#primaryimage\",\"inLanguage\":\"es\",\"url\":\"https:\/\/portfolio.yd-media.de\/birkholz\/wp-content\/uploads\/2020\/12\/cjb-social-img.jpg\",\"width\":1200,\"height\":630},{\"@type\":\"WebPage\",\"@id\":\"https:\/\/portfolio.yd-media.de\/birkholz\/es\/media\/#webpage\",\"url\":\"https:\/\/portfolio.yd-media.de\/birkholz\/es\/media\/\",\"name\":\"Medios de comunicaci\\u00f3n - Claudia Janet Birkholz\",\"isPartOf\":{\"@id\":\"https:\/\/portfolio.yd-media.de\/birkholz\/#website\"},\"primaryImageOfPage\":{\"@id\":\"https:\/\/portfolio.yd-media.de\/birkholz\/es\/media\/#primaryimage\"},\"datePublished\":\"2020-11-30T15:22:05+00:00\",\"dateModified\":\"2020-12-22T10:38:01+00:00\",\"breadcrumb\":{\"@id\":\"https:\/\/portfolio.yd-media.de\/birkholz\/es\/media\/#breadcrumb\"},\"inLanguage\":\"es\",\"potentialAction\":[{\"@type\":\"ReadAction\",\"target\":[\"https:\/\/portfolio.yd-media.de\/birkholz\/es\/media\/\"]}]},{\"@type\":\"BreadcrumbList\",\"@id\":\"https:\/\/portfolio.yd-media.de\/birkholz\/es\/media\/#breadcrumb\",\"itemListElement\":[{\"@type\":\"ListItem\",\"position\":1,\"item\":{\"@type\":\"WebPage\",\"@id\":\"https:\/\/portfolio.yd-media.de\/birkholz\/es\/\",\"url\":\"https:\/\/portfolio.yd-media.de\/birkholz\/es\/\",\"name\":\"Startseite\"}},{\"@type\":\"ListItem\",\"position\":2,\"item\":{\"@type\":\"WebPage\",\"@id\":\"https:\/\/portfolio.yd-media.de\/birkholz\/es\/media\/\",\"url\":\"https:\/\/portfolio.yd-media.de\/birkholz\/es\/media\/\",\"name\":\"Medios de comunicaci\\u00f3n\"}}]}]}<\/script>\n<!-- \/ Yoast SEO plugin. -->","_links":{"self":[{"href":"https:\/\/portfolio.yd-media.de\/birkholz\/es\/wp-json\/wp\/v2\/pages\/790"}],"collection":[{"href":"https:\/\/portfolio.yd-media.de\/birkholz\/es\/wp-json\/wp\/v2\/pages"}],"about":[{"href":"https:\/\/portfolio.yd-media.de\/birkholz\/es\/wp-json\/wp\/v2\/types\/page"}],"author":[{"embeddable":true,"href":"https:\/\/portfolio.yd-media.de\/birkholz\/es\/wp-json\/wp\/v2\/users\/1"}],"replies":[{"embeddable":true,"href":"https:\/\/portfolio.yd-media.de\/birkholz\/es\/wp-json\/wp\/v2\/comments?post=790"}],"version-history":[{"count":11,"href":"https:\/\/portfolio.yd-media.de\/birkholz\/es\/wp-json\/wp\/v2\/pages\/790\/revisions"}],"predecessor-version":[{"id":2698,"href":"https:\/\/portfolio.yd-media.de\/birkholz\/es\/wp-json\/wp\/v2\/pages\/790\/revisions\/2698"}],"wp:featuredmedia":[{"embeddable":true,"href":"https:\/\/portfolio.yd-media.de\/birkholz\/es\/wp-json\/wp\/v2\/media\/2907"}],"wp:attachment":[{"href":"https:\/\/portfolio.yd-media.de\/birkholz\/es\/wp-json\/wp\/v2\/media?parent=790"}],"curies":[{"name":"wp","href":"https:\/\/api.w.org\/{rel}","templated":true}]}}