{"id":58833,"date":"2019-09-02T09:29:06","date_gmt":"2019-09-02T07:29:06","guid":{"rendered":"http:\/\/backup.ag-development.de\/?page_id=58833"},"modified":"2021-02-11T13:46:41","modified_gmt":"2021-02-11T12:46:41","slug":"impressum","status":"publish","type":"page","link":"https:\/\/portfolio.yd-media.de\/aggmbh\/impressum\/","title":{"rendered":"Impressum"},"content":{"rendered":"<section class=\"wpb-content-wrapper\"><p>[vc_row gap=&#8220;35&#8243;][vc_column width=&#8220;1\/2&#8243;]<div class=\"ult-spacer spacer-69d630fa8f713\" data-id=\"69d630fa8f713\" data-height=\"85\" data-height-mobile=\"85\" data-height-tab=\"85\" data-height-tab-portrait=\"\" data-height-mobile-landscape=\"\" style=\"clear:both;display:block;\"><\/div>[vc_column_text]<\/p>\n<h1 class=\"i-h1 apple\">Impressum<\/h1>\n<p>[\/vc_column_text][\/vc_column][vc_column width=&#8220;1\/2&#8243;][\/vc_column][\/vc_row][vc_row][vc_column width=&#8220;1\/4&#8243;][vc_column_text]<\/p>\n<p class=\"i-p apple\">A &amp; G GmbH<br \/>\nAm Wall 113<br \/>\n28195 Bremen<\/p>\n<p>[\/vc_column_text][\/vc_column][vc_column width=&#8220;1\/4&#8243;][vc_column_text]<\/p>\n<p class=\"i-p apple\">Telefon: +49 421 176 676 0<br \/>\nE-Mail: management@aug-software.de<br \/>\nGesch\u00e4ftsf\u00fchrer: Amir Karimi<\/p>\n<p>[\/vc_column_text][\/vc_column][vc_column width=&#8220;1\/4&#8243;][vc_column_text]<\/p>\n<p class=\"i-p apple\">Eintragung im Handelsregister.<br \/>\nRegistergericht: Amtsgericht Bremen<br \/>\nRegisternummer: HRB 32463 HB<\/p>\n<p>[\/vc_column_text][\/vc_column][vc_column width=&#8220;1\/4&#8243;][vc_column_text]<\/p>\n<p class=\"i-p apple\">Umsatzsteuer-Identifikationsnummer<br \/>\ngem\u00e4\u00df \u00a727 a Umsatzsteuergesetz:<br \/>\nDE 312942794<\/p>\n<p>[\/vc_column_text][\/vc_column][\/vc_row][vc_row][vc_column]<div class=\"ult-spacer spacer-69d630fa8f733\" data-id=\"69d630fa8f733\" data-height=\"15\" data-height-mobile=\"15\" data-height-tab=\"15\" data-height-tab-portrait=\"\" data-height-mobile-landscape=\"\" style=\"clear:both;display:block;\"><\/div>[vc_separator]<div class=\"ult-spacer spacer-69d630fa8f748\" data-id=\"69d630fa8f748\" data-height=\"15\" data-height-mobile=\"15\" data-height-tab=\"15\" data-height-tab-portrait=\"\" data-height-mobile-landscape=\"\" style=\"clear:both;display:block;\"><\/div>[\/vc_column][\/vc_row][vc_row][vc_column width=&#8220;1\/2&#8243;][vc_column_text]<\/p>\n<h2 class=\"i-h2 apple\">Haftung f\u00fcr Inhalte<\/h2>\n<p>[\/vc_column_text][vc_column_text]<\/p>\n<p class=\"i-p apple\">Als Diensteanbieter sind wir gem\u00e4\u00df \u00a7 7 Abs.1 TMG f\u00fcr eigene Inhalte auf diesen Seiten nach den allgemeinen Gesetzen verantwortlich. Nach \u00a7\u00a7 8 bis 10 TMG sind wir als Diensteanbieter jedoch nicht verpflichtet, \u00fcbermittelte oder gespeicherte fremde Informationen zu \u00fcberwachen oder nach Umst\u00e4nden zu forschen, die auf eine rechtswidrige T\u00e4tigkeit hinweisen. Verpflichtungen zur Entfernung oder Sperrung der Nutzung von Informationen nach den allgemeinen Gesetzen bleiben hiervon unber\u00fchrt. Eine diesbez\u00fcgliche Haftung ist jedoch erst ab dem Zeitpunkt der Kenntnis einer konkreten Rechtsverletzung m\u00f6glich. Bei Bekanntwerden von entsprechenden Rechtsverletzungen werden wir diese Inhalte umgehend entfernen.<\/p>\n<p>[\/vc_column_text][vc_column_text]<\/p>\n<h2 class=\"i-h2 apple\">Haftung f\u00fcr Daten<\/h2>\n<p>[\/vc_column_text][vc_column_text]<\/p>\n<p class=\"i-p apple\">Die Betreiber dieser Seiten nehmen den Schutz Ihrer pers\u00f6nlichen Daten sehr ernst. Wir behandeln Ihre personenbezogenen Daten vertraulich und entsprechend der gesetzlichen Datenschutzvorschriften sowie dieser Datenschutzerkl\u00e4rung. Die Nutzung unserer Webseite ist in der Regel ohne Angabe personenbezogener Daten m\u00f6glich. Soweit auf unseren Seiten personenbezogene Daten (beispielsweise Name, Anschrift oder E-Mail-Adressen) erhoben werden, erfolgt dies, soweit m\u00f6glich, stets auf freiwilliger Basis. Diese Daten werden ohne Ihre ausdr\u00fcckliche Zustimmung nicht an Dritte weitergegeben. Wir weisen darauf hin, dass die Daten\u00fcbertragung im Internet (z.B. bei der Kommunikation per E-Mail) Sicherheitsl\u00fccken aufweisen kann. Ein l\u00fcckenloser Schutz der Daten vor dem Zugriff durch Dritte ist nicht m\u00f6glich.<\/p>\n<p>[\/vc_column_text][\/vc_column][vc_column width=&#8220;1\/2&#8243;][vc_column_text]<\/p>\n<h2 class=\"i-h2 apple\">Haftung f\u00fcr Links<\/h2>\n<p>[\/vc_column_text][vc_column_text]<\/p>\n<p class=\"i-p apple\">Unser Angebot enth\u00e4lt Links zu externen Webseiten Dritter, auf deren Inhalte wir keinen Einfluss haben. Deshalb k\u00f6nnen wir f\u00fcr diese fremden Inhalte auch keine Gew\u00e4hr \u00fcbernehmen. F\u00fcr die Inhalte der verlinkten Seiten ist stets der jeweilige Anbieter oder Betreiber der Seiten verantwortlich. Die verlinkten Seiten wurden zum Zeitpunkt der Verlinkung auf m\u00f6gliche Rechtsverst\u00f6\u00dfe \u00fcberpr\u00fcft. Rechtswidrige Inhalte waren zum Zeitpunkt der Verlinkung nicht erkennbar. Eine permanente inhaltliche Kontrolle der verlinkten Seiten ist jedoch ohne konkrete Anhaltspunkte einer Rechtsverletzung nicht zumutbar. Bei Bekanntwerden von Rechtsverletzungen werden wir derartige Links umgehend entfernen.<\/p>\n<p>[\/vc_column_text][vc_column_text]<\/p>\n<h2 class=\"i-h2 apple\">Urheberrecht<\/h2>\n<p>[\/vc_column_text][vc_column_text]<\/p>\n<p class=\"i-p apple\">Die durch die Seitenbetreiber erstellten Inhalte und Werke auf diesen Seiten unterliegen dem deutschen Urheberrecht. Die Vervielf\u00e4ltigung, Bearbeitung, Verbreitung und jede Art der Verwertung au\u00dferhalb der Grenzen des Urheberrechtes bed\u00fcrfen der schriftlichen Zustimmung des jeweiligen Autors bzw. Erstellers. Downloads und Kopien dieser Seite sind nur f\u00fcr den privaten, nicht kommerziellen Gebrauch gestattet. Soweit die Inhalte auf dieser Seite nicht vom Betreiber erstellt wurden, werden die Urheberrechte Dritter beachtet. Insbesondere werden Inhalte Dritter als solche gekennzeichnet. Sollten Sie trotzdem auf eine Urheberrechtsverletzung aufmerksam werden, bitten wir um einen entsprechenden Hinweis. Bei Bekanntwerden von Rechtsverletzungen werden wir derartige Inhalte umgehend entfernen.<\/p>\n<p>[\/vc_column_text][\/vc_column][\/vc_row][vc_row][vc_column width=&#8220;1\/2&#8243;][vc_column_text]<\/p>\n<h2 class=\"i-h2 apple\">Cookies<\/h2>\n<p>[\/vc_column_text][vc_column_text]<\/p>\n<p class=\"i-p apple\">Die Internetseiten verwenden teilweise so genannte Cookies. Cookies richten auf Ihrem Rechner keinen Schaden an und enthalten keine Viren. Cookies dienen dazu, unser Angebot nutzerfreundlicher, effektiver und sicherer zu machen. Cookies sind kleine Textdateien, die auf Ihrem Rechner abgelegt werden und die Ihr Browser speichert. Die meisten der von uns verwendeten Cookies sind so genannte \u201eSession-Cookies\u201c. Sie werden nach Ende Ihres Besuchs automatisch gel\u00f6scht. Andere Cookies bleiben auf Ihrem Endger\u00e4t gespeichert, bis Sie diese l\u00f6schen. Diese Cookies erm\u00f6glichen es uns, Ihren Browser beim n\u00e4chsten Besuch wiederzuerkennen.<\/p>\n<p class=\"i-p apple\">Sie k\u00f6nnen Ihren Browser so einstellen, dass Sie \u00fcber das Setzen von Cookies informiert werden und Cookies nur im Einzelfall erlauben, die Annahme von Cookies f\u00fcr bestimmte F\u00e4lle oder generell ausschlie\u00dfen sowie das automatische L\u00f6schen der Cookies beim Schlie\u00dfen des Browser aktivieren. Bei der Deaktivierung von Cookies kann die Funktionalit\u00e4t dieser Website eingeschr\u00e4nkt sein.<\/p>\n<p>[\/vc_column_text][\/vc_column][vc_column width=&#8220;1\/2&#8243;][vc_column_text]<\/p>\n<h2 class=\"i-h2 apple\">Server-Log-Files<\/h2>\n<p>[\/vc_column_text][vc_column_text]<\/p>\n<p class=\"i-p apple\">Der Provider der Seiten erhebt und speichert automatisch Informationen in so genannten Server-Log Files, die Ihr Browser automatisch an uns \u00fcbermittelt. Dies sind:<\/p>\n<ul class=\"apple\">\n<li>Browsertyp und Browserversion<\/li>\n<li>verwendetes Betriebssystem<\/li>\n<li>Referrer URL<\/li>\n<li>Hostname des zugreifenden Rechners<\/li>\n<li>Uhrzeit der Serveranfrage<\/li>\n<li>Aus Technischen Gr\u00fcnden wird Ihre IP Adresse gespeichert<\/li>\n<\/ul>\n<p class=\"i-p apple\">Diese Daten sind nicht bestimmten Personen zuordenbar. Eine Zusammenf\u00fchrung dieser Daten mit anderen Datenquellen wird nicht vorgenommen. Wir behalten uns vor, diese Daten nachtr\u00e4glich zu pr\u00fcfen, wenn uns konkrete Anhaltspunkte f\u00fcr eine rechtswidrige Nutzung bekannt werden.<\/p>\n<p>[\/vc_column_text][\/vc_column][\/vc_row][vc_row][vc_column][vc_row_inner][vc_column_inner][vc_column_text]<\/p>\n<h2 class=\"i-h2 apple\">Streitschlichtung<\/h2>\n<p>[\/vc_column_text][vc_column_text]<\/p>\n<p class=\"i-p apple\">Wir sind nicht bereit oder verpflichtet, an Streitbeilegungsverfahren vor einer Verbraucherschlichtungsstelle teilzunehmen.<\/p>\n<p>[\/vc_column_text][\/vc_column_inner][\/vc_row_inner][vc_row_inner][vc_column_inner width=&#8220;1\/2&#8243;]<div class=\"ult-spacer spacer-69d630fa8f757\" data-id=\"69d630fa8f757\" data-height=\"50\" data-height-mobile=\"50\" data-height-tab=\"50\" data-height-tab-portrait=\"\" data-height-mobile-landscape=\"\" style=\"clear:both;display:block;\"><\/div>[\/vc_column_inner][vc_column_inner width=&#8220;1\/2&#8243;][\/vc_column_inner][\/vc_row_inner][\/vc_column][\/vc_row]<\/p>\n<\/section>","protected":false},"excerpt":{"rendered":"<p>[vc_row gap=&#8220;35&#8243;][vc_column width=&#8220;1\/2&#8243;][vc_column_text] Impressum [\/vc_column_text][\/vc_column][vc_column width=&#8220;1\/2&#8243;][\/vc_column][\/vc_row][vc_row][vc_column width=&#8220;1\/4&#8243;][vc_column_text] A &amp; G GmbH Am Wall 113 28195 Bremen [\/vc_column_text][\/vc_column][vc_column width=&#8220;1\/4&#8243;][vc_column_text] Telefon: +49 421 176 676 0 E-Mail: management@aug-software.de Gesch\u00e4ftsf\u00fchrer: Amir Karimi [\/vc_column_text][\/vc_column][vc_column width=&#8220;1\/4&#8243;][vc_column_text] Eintragung im Handelsregister. Registergericht: Amtsgericht Bremen Registernummer: HRB 32463 HB [\/vc_column_text][\/vc_column][vc_column width=&#8220;1\/4&#8243;][vc_column_text] Umsatzsteuer-Identifikationsnummer gem\u00e4\u00df \u00a727 a Umsatzsteuergesetz: DE 312942794 [\/vc_column_text][\/vc_column][\/vc_row][vc_row][vc_column][vc_separator][\/vc_column][\/vc_row][vc_row][vc_column width=&#8220;1\/2&#8243;][vc_column_text] Haftung f\u00fcr Inhalte&hellip;<\/p>\n","protected":false},"author":10,"featured_media":0,"parent":0,"menu_order":0,"comment_status":"closed","ping_status":"closed","template":"","meta":[],"yoast_head":"<!-- This site is optimized with the Yoast SEO plugin v16.2 - https:\/\/yoast.com\/wordpress\/plugins\/seo\/ -->\n<title>Impressum<\/title>\n<meta name=\"description\" content=\"Impressum von A&amp;G GmbH - Bremen.\" \/>\n<meta name=\"robots\" content=\"noindex, follow, max-snippet:-1, max-image-preview:large, max-video-preview:-1\" \/>\n<meta property=\"og:locale\" content=\"de_DE\" \/>\n<meta property=\"og:type\" content=\"article\" \/>\n<meta property=\"og:title\" content=\"Impressum\" \/>\n<meta property=\"og:description\" content=\"Impressum von A&amp;G GmbH - Bremen.\" \/>\n<meta property=\"og:url\" content=\"https:\/\/portfolio.yd-media.de\/aggmbh\/impressum\/\" \/>\n<meta property=\"og:site_name\" content=\"A&amp;G GmbH\" \/>\n<meta property=\"article:publisher\" content=\"https:\/\/www.facebook.com\/A-G-GmbH-132520234126889\/\" \/>\n<meta property=\"article:modified_time\" content=\"2021-02-11T12:46:41+00:00\" \/>\n<meta property=\"og:image\" content=\"https:\/\/portfolio.yd-media.de\/aggmbh\/wp-content\/uploads\/2019\/08\/ag-development.jpg\" \/>\n\t<meta property=\"og:image:width\" content=\"1200\" \/>\n\t<meta property=\"og:image:height\" content=\"630\" \/>\n<meta name=\"twitter:card\" content=\"summary_large_image\" \/>\n<meta name=\"twitter:site\" content=\"@gmbh_a\" \/>\n<meta name=\"twitter:label1\" content=\"Gesch\u00e4tzte Lesezeit\">\n\t<meta name=\"twitter:data1\" content=\"5\u00a0Minuten\">\n<script type=\"application\/ld+json\" class=\"yoast-schema-graph\">{\"@context\":\"https:\/\/schema.org\",\"@graph\":[{\"@type\":\"Organization\",\"@id\":\"https:\/\/portfolio.yd-media.de\/aggmbh\/#organization\",\"name\":\"A&G GmbH\",\"url\":\"https:\/\/portfolio.yd-media.de\/aggmbh\/\",\"sameAs\":[\"https:\/\/www.facebook.com\/A-G-GmbH-132520234126889\/\",\"https:\/\/www.youtube.com\/channel\/UCCQs07sG_EY91XHd6cttnZQ\",\"https:\/\/twitter.com\/gmbh_a\"],\"logo\":{\"@type\":\"ImageObject\",\"@id\":\"https:\/\/portfolio.yd-media.de\/aggmbh\/#logo\",\"inLanguage\":\"de\",\"url\":\"https:\/\/yd-media.de\/portfolio\/webseiten\/aggmbh\/wp-content\/uploads\/2018\/07\/test1.png\",\"contentUrl\":\"https:\/\/yd-media.de\/portfolio\/webseiten\/aggmbh\/wp-content\/uploads\/2018\/07\/test1.png\",\"width\":600,\"height\":400,\"caption\":\"A&G GmbH\"},\"image\":{\"@id\":\"https:\/\/portfolio.yd-media.de\/aggmbh\/#logo\"}},{\"@type\":\"WebSite\",\"@id\":\"https:\/\/portfolio.yd-media.de\/aggmbh\/#website\",\"url\":\"https:\/\/portfolio.yd-media.de\/aggmbh\/\",\"name\":\"A&amp;G GmbH\",\"description\":\"Ein Softwareunternehmen aus Bremen\",\"publisher\":{\"@id\":\"https:\/\/portfolio.yd-media.de\/aggmbh\/#organization\"},\"potentialAction\":[{\"@type\":\"SearchAction\",\"target\":\"https:\/\/portfolio.yd-media.de\/aggmbh\/?s={search_term_string}\",\"query-input\":\"required name=search_term_string\"}],\"inLanguage\":\"de\"},{\"@type\":\"WebPage\",\"@id\":\"https:\/\/portfolio.yd-media.de\/aggmbh\/impressum\/#webpage\",\"url\":\"https:\/\/portfolio.yd-media.de\/aggmbh\/impressum\/\",\"name\":\"Impressum\",\"isPartOf\":{\"@id\":\"https:\/\/portfolio.yd-media.de\/aggmbh\/#website\"},\"datePublished\":\"2019-09-02T07:29:06+00:00\",\"dateModified\":\"2021-02-11T12:46:41+00:00\",\"description\":\"Impressum von A&G GmbH - Bremen.\",\"breadcrumb\":{\"@id\":\"https:\/\/portfolio.yd-media.de\/aggmbh\/impressum\/#breadcrumb\"},\"inLanguage\":\"de\",\"potentialAction\":[{\"@type\":\"ReadAction\",\"target\":[\"https:\/\/portfolio.yd-media.de\/aggmbh\/impressum\/\"]}]},{\"@type\":\"BreadcrumbList\",\"@id\":\"https:\/\/portfolio.yd-media.de\/aggmbh\/impressum\/#breadcrumb\",\"itemListElement\":[{\"@type\":\"ListItem\",\"position\":1,\"item\":{\"@type\":\"WebPage\",\"@id\":\"https:\/\/portfolio.yd-media.de\/aggmbh\/\",\"url\":\"https:\/\/portfolio.yd-media.de\/aggmbh\/\",\"name\":\"Startseite\"}},{\"@type\":\"ListItem\",\"position\":2,\"item\":{\"@id\":\"https:\/\/portfolio.yd-media.de\/aggmbh\/impressum\/#webpage\"}}]}]}<\/script>\n<!-- \/ Yoast SEO plugin. -->","_links":{"self":[{"href":"https:\/\/portfolio.yd-media.de\/aggmbh\/wp-json\/wp\/v2\/pages\/58833"}],"collection":[{"href":"https:\/\/portfolio.yd-media.de\/aggmbh\/wp-json\/wp\/v2\/pages"}],"about":[{"href":"https:\/\/portfolio.yd-media.de\/aggmbh\/wp-json\/wp\/v2\/types\/page"}],"author":[{"embeddable":true,"href":"https:\/\/portfolio.yd-media.de\/aggmbh\/wp-json\/wp\/v2\/users\/10"}],"replies":[{"embeddable":true,"href":"https:\/\/portfolio.yd-media.de\/aggmbh\/wp-json\/wp\/v2\/comments?post=58833"}],"version-history":[{"count":10,"href":"https:\/\/portfolio.yd-media.de\/aggmbh\/wp-json\/wp\/v2\/pages\/58833\/revisions"}],"predecessor-version":[{"id":59606,"href":"https:\/\/portfolio.yd-media.de\/aggmbh\/wp-json\/wp\/v2\/pages\/58833\/revisions\/59606"}],"wp:attachment":[{"href":"https:\/\/portfolio.yd-media.de\/aggmbh\/wp-json\/wp\/v2\/media?parent=58833"}],"curies":[{"name":"wp","href":"https:\/\/api.w.org\/{rel}","templated":true}]}}